{"id":15876,"date":"2022-12-01T10:32:40","date_gmt":"2022-12-01T09:32:40","guid":{"rendered":"http:\/\/ksiegarnia-akademicka.pl\/?post_type=product&#038;p=15876"},"modified":"2022-12-01T10:32:40","modified_gmt":"2022-12-01T09:32:40","slug":"koszty-notarialne-komentarz","status":"publish","type":"product","link":"http:\/\/ksiegarnia-akademicka.pl\/index.php\/product\/koszty-notarialne-komentarz\/","title":{"rendered":"Koszty notarialne. Komentarz"},"content":{"rendered":"<p>Autor: dr Piotr Marquardt, dr Juliusz Sawarzy\u0144ski, dr Andrzej Jan Szereda<br \/>\nSeria: Komentarze &amp; Linia orzecznicza<br \/>\nRok wydania: 2022<br \/>\nOprawa: Mi\u0119kka<br \/>\nLiczba stron: 216<br \/>\nWymiary: 145&#215;205 mm<br \/>\nWaga: 300 g<br \/>\nISBN: 978-83-8291-533-4<\/p>\n<p>Prezentowana publikacja stanowi praktyczny komentarz do rozporz\u0105dzenia Ministra Sprawiedliwo\u015bci z 28.6.2004 r. w sprawie maksymalnych stawek taksy notarialnej (t.j. Dz.U. z 2020 r. poz. 1473 ze zm.), w kt\u00f3rym okre\u015blono maksymalne stawki taksy notarialnej za czynno\u015bci notarialne oraz maksymalne kwoty, o kt\u00f3re mo\u017ce by\u0107 zwi\u0119kszone wynagrodzenie za dokonanie czynno\u015bci notarialnych poza kancelari\u0105 notarialn\u0105. Ponadto publikacja omawia przepisy wyst\u0119puj\u0105ce w innych aktach prawnych, kt\u00f3re dotycz\u0105 koszt\u00f3w notarialnych.<\/p>\n<p>Koszty notarialne to kwoty pobierane przez notariusza za dokonanie okre\u015blonej czynno\u015bci notarialnej. Opracowanie pomaga usystematyzowa\u0107 wiedz\u0119 z zakresu op\u0142at za czynno\u015bci notarialne, kt\u00f3rych maksymalna wysoko\u015b\u0107 jest zr\u00f3\u017cnicowana w zale\u017cno\u015bci od rodzaju wykonywanej czynno\u015bci oraz od warto\u015bci przedmiotu czynno\u015bci.<\/p>\n<p>W publikacji om\u00f3wiono nast\u0119puj\u0105ce zagadnienia:<\/p>\n<p>podstawy okre\u015blenia maksymalnej stawki;<br \/>\nmaksymalna stawka za okre\u015blone czynno\u015bci notarialne:<br \/>\nakty notarialne,<br \/>\nwypisy, odpisy, wyci\u0105gi,<br \/>\npo\u015bwiadczenia,<br \/>\nprotesty,<br \/>\ninne czynno\u015bci;<br \/>\nzwi\u0119kszone wynagrodzenie za czynno\u015bci notariusza dokonane poza kancelari\u0105 notarialn\u0105.<br \/>\nW opracowaniu om\u00f3wiono praktyczne aspekty problematyki zwi\u0105zanej z op\u0142atami pobieranymi przez notariuszy podczas czynno\u015bci notarialnych z uwzgl\u0119dnieniem aktualnego stanu prawnego oraz najnowszej linii orzeczniczej.<\/p>\n<p>Publikacja skierowana jest w szczeg\u00f3lno\u015bci do notariuszy, aplikant\u00f3w notarialnych, jak r\u00f3wnie\u017c do wszystkich os\u00f3b maj\u0105cych na co dzie\u0144 zwi\u0105zek z czynno\u015bciami notarialnymi, kt\u00f3re chcia\u0142yby pog\u0142\u0119bi\u0107 wiedz\u0119 z tego zakresu.<\/p>\n","protected":false},"excerpt":{"rendered":"<p>Autor: dr Piotr Marquardt, dr Juliusz Sawarzy\u0144ski, dr Andrzej Jan [&hellip;]<\/p>\n","protected":false},"featured_media":15877,"template":"","meta":[],"product_brand":[],"product_cat":[7491,18],"product_tag":[692,7689],"class_list":{"0":"post-15876","1":"product","2":"type-product","3":"status-publish","4":"has-post-thumbnail","6":"product_cat-cywilne","7":"product_cat-prawo","8":"product_tag-postepowanie-cywilne","9":"product_tag-seria-komentarze-i-linia-orzecznicza","11":"first","12":"instock","13":"sale","14":"shipping-taxable","15":"purchasable","16":"product-type-simple"},"_links":{"self":[{"href":"http:\/\/ksiegarnia-akademicka.pl\/index.php\/wp-json\/wp\/v2\/product\/15876","targetHints":{"allow":["GET"]}}],"collection":[{"href":"http:\/\/ksiegarnia-akademicka.pl\/index.php\/wp-json\/wp\/v2\/product"}],"about":[{"href":"http:\/\/ksiegarnia-akademicka.pl\/index.php\/wp-json\/wp\/v2\/types\/product"}],"wp:featuredmedia":[{"embeddable":true,"href":"http:\/\/ksiegarnia-akademicka.pl\/index.php\/wp-json\/wp\/v2\/media\/15877"}],"wp:attachment":[{"href":"http:\/\/ksiegarnia-akademicka.pl\/index.php\/wp-json\/wp\/v2\/media?parent=15876"}],"wp:term":[{"taxonomy":"product_brand","embeddable":true,"href":"http:\/\/ksiegarnia-akademicka.pl\/index.php\/wp-json\/wp\/v2\/product_brand?post=15876"},{"taxonomy":"product_cat","embeddable":true,"href":"http:\/\/ksiegarnia-akademicka.pl\/index.php\/wp-json\/wp\/v2\/product_cat?post=15876"},{"taxonomy":"product_tag","embeddable":true,"href":"http:\/\/ksiegarnia-akademicka.pl\/index.php\/wp-json\/wp\/v2\/product_tag?post=15876"}],"curies":[{"name":"wp","href":"https:\/\/api.w.org\/{rel}","templated":true}]}}