{"id":15842,"date":"2022-11-29T10:44:05","date_gmt":"2022-11-29T09:44:05","guid":{"rendered":"http:\/\/ksiegarnia-akademicka.pl\/?post_type=product&#038;p=15842"},"modified":"2022-11-29T10:44:06","modified_gmt":"2022-11-29T09:44:06","slug":"od-pomyslu-do-marki-kompletny-przewodnik-po-marketingu-strategicznym-od-pozycjonowania-po-komunikacje","status":"publish","type":"product","link":"http:\/\/ksiegarnia-akademicka.pl\/index.php\/product\/od-pomyslu-do-marki-kompletny-przewodnik-po-marketingu-strategicznym-od-pozycjonowania-po-komunikacje\/","title":{"rendered":"Od pomys\u0142u do marki Kompletny przewodnik po marketingu strategicznym, od pozycjonowania po komunikacj\u0119"},"content":{"rendered":"<p>Autor:<br \/>\nDaniela Bavuso<br \/>\nT\u0142umacze: \u0141ucki Zbigniew<br \/>\nWydawca: CeDeWu<br \/>\nOprawa: Mi\u0119kka<br \/>\nFormat: 16.5&#215;23.5cm<br \/>\nLiczba stron: 408<br \/>\nRok wydania: 2022<br \/>\nJ\u0119zyk wydania: polski<\/p>\n<p>MAPA PRAWID\u0141OWEGO I SKUTECZNEGO POZYCJONOWANIA MARKI ISTNIEJE<br \/>\n&#8211; ZNAJDZIESZ J\u0104 W TEJ KSI\u0104\u017bCE!<br \/>\nDZI\u0118KI NIEJ ZNAJOMO\u015a\u0106 MARKETINGU STRATEGICZNEGO STANIE SI\u0118 CZ\u0118\u015aCI\u0104<br \/>\nTAK\u017bE TWOJEJ WIEDZY ZAWODOWEJ.<\/p>\n<p>?    KREATYWNE KONCEPTY &#8211; jak powstaj\u0105, ich zwi\u0105zek z rynkiem, zmieniaj\u0105cym si\u0119 kontekstem oraz dynamik\u0105 ekonomicznych i finansowych czynnik\u00f3w organizacji.<br \/>\n?    ZGODNO\u015a\u0106 pomi\u0119dzy oferowanymi produktami\/us\u0142ugami, sposobem ich komunikowania oraz warto\u015bciami firmy i danej grupy spo\u0142ecznej &#8211; jak j\u0105 utrzyma\u0107.<br \/>\n?    DOG\u0141\u0118BNE ANALIZY PRZYPADK\u00d3W firm odnosz\u0105cych sukcesy w budowaniu silnej i znanej marki.<\/p>\n<p>Autorzy na podstawie swojego ponad 15-letniego do\u015bwiadczenia stworzyli oryginaln\u0105, kompletn\u0105 map\u0119 narz\u0119dzi marketingowych, prowadz\u0105c\u0105 firmy ustrukturyzowan\u0105 drog\u0105 &#8211; od pomys\u0142u na biznes a\u017c do zbudowania w\u0142asnej marki. Ksi\u0105\u017cka jest pe\u0142nym i wyczerpuj\u0105cym poradnikiem, jak &#8211; od zera &#8211; wprowadzi\u0107 na rynek zwyci\u0119ski projekt, wyznaczaj\u0105c w\u0142a\u015bciwy kierunek ju\u017c na starcie.<\/p>\n<p>Czytaj\u0105c t\u0119 ksi\u0105\u017ck\u0119, wiele razy b\u0119dziesz przyjmowa\u0107 perspektyw\u0119 stratega \u2013 aby\u015b tak\u017ce Ty nauczy\u0142 si\u0119<br \/>\nmy\u015ble\u0107 tak jak specjali\u015bci, z kt\u00f3rych porad prawdopodobnie zdarza\u0142o Ci si\u0119 ju\u017c korzysta\u0107.<\/p>\n<p>Celem niniejszej ksi\u0105\u017cki jest przedstawienie wiedzy odnosz\u0105cej si\u0119 do ca\u0142ego procesu pozycjonowania organizacji (od powstania strategicznej idei marki firmy do decyzji strategicznych \u0142\u0105cz\u0105cych cele w zakresie konkurencyjno\u015bci oraz komunikacji). Zaprezentowany model, oparty na praktycznych do\u015bwiadczeniach, jest gotowy do zastosowania nie tylko dla przedsi\u0119biorstw, instytucji i stowarzysze\u0144, ale te\u017c dla ma\u0142ych projekt\u00f3w b\u0105d\u017a oddzia\u0142\u00f3w firm staj\u0105cych przed konieczno\u015bci\u0105 zaprezentowania si\u0119 po raz pierwszy b\u0105d\u017a ponownego wypromowania si\u0119.<\/p>\n<p>Dzi\u0119ki wk\u0142adowi wielu znacz\u0105cych firm, kt\u00f3re udost\u0119pni\u0142y Autorom swoje do\u015bwiadczenia i specjalistyczny know-how, niniejsza ksi\u0105\u017cka nie jest teoretycznym podr\u0119cznikiem do studiowania, ale prawdziwym narz\u0119dziem do nawigacji, umo\u017cliwiaj\u0105cym pozyskanie \u2013 krok po kroku \u2013 wiedzy dotycz\u0105cej marketingu strategicznego. Ksi\u0105\u017cka ta jest przeznaczona dla ka\u017cdego, kto ma zamiar stworzy\u0107 lub repozycjonowa\u0107 projekt (firmowy lub nie), samemu lub w zespole, zarz\u0105dzaj\u0105c dynamicznymi strategiami, jego definicj\u0105 kulturow\u0105 i dystrybucj\u0105, a zw\u0142aszcza dla chc\u0105cych robi\u0107 to w wyj\u0105tkowy spos\u00f3b.<\/p>\n","protected":false},"excerpt":{"rendered":"<p>Autor: Daniela Bavuso T\u0142umacze: \u0141ucki Zbigniew Wydawca: CeDeWu Oprawa: Mi\u0119kka [&hellip;]<\/p>\n","protected":false},"featured_media":15843,"template":"","meta":[],"product_brand":[],"product_cat":[32,29],"product_tag":[1802,456,1807],"class_list":{"0":"post-15842","1":"product","2":"type-product","3":"status-publish","4":"has-post-thumbnail","6":"product_cat-biznes","7":"product_cat-marketing-i-reklama","8":"product_tag-biznes","9":"product_tag-marketing","10":"product_tag-strategie-marketingowe","12":"first","13":"instock","14":"sale","15":"shipping-taxable","16":"purchasable","17":"product-type-simple"},"_links":{"self":[{"href":"http:\/\/ksiegarnia-akademicka.pl\/index.php\/wp-json\/wp\/v2\/product\/15842","targetHints":{"allow":["GET"]}}],"collection":[{"href":"http:\/\/ksiegarnia-akademicka.pl\/index.php\/wp-json\/wp\/v2\/product"}],"about":[{"href":"http:\/\/ksiegarnia-akademicka.pl\/index.php\/wp-json\/wp\/v2\/types\/product"}],"wp:featuredmedia":[{"embeddable":true,"href":"http:\/\/ksiegarnia-akademicka.pl\/index.php\/wp-json\/wp\/v2\/media\/15843"}],"wp:attachment":[{"href":"http:\/\/ksiegarnia-akademicka.pl\/index.php\/wp-json\/wp\/v2\/media?parent=15842"}],"wp:term":[{"taxonomy":"product_brand","embeddable":true,"href":"http:\/\/ksiegarnia-akademicka.pl\/index.php\/wp-json\/wp\/v2\/product_brand?post=15842"},{"taxonomy":"product_cat","embeddable":true,"href":"http:\/\/ksiegarnia-akademicka.pl\/index.php\/wp-json\/wp\/v2\/product_cat?post=15842"},{"taxonomy":"product_tag","embeddable":true,"href":"http:\/\/ksiegarnia-akademicka.pl\/index.php\/wp-json\/wp\/v2\/product_tag?post=15842"}],"curies":[{"name":"wp","href":"https:\/\/api.w.org\/{rel}","templated":true}]}}