{"id":15825,"date":"2022-11-29T10:06:34","date_gmt":"2022-11-29T09:06:34","guid":{"rendered":"http:\/\/ksiegarnia-akademicka.pl\/?post_type=product&#038;p=15825"},"modified":"2022-11-29T10:06:35","modified_gmt":"2022-11-29T09:06:35","slug":"czy-nadal-kochamy-zycie","status":"publish","type":"product","link":"http:\/\/ksiegarnia-akademicka.pl\/index.php\/product\/czy-nadal-kochamy-zycie\/","title":{"rendered":"Czy nadal kochamy \u017cycie"},"content":{"rendered":"<p>Autor:<br \/>\nErich Fromm<br \/>\nT\u0142umacze: Baranowski Stefan<br \/>\nWydawca: Vis-a-vis \/ Etiuda<br \/>\nOprawa: Mi\u0119kka<br \/>\nLiczba stron: 248<br \/>\nWydanie: 1<br \/>\nRok wydania: 2022<br \/>\nJ\u0119zyk wydania: polski<\/p>\n<p>Erich Fromm (1900-80) &#8211; ameryka\u0144ski psycholog i filozof pochodzenia niemieckiego, uznawany za jednego z najwybitniejszych humanist\u00f3w XX wieku, tw\u00f3rca psychoanalizy humanistycznej. Autor kilkudziesi\u0119ciu ksi\u0105\u017cek, w tym tak wa\u017cnych jak Ucieczka od wolno\u015bci, Zapomniany j\u0119zyk, Patologia normalno\u015bci, Zdrowe spo\u0142ecze\u0144stwo, Rewolucja nadziei, Psychoanaliza a religia. W ksi\u0105\u017cce Czy nadal kochamy \u017cycie? opowiada nam Fromm o tym, i\u017c mi\u0142o\u015b\u0107 i nienawi\u015b\u0107 stanowi\u0142y pot\u0119\u017cne si\u0142y psychologiczne od niepami\u0119tnych czas\u00f3w. Erich Fromm dostrzega\u0142 g\u0142\u0119boko si\u0119gaj\u0105c\u0105 zmian\u0119 tych podstawowych si\u0142 w XX wieku: nienawi\u015b\u0107 innych ludzi i samo \u015brodowisko s\u0105 coraz bardziej ow\u0142adni\u0119te ch\u0119ci\u0105 zniszczenia dla samego zniszczenia. Ludzie czuj\u0105 si\u0119 coraz bardziej bez \u017cycia i przyci\u0105ga ich to, co mo\u017ce by\u0107 spowodowane przemoc\u0105. Fromm nazwa\u0142 mi\u0142o\u015b\u0107 do zmar\u0142ych \u201enekrofili\u0105\u201d. Mo\u017cna spotka\u0107 si\u0119 z r\u00f3wnie siln\u0105 mi\u0142o\u015bci\u0105 do wszystkiego, co \u017cyje, ro\u015bnie i rozwija si\u0119, czyli z \u201ebiofili\u0105\u201d.<br \/>\nKsi\u0105\u017cka ilustruje te podstawowe si\u0142y \u201ebiofilii\u201d i \u201enekrofilii\u201d w prosty spos\u00f3b i pos\u0142uguj\u0105c si\u0119 \u017cywymi przyk\u0142adami.<\/p>\n","protected":false},"excerpt":{"rendered":"<p>Autor: Erich Fromm T\u0142umacze: Baranowski Stefan Wydawca: Vis-a-vis \/ Etiuda [&hellip;]<\/p>\n","protected":false},"featured_media":15826,"template":"","meta":[],"product_brand":[],"product_cat":[7506,27,7509],"product_tag":[233,1186],"class_list":{"0":"post-15825","1":"product","2":"type-product","3":"status-publish","4":"has-post-thumbnail","6":"product_cat-filozofia","7":"product_cat-nauki-spoleczne","8":"product_cat-psychologia","9":"product_tag-filozofia","10":"product_tag-psychologia","12":"first","13":"instock","14":"sale","15":"shipping-taxable","16":"purchasable","17":"product-type-simple"},"_links":{"self":[{"href":"http:\/\/ksiegarnia-akademicka.pl\/index.php\/wp-json\/wp\/v2\/product\/15825","targetHints":{"allow":["GET"]}}],"collection":[{"href":"http:\/\/ksiegarnia-akademicka.pl\/index.php\/wp-json\/wp\/v2\/product"}],"about":[{"href":"http:\/\/ksiegarnia-akademicka.pl\/index.php\/wp-json\/wp\/v2\/types\/product"}],"wp:featuredmedia":[{"embeddable":true,"href":"http:\/\/ksiegarnia-akademicka.pl\/index.php\/wp-json\/wp\/v2\/media\/15826"}],"wp:attachment":[{"href":"http:\/\/ksiegarnia-akademicka.pl\/index.php\/wp-json\/wp\/v2\/media?parent=15825"}],"wp:term":[{"taxonomy":"product_brand","embeddable":true,"href":"http:\/\/ksiegarnia-akademicka.pl\/index.php\/wp-json\/wp\/v2\/product_brand?post=15825"},{"taxonomy":"product_cat","embeddable":true,"href":"http:\/\/ksiegarnia-akademicka.pl\/index.php\/wp-json\/wp\/v2\/product_cat?post=15825"},{"taxonomy":"product_tag","embeddable":true,"href":"http:\/\/ksiegarnia-akademicka.pl\/index.php\/wp-json\/wp\/v2\/product_tag?post=15825"}],"curies":[{"name":"wp","href":"https:\/\/api.w.org\/{rel}","templated":true}]}}