{"id":15789,"date":"2022-11-18T10:45:43","date_gmt":"2022-11-18T09:45:43","guid":{"rendered":"http:\/\/ksiegarnia-akademicka.pl\/?post_type=product&#038;p=15789"},"modified":"2024-12-05T09:10:34","modified_gmt":"2024-12-05T08:10:34","slug":"hanna-lachert-wygoda-wazniejsza-niz-piekno","status":"publish","type":"product","link":"http:\/\/ksiegarnia-akademicka.pl\/index.php\/product\/hanna-lachert-wygoda-wazniejsza-niz-piekno\/","title":{"rendered":"Hanna Lachert Wygoda wa\u017cniejsza ni\u017c pi\u0119kno"},"content":{"rendered":"<p>Autor:<br \/>\nKatarzyna Jasio\u0142ek<br \/>\nWydawca: Marginesy<br \/>\nOprawa: Twarda<br \/>\nFormat: 14.8&#215;22.0cm<br \/>\nLiczba stron: 300<br \/>\nWydanie: 1<br \/>\nRok wydania: 2022<br \/>\nJ\u0119zyk wydania: polski<\/p>\n<p>Niezwyk\u0142y portret jednej z najwybitniejszych polskich projektantek sztuki u\u017cytkowej Hanna Lachert s\u0142ynie g\u0142\u00f3wnie jako autorka projektu tapicerowanego krzes\u0142a Muszla z charakterystycznym \u201eguzikiem\u201d i kwadratowego stolika z zaokr\u0105glonymi naro\u017cami i z czarn\u0105 szklan\u0105 p\u0142yt\u0105 umieszczon\u0105 na drewnianym blacie, kt\u00f3re nale\u017c\u0105 dzi\u015b do klasyki wzornictwa lat 50. XX wieku. Chocia\u017c nale\u017cy do czo\u0142owych powojennych projektantek mebli dla Sp\u00f3\u0142dzielni Artyst\u00f3w \u201e\u0141ad\u201d, projektowa\u0142a nie tylko sprz\u0119ty, lecz tak\u017ce setki wn\u0119trz \u2013 mieszka\u0144, sklep\u00f3w, kawiarni, hoteli, przychodni. Pomi\u0119dzy zleceniami dla \u201e\u0141adu\u201d i Przedsi\u0119biorstwa Pa\u0144stwowego Pracownie Sztuk Plastycznych tworzy\u0142a w\u0142asne projekty, kt\u00f3re sprzedawa\u0142a w Desie: lampy, meble o metalowych konstrukcjach, a tak\u017ce bi\u017cuteri\u0119 z\u2026 do\u015b\u0107 zaskakuj\u0105cych materia\u0142\u00f3w. Poza tym bawi\u0142a si\u0119, podr\u00f3\u017cowa\u0142a po \u015bwiecie, szusowa\u0142a na nartach, wyg\u0142upia\u0142a si\u0119 na balach, rozwiod\u0142a si\u0119, by wyj\u015b\u0107 za m\u0105\u017c za mi\u0142o\u015b\u0107 swojego \u017cycia, i w\u0119drowa\u0142a po g\u00f3rach, czym zyska\u0142a sobie w rodzinie przydomek Powierucha. Na podstawie dokument\u00f3w archiwalnych, a tak\u017ce rozm\u00f3w z sam\u0105 Lachert Katarzyna Jasio\u0142ek stworzy\u0142a kompletn\u0105 biografi\u0119 jednej z najwa\u017cniejszych polskich projektantek ubieg\u0142ego wieku na tle powojennej historii polskiego wzornictwa u\u017cytkowego i architektury wn\u0119trz, a tak\u017ce zmian spo\u0142ecznych. Ta ksi\u0105\u017cka to ho\u0142d dla zmar\u0142ej w 2021 roku Lachert, kt\u00f3rej projekty mebli s\u0105 dzi\u015b ikonami designu. Katarzyna Jasio\u0142ek (ur. 1982) \u2013 absolwentka filologii polskiej na Uniwersytecie Warszawskim. Jej pasj\u0105 jest wn\u0119trzarstwo, polskie i zagraniczne wzornictwo. Lubi odwiedza\u0107 targi staroci, niekoniecznie po to, by kupi\u0107 co\u015b warto\u015bciowego, bo nie ma zaci\u0119cia kolekcjonerki. Pisze artyku\u0142y i teksty do katalog\u00f3w wystaw po\u015bwi\u0119conych wzornictwu i rzemios\u0142u. Autorka ksi\u0105\u017cek Asteroid i p\u00f3\u0142kotapczan. O polskim wzornictwie powojennym (Marginesy 2020) i Opakowania, czyli perfumowanie \u015bledzia. O grafice, reklamie i handlu w PRL-u (Marginesy 2021). W swoich publikacjach popularyzuje rodzime wzornictwo.<\/p>\n","protected":false},"excerpt":{"rendered":"<p>Autor: Katarzyna Jasio\u0142ek Wydawca: Marginesy Oprawa: Twarda Format: 14.8&#215;22.0cm Liczba [&hellip;]<\/p>\n","protected":false},"featured_media":15790,"template":"","meta":[],"product_brand":[],"product_cat":[7628],"product_tag":[5814,3049],"class_list":{"0":"post-15789","1":"product","2":"type-product","3":"status-publish","4":"has-post-thumbnail","6":"product_cat-moda-design","7":"product_tag-design","8":"product_tag-sztuka-uzytkowa","10":"first","11":"instock","12":"sale","13":"shipping-taxable","14":"purchasable","15":"product-type-simple"},"_links":{"self":[{"href":"http:\/\/ksiegarnia-akademicka.pl\/index.php\/wp-json\/wp\/v2\/product\/15789","targetHints":{"allow":["GET"]}}],"collection":[{"href":"http:\/\/ksiegarnia-akademicka.pl\/index.php\/wp-json\/wp\/v2\/product"}],"about":[{"href":"http:\/\/ksiegarnia-akademicka.pl\/index.php\/wp-json\/wp\/v2\/types\/product"}],"wp:featuredmedia":[{"embeddable":true,"href":"http:\/\/ksiegarnia-akademicka.pl\/index.php\/wp-json\/wp\/v2\/media\/15790"}],"wp:attachment":[{"href":"http:\/\/ksiegarnia-akademicka.pl\/index.php\/wp-json\/wp\/v2\/media?parent=15789"}],"wp:term":[{"taxonomy":"product_brand","embeddable":true,"href":"http:\/\/ksiegarnia-akademicka.pl\/index.php\/wp-json\/wp\/v2\/product_brand?post=15789"},{"taxonomy":"product_cat","embeddable":true,"href":"http:\/\/ksiegarnia-akademicka.pl\/index.php\/wp-json\/wp\/v2\/product_cat?post=15789"},{"taxonomy":"product_tag","embeddable":true,"href":"http:\/\/ksiegarnia-akademicka.pl\/index.php\/wp-json\/wp\/v2\/product_tag?post=15789"}],"curies":[{"name":"wp","href":"https:\/\/api.w.org\/{rel}","templated":true}]}}