{"id":15735,"date":"2022-11-09T13:16:46","date_gmt":"2022-11-09T12:16:46","guid":{"rendered":"http:\/\/ksiegarnia-akademicka.pl\/?post_type=product&#038;p=15735"},"modified":"2022-11-09T13:16:46","modified_gmt":"2022-11-09T12:16:46","slug":"statystyczny-drogowskaz-3-praktyczny-przewodnik-modeli-regresji-oraz-rownan-strukturalnych","status":"publish","type":"product","link":"http:\/\/ksiegarnia-akademicka.pl\/index.php\/product\/statystyczny-drogowskaz-3-praktyczny-przewodnik-modeli-regresji-oraz-rownan-strukturalnych\/","title":{"rendered":"Statystyczny drogowskaz 3 Praktyczny przewodnik modeli regresji oraz r\u00f3wna\u0144 strukturalnych"},"content":{"rendered":"<p>Autor:<br \/>\nSylwia Bedy\u0144ska<br \/>\nWydawca: Wydawnictwo Akademickie<br \/>\nOprawa: Mi\u0119kka<br \/>\nFormat: 19.0&#215;24.0cm<br \/>\nLiczba stron: 248<br \/>\nRok wydania: 2022<br \/>\nJ\u0119zyk wydania: polski<\/p>\n<p>Kontynuacja podr\u0119cznika \u201eStatystyczny drogowskaz\u201d wydanego pod redakcj\u0105 naukow\u0105 Sylwii Bedy\u0144skiej i Anety Brzezickiej, przeznaczonego dla student\u00f3w psychologii oraz analityk\u00f3w marketingowych.<br \/>\nObszerne i szczeg\u00f3\u0142owe przyk\u0142ady pos\u0142ugiwania si\u0119 oprogramowaniem IBM SPSS Statistics dla obr\u00f3bki<br \/>\ni analizy pozyskiwanych danych. Wydanie rekomendowane przez Predictive Solutions, autoryzowanego dystrybutora oprogramowania SPSS.<\/p>\n","protected":false},"excerpt":{"rendered":"<p>Autor: Sylwia Bedy\u0144ska Wydawca: Wydawnictwo Akademickie Oprawa: Mi\u0119kka Format: 19.0&#215;24.0cm [&hellip;]<\/p>\n","protected":false},"featured_media":15736,"template":"","meta":[],"product_brand":[],"product_cat":[27,7509],"product_tag":[1186,1659,1612],"class_list":{"0":"post-15735","1":"product","2":"type-product","3":"status-publish","4":"has-post-thumbnail","6":"product_cat-nauki-spoleczne","7":"product_cat-psychologia","8":"product_tag-psychologia","9":"product_tag-psychoterapia","10":"product_tag-statystyka","12":"first","13":"instock","14":"sale","15":"shipping-taxable","16":"purchasable","17":"product-type-simple"},"_links":{"self":[{"href":"http:\/\/ksiegarnia-akademicka.pl\/index.php\/wp-json\/wp\/v2\/product\/15735","targetHints":{"allow":["GET"]}}],"collection":[{"href":"http:\/\/ksiegarnia-akademicka.pl\/index.php\/wp-json\/wp\/v2\/product"}],"about":[{"href":"http:\/\/ksiegarnia-akademicka.pl\/index.php\/wp-json\/wp\/v2\/types\/product"}],"wp:featuredmedia":[{"embeddable":true,"href":"http:\/\/ksiegarnia-akademicka.pl\/index.php\/wp-json\/wp\/v2\/media\/15736"}],"wp:attachment":[{"href":"http:\/\/ksiegarnia-akademicka.pl\/index.php\/wp-json\/wp\/v2\/media?parent=15735"}],"wp:term":[{"taxonomy":"product_brand","embeddable":true,"href":"http:\/\/ksiegarnia-akademicka.pl\/index.php\/wp-json\/wp\/v2\/product_brand?post=15735"},{"taxonomy":"product_cat","embeddable":true,"href":"http:\/\/ksiegarnia-akademicka.pl\/index.php\/wp-json\/wp\/v2\/product_cat?post=15735"},{"taxonomy":"product_tag","embeddable":true,"href":"http:\/\/ksiegarnia-akademicka.pl\/index.php\/wp-json\/wp\/v2\/product_tag?post=15735"}],"curies":[{"name":"wp","href":"https:\/\/api.w.org\/{rel}","templated":true}]}}