{"id":15731,"date":"2022-11-09T13:08:08","date_gmt":"2022-11-09T12:08:08","guid":{"rendered":"http:\/\/ksiegarnia-akademicka.pl\/?post_type=product&#038;p=15731"},"modified":"2022-11-09T13:08:08","modified_gmt":"2022-11-09T12:08:08","slug":"statystyczny-drogowskaz-1-praktyczne-wprowadzenie-do-wnioskowania-statystycznego","status":"publish","type":"product","link":"http:\/\/ksiegarnia-akademicka.pl\/index.php\/product\/statystyczny-drogowskaz-1-praktyczne-wprowadzenie-do-wnioskowania-statystycznego\/","title":{"rendered":"Statystyczny drogowskaz 1 Praktyczne wprowadzenie do wnioskowania statystycznego"},"content":{"rendered":"<p>Redakcja: Bedy\u0144ska Sylwia, Cyprya\u0144ska Marzena<br \/>\nWydawca: Sedno<br \/>\nOprawa: Mi\u0119kka<br \/>\nFormat: 19.0&#215;24.0cm<br \/>\nLiczba stron: 298<br \/>\nRok wydania: 2022<br \/>\nJ\u0119zyk wydania: polski<\/p>\n<p>Statystyczny drogowskaz 1. Praktyczne wprowadzenie do wnioskowania statystycznego &#8211; to pierwszy z trzech tom\u00f3w ksi\u0105\u017cki, kt\u00f3ra przybli\u017ca Czytelnikowi spos\u00f3b dzia\u0142ania programu IBM SPSS Statistics. W tym tomie zaprezentowano podstawowe operacje zwi\u0105zane z obs\u0142ug\u0105 IBM SPSS Statistics 20, przygotowania danych do analizy oraz proste testy r\u00f3\u017cnic i zwi\u0105zku. Statystyczny drogowskaz 1 stanowi punkt wyj\u015bcia do zrozumienia wi\u0119kszo\u015bci istniej\u0105cych obecnie test\u00f3w i technik statystycznych.<\/p>\n","protected":false},"excerpt":{"rendered":"<p>Redakcja: Bedy\u0144ska Sylwia, Cyprya\u0144ska Marzena Wydawca: Sedno Oprawa: Mi\u0119kka Format: [&hellip;]<\/p>\n","protected":false},"featured_media":15732,"template":"","meta":[],"product_brand":[],"product_cat":[27,7509],"product_tag":[1186,1659,1612],"class_list":{"0":"post-15731","1":"product","2":"type-product","3":"status-publish","4":"has-post-thumbnail","6":"product_cat-nauki-spoleczne","7":"product_cat-psychologia","8":"product_tag-psychologia","9":"product_tag-psychoterapia","10":"product_tag-statystyka","12":"first","13":"instock","14":"sale","15":"shipping-taxable","16":"purchasable","17":"product-type-simple"},"_links":{"self":[{"href":"http:\/\/ksiegarnia-akademicka.pl\/index.php\/wp-json\/wp\/v2\/product\/15731","targetHints":{"allow":["GET"]}}],"collection":[{"href":"http:\/\/ksiegarnia-akademicka.pl\/index.php\/wp-json\/wp\/v2\/product"}],"about":[{"href":"http:\/\/ksiegarnia-akademicka.pl\/index.php\/wp-json\/wp\/v2\/types\/product"}],"wp:featuredmedia":[{"embeddable":true,"href":"http:\/\/ksiegarnia-akademicka.pl\/index.php\/wp-json\/wp\/v2\/media\/15732"}],"wp:attachment":[{"href":"http:\/\/ksiegarnia-akademicka.pl\/index.php\/wp-json\/wp\/v2\/media?parent=15731"}],"wp:term":[{"taxonomy":"product_brand","embeddable":true,"href":"http:\/\/ksiegarnia-akademicka.pl\/index.php\/wp-json\/wp\/v2\/product_brand?post=15731"},{"taxonomy":"product_cat","embeddable":true,"href":"http:\/\/ksiegarnia-akademicka.pl\/index.php\/wp-json\/wp\/v2\/product_cat?post=15731"},{"taxonomy":"product_tag","embeddable":true,"href":"http:\/\/ksiegarnia-akademicka.pl\/index.php\/wp-json\/wp\/v2\/product_tag?post=15731"}],"curies":[{"name":"wp","href":"https:\/\/api.w.org\/{rel}","templated":true}]}}