{"id":15723,"date":"2022-11-09T08:28:39","date_gmt":"2022-11-09T07:28:39","guid":{"rendered":"http:\/\/ksiegarnia-akademicka.pl\/?post_type=product&#038;p=15723"},"modified":"2024-12-05T09:10:52","modified_gmt":"2024-12-05T08:10:52","slug":"mlynarski-swiatowe-zycie","status":"publish","type":"product","link":"http:\/\/ksiegarnia-akademicka.pl\/index.php\/product\/mlynarski-swiatowe-zycie\/","title":{"rendered":"M\u0142ynarski \u015awiatowe \u017cycie"},"content":{"rendered":"<p>Autor:<br \/>\nMicha\u0142 Ostrowski<br \/>\nWydawca: Szelest<br \/>\nOprawa: Twarda<br \/>\nFormat: 16.5&#215;23.5cm<br \/>\nLiczba stron: 416<br \/>\nRok wydania: 2022<br \/>\nJ\u0119zyk wydania: polski<\/p>\n<p>Wyj\u0105tkowa biografia jednego z najbardziej znanych polskich artyst\u00f3w<br \/>\nTa ksi\u0105\u017cka pokazuje Wojciecha M\u0142ynarskiego, jakiego nie znacie!<\/p>\n<p>Michale, kiedy jaki\u015b czas temu poprosi\u0142e\u015b mnie o rozmow\u0119 na temat tw\u00f3rczo\u015bci mojego Ojca, Wojciecha M\u0142ynarskiego, nie przypuszcza\u0142am, \u017ce kilka lat p\u00f3\u017aniej powstanie ta ksi\u0105\u017cka. Dojrza\u0142a, rzetelna biografia artysty, kt\u00f3rego piosenki wszyscy znamy. Czyta\u0142am t\u0119 opowie\u015b\u0107 o Wojciechu M\u0142ynarskim i jego \u201e\u015bwiatowym \u017cyciu\u201d w czasach PRL-u, potem w rodz\u0105cej si\u0119 wolnej Polsce, z ogromnym wzruszeniem i przej\u0119ciem.<br \/>\nDzi\u0119kuj\u0119 Ci za czu\u0142o\u015b\u0107, uwa\u017cno\u015b\u0107 i klas\u0119, z jak\u0105 przedstawi\u0142e\u015b \u017cycie i tw\u00f3rczo\u015b\u0107 Taty. Nale\u017ca\u0142a mu si\u0119 taka opowie\u015b\u0107 i wiem, \u017ce by\u0142by z Ciebie, absolwenta polonistyki, szczerze dumny. Jestem przekonana, \u017ce i Pa\u0144stwo po przeczytaniu tej ksi\u0105\u017cki podziel\u0105 m\u00f3j entuzjazm i przypomn\u0105 sobie wci\u0105\u017c niezmiennie aktualne piosenki Wojciecha M\u0142ynarskiego.<br \/>\nAgata M\u0142ynarska<\/p>\n<p>Micha\u0142 Ostrowski napisa\u0142 o ojcu ksi\u0105\u017ck\u0119 doskonale udokumentowan\u0105, wype\u0142nion\u0105 wieloma nieznanym nawet mnie informacjami, opromienion\u0105 szczer\u0105 mi\u0142o\u015bci\u0105 do tw\u00f3rczo\u015bci M\u0142ynarskiego. Jednak nie pisa\u0142 na kolanach! Jako debiutuj\u0105cy autor, zaprezentowa\u0142 zdrow\u0105 dawk\u0119 asertywno\u015bci i niezale\u017cno\u015bci, zar\u00f3wno wobec samego bohatera, ale i nas \u2013 rozm\u00f3wc\u00f3w. To lubi\u0119! Pyta\u0142, dr\u0105\u017cy\u0142, naprawd\u0119 chcia\u0142 zrozumie\u0107. Gratuluj\u0119! A \u201e\u015awiatowe \u017cycie\u201d polecam.<\/p>\n<p>Paulina M\u0142ynarska<\/p>\n<p>Wojciech M\u0142ynarski wni\u00f3s\u0142 do polskiej piosenki nowego ducha, \u015bwie\u017cy dowcip i inteligencj\u0119. Kontynuowa\u0142 dzie\u0142a swych mistrz\u00f3w \u2013 Hemara, Tuwima, Ga\u0142czy\u0144skiego, Przybory&#8230; W\u0142a\u015bnie dlatego w siermi\u0119\u017cnych czasach, prawie debiutant, zape\u0142ni\u0142 dwa razy jednego dnia Sal\u0119 Kongresow\u0105&#8230; Pokolenie aspiruj\u0105ce do estrady mo\u017ce uczy\u0107 si\u0119 od niego wirtuozerii j\u0119zykowej, sympatii dla publiczno\u015bci, operowania czasem i napi\u0119ciem na scenie. Profesjonalizmu, pracowito\u015bci, i tego, \u017ce zawsze warto mie\u0107 wypastowane buty, inne ni\u017c do chodzenia na co dzie\u0144. I donkiszoterii.<br \/>\nJan M\u0142ynarski<br \/>\nCzy to prawda, \u017ce ma\u0142y Wojtek by\u0142 lunatykiem? Jaki udzia\u0142 w kszta\u0142towaniu jego osobowo\u015bci mia\u0142o dzieci\u0144stwo, pe\u0142ne literatury, poezji, muzyki, inteligenckiego klimatu oraz dziewi\u0119tnastowiecznej kindersztuby? Co \u0142\u0105czy\u0142o autora \u201eR\u00f3bmy swoje\u201d z Julianem Tuwimem i innymi skamandrytami? Czy M\u0142ynarski rzeczywi\u015bcie by\u0142 osob\u0105 trudn\u0105 we wsp\u00f3\u0142pracy? Jak wspomina go rodzina i przyjaciele? I najwa\u017cniejsze \u2013 jak to si\u0119 sta\u0142o, \u017ce podw\u00f3rkowy urwis i szkolny rozrabiaka, kt\u00f3ry w ramach wagar\u00f3w wyprowadzi\u0142 raz ca\u0142\u0105 klas\u0119 na dach szko\u0142y, sta\u0142 si\u0119 kultowym autorem niezliczonej ilo\u015bci piosenek, po kt\u00f3re z niegasn\u0105cym zainteresowaniem si\u0119gaj\u0105 zar\u00f3wno cenieni arty\u015bci, jak r\u00f3wnie\u017c adepci estrady i interpretacji?<\/p>\n<p>\u201eM\u0142ynarski. \u015awiatowe \u017cycie\u201d to opowie\u015b\u0107 o \u017cyciu i tw\u00f3rczo\u015bci jednego z najwi\u0119kszych polskich poet\u00f3w piosenki. M\u0142ody autor pod\u0105\u017ca \u015bladami M\u0142ynarskiego \u2013 z Komorowa, gdzie wychowa\u0142 si\u0119 poeta, przez studencki klub Hybrydy, gdzie debiutowa\u0142, zawodowe kabarety (Dudek, U Lopka, Dreszczowiec), po sceny teatralne. Autor zagl\u0105da czasem do prywatnego \u017cycia M\u0142ynarskiego, wnikaj\u0105c w owian\u0105 tajemnic\u0105 tek\u015bciarsk\u0105 \u201ekuchni\u0119\u201d, rozk\u0142ad jego dnia i ma\u0142e codzienne rytua\u0142y.<\/p>\n<p>W ksi\u0105\u017cce Micha\u0142a Ostrowskiego o Wojciechu M\u0142ynarskim wypowiadaj\u0105 si\u0119 mi\u0119dzy innymi siostra poety, Barbara M\u0142ynarska-Ahrens, jego dzieci, Agata, Paulina i Jan M\u0142ynarscy, a tak\u017ce arty\u015bci i przyjaciele tw\u00f3rcy, mi\u0119dzy innymi Maja Komorowska, Wiktor Zborowski, Ewa Wi\u015bniewska, Krystyna Janda, Micha\u0142 Bajor, Janusz Stok\u0142osa i inni.<\/p>\n","protected":false},"excerpt":{"rendered":"<p>Autor: Micha\u0142 Ostrowski Wydawca: Szelest Oprawa: Twarda Format: 16.5&#215;23.5cm Liczba [&hellip;]<\/p>\n","protected":false},"featured_media":15724,"template":"","meta":[],"product_brand":[],"product_cat":[7707],"product_tag":[2322],"class_list":{"0":"post-15723","1":"product","2":"type-product","3":"status-publish","4":"has-post-thumbnail","6":"product_cat-literatura","7":"product_tag-biografie","9":"first","10":"instock","11":"sale","12":"shipping-taxable","13":"purchasable","14":"product-type-simple"},"_links":{"self":[{"href":"http:\/\/ksiegarnia-akademicka.pl\/index.php\/wp-json\/wp\/v2\/product\/15723","targetHints":{"allow":["GET"]}}],"collection":[{"href":"http:\/\/ksiegarnia-akademicka.pl\/index.php\/wp-json\/wp\/v2\/product"}],"about":[{"href":"http:\/\/ksiegarnia-akademicka.pl\/index.php\/wp-json\/wp\/v2\/types\/product"}],"wp:featuredmedia":[{"embeddable":true,"href":"http:\/\/ksiegarnia-akademicka.pl\/index.php\/wp-json\/wp\/v2\/media\/15724"}],"wp:attachment":[{"href":"http:\/\/ksiegarnia-akademicka.pl\/index.php\/wp-json\/wp\/v2\/media?parent=15723"}],"wp:term":[{"taxonomy":"product_brand","embeddable":true,"href":"http:\/\/ksiegarnia-akademicka.pl\/index.php\/wp-json\/wp\/v2\/product_brand?post=15723"},{"taxonomy":"product_cat","embeddable":true,"href":"http:\/\/ksiegarnia-akademicka.pl\/index.php\/wp-json\/wp\/v2\/product_cat?post=15723"},{"taxonomy":"product_tag","embeddable":true,"href":"http:\/\/ksiegarnia-akademicka.pl\/index.php\/wp-json\/wp\/v2\/product_tag?post=15723"}],"curies":[{"name":"wp","href":"https:\/\/api.w.org\/{rel}","templated":true}]}}