{"id":15662,"date":"2022-11-02T09:41:57","date_gmt":"2022-11-02T08:41:57","guid":{"rendered":"http:\/\/ksiegarnia-akademicka.pl\/?post_type=product&#038;p=15662"},"modified":"2024-12-05T09:11:49","modified_gmt":"2024-12-05T08:11:49","slug":"prawo-rodzinne-i-opiekuncze-vademecum","status":"publish","type":"product","link":"http:\/\/ksiegarnia-akademicka.pl\/index.php\/product\/prawo-rodzinne-i-opiekuncze-vademecum\/","title":{"rendered":"Prawo rodzinne i opieku\u0144cze. Vademecum"},"content":{"rendered":"<p>S\u0142awomira Kotas-Turoboyska<br \/>\nWydawnictwo: Wolters Kluwer Polska<br \/>\nRok publikacji: 2022<br \/>\nWydanie: 1<br \/>\nLiczba stron: 252<br \/>\nRodzaj: Vademecum<br \/>\nOk\u0142adka: mi\u0119kka<br \/>\nFormat: B5<\/p>\n<p>Kompleksowe om\u00f3wienie zagadnie\u0144 z zakresu prawa rodzinnego i opieku\u0144czego zosta\u0142o opracowane z zachowaniem chronologii wynikaj\u0105cej z Kodeksu rodzinnego i opieku\u0144czego, aby u\u0142atwi\u0107 Czytelnikowi przyswojenie wiedzy i weryfikacj\u0119 post\u0119p\u00f3w w nauce. Ka\u017cdy podrozdzia\u0142 rozpoczyna si\u0119 od om\u00f3wienia podstawowych poj\u0119\u0107 zwi\u0105zanych z jego tematyk\u0105, a najtrudniejsze, najbardziej skomplikowane zagadnienia wyja\u015bniono w formie schemat\u00f3w. Materia\u0142 uzupe\u0142niaj\u0105 zestawy kazus\u00f3w oraz test\u00f3w, a tak\u017ce wzory pism procesowych.<\/p>\n<p>Czytelnik po zapoznaniu si\u0119 z zagadnieniami teoretycznymi mo\u017ce zweryfikowa\u0107 stan swojej wiedzy w spos\u00f3b, kt\u00f3ry jest dla niego najbardziej atrakcyjny: rozwi\u0105zuj\u0105c testy, kazusy albo projektuj\u0105c pismo procesowe.<\/p>\n<p>Ponadto odnajdzie w ksi\u0105\u017cce wskaz\u00f3wki, do jakich pozycji literatury i orzecze\u0144 warto si\u0119gn\u0105\u0107.<\/p>\n<p>Ksi\u0105\u017cka zainteresuje student\u00f3w i aplikant\u00f3w, kt\u00f3rzy chc\u0105 szybko i efektywnie przyswoi\u0107 zagadnienia z zakresu prawa rodzinnego i opieku\u0144czego oraz przypomnie\u0107 sobie opanowany ju\u017c materia\u0142. B\u0119dzie pomocna tak\u017ce prawnikom praktykom, chc\u0105cym uzyska\u0107 odpowied\u017a na problemy z zakresu prawa rodzinnego i opieku\u0144czego pojawiaj\u0105ce w codziennej pracy zawodowej. Ponadto opracowanie stanowi baz\u0119 wzor\u00f3w pism procesowych oraz zwraca uwag\u0119 na najwa\u017cniejsze orzeczenia dotycz\u0105ce omawianej materii.<\/p>\n","protected":false},"excerpt":{"rendered":"<p>S\u0142awomira Kotas-Turoboyska Wydawnictwo: Wolters Kluwer Polska Rok publikacji: 2022 Wydanie: [&hellip;]<\/p>\n","protected":false},"featured_media":15663,"template":"","meta":[],"product_brand":[],"product_cat":[7491,18],"product_tag":[615,4584,7828],"class_list":{"0":"post-15662","1":"product","2":"type-product","3":"status-publish","4":"has-post-thumbnail","6":"product_cat-cywilne","7":"product_cat-prawo","8":"product_tag-prawo-cywilne","9":"product_tag-prawo-rodzinne-i-opiekuncze","10":"product_tag-seria-vademecum","12":"first","13":"instock","14":"sale","15":"shipping-taxable","16":"purchasable","17":"product-type-simple"},"_links":{"self":[{"href":"http:\/\/ksiegarnia-akademicka.pl\/index.php\/wp-json\/wp\/v2\/product\/15662","targetHints":{"allow":["GET"]}}],"collection":[{"href":"http:\/\/ksiegarnia-akademicka.pl\/index.php\/wp-json\/wp\/v2\/product"}],"about":[{"href":"http:\/\/ksiegarnia-akademicka.pl\/index.php\/wp-json\/wp\/v2\/types\/product"}],"wp:featuredmedia":[{"embeddable":true,"href":"http:\/\/ksiegarnia-akademicka.pl\/index.php\/wp-json\/wp\/v2\/media\/15663"}],"wp:attachment":[{"href":"http:\/\/ksiegarnia-akademicka.pl\/index.php\/wp-json\/wp\/v2\/media?parent=15662"}],"wp:term":[{"taxonomy":"product_brand","embeddable":true,"href":"http:\/\/ksiegarnia-akademicka.pl\/index.php\/wp-json\/wp\/v2\/product_brand?post=15662"},{"taxonomy":"product_cat","embeddable":true,"href":"http:\/\/ksiegarnia-akademicka.pl\/index.php\/wp-json\/wp\/v2\/product_cat?post=15662"},{"taxonomy":"product_tag","embeddable":true,"href":"http:\/\/ksiegarnia-akademicka.pl\/index.php\/wp-json\/wp\/v2\/product_tag?post=15662"}],"curies":[{"name":"wp","href":"https:\/\/api.w.org\/{rel}","templated":true}]}}