{"id":15483,"date":"2022-04-28T10:17:22","date_gmt":"2022-04-28T08:17:22","guid":{"rendered":"http:\/\/ksiegarnia-akademicka.pl\/?post_type=product&#038;p=15483"},"modified":"2024-12-05T08:52:07","modified_gmt":"2024-12-05T07:52:07","slug":"wspolczesne-problemy-automatyzacji-lancuchow-dostaw-oraz-elektromobilnosci-a-autonomizacji-transportu-samochodowego","status":"publish","type":"product","link":"http:\/\/ksiegarnia-akademicka.pl\/index.php\/product\/wspolczesne-problemy-automatyzacji-lancuchow-dostaw-oraz-elektromobilnosci-a-autonomizacji-transportu-samochodowego\/","title":{"rendered":"Wsp\u00f3\u0142czesne problemy automatyzacji \u0142a\u0144cuch\u00f3w dostaw oraz elektromobilno\u015bci a autonomizacji transportu samochodowego"},"content":{"rendered":"<p>Autor: Aldona Ku\u015bmi\u0144ska-Fija\u0142kowska (red.), Zbigniew \u0141ukasik (red.)<br \/>\nwydawca: Wydawnictwo Uniwersytetu Technologiczno-Humanistycznego w Radomiu<br \/>\nSeria: Monografie<br \/>\nRok wydania: 2022<br \/>\nIlo\u015b\u0107 stron: 109<\/p>\n","protected":false},"excerpt":{"rendered":"<p>Autor: Aldona Ku\u015bmi\u0144ska-Fija\u0142kowska (red.), Zbigniew \u0141ukasik (red.) wydawca: Wydawnictwo Uniwersytetu [&hellip;]<\/p>\n","protected":false},"featured_media":15484,"template":"","meta":[],"product_brand":[],"product_cat":[7526,7525,43],"product_tag":[642,7593],"class_list":{"0":"post-15483","1":"product","2":"type-product","3":"status-publish","4":"has-post-thumbnail","6":"product_cat-automatyka-elektronika-telekomunikacja","7":"product_cat-transport","8":"product_cat-wydawnictwo-uth","9":"product_tag-transport","10":"product_tag-wydawnictwo-uth","12":"first","13":"instock","14":"shipping-taxable","15":"purchasable","16":"product-type-simple"},"_links":{"self":[{"href":"http:\/\/ksiegarnia-akademicka.pl\/index.php\/wp-json\/wp\/v2\/product\/15483","targetHints":{"allow":["GET"]}}],"collection":[{"href":"http:\/\/ksiegarnia-akademicka.pl\/index.php\/wp-json\/wp\/v2\/product"}],"about":[{"href":"http:\/\/ksiegarnia-akademicka.pl\/index.php\/wp-json\/wp\/v2\/types\/product"}],"wp:featuredmedia":[{"embeddable":true,"href":"http:\/\/ksiegarnia-akademicka.pl\/index.php\/wp-json\/wp\/v2\/media\/15484"}],"wp:attachment":[{"href":"http:\/\/ksiegarnia-akademicka.pl\/index.php\/wp-json\/wp\/v2\/media?parent=15483"}],"wp:term":[{"taxonomy":"product_brand","embeddable":true,"href":"http:\/\/ksiegarnia-akademicka.pl\/index.php\/wp-json\/wp\/v2\/product_brand?post=15483"},{"taxonomy":"product_cat","embeddable":true,"href":"http:\/\/ksiegarnia-akademicka.pl\/index.php\/wp-json\/wp\/v2\/product_cat?post=15483"},{"taxonomy":"product_tag","embeddable":true,"href":"http:\/\/ksiegarnia-akademicka.pl\/index.php\/wp-json\/wp\/v2\/product_tag?post=15483"}],"curies":[{"name":"wp","href":"https:\/\/api.w.org\/{rel}","templated":true}]}}