{"id":15438,"date":"2022-03-23T12:45:03","date_gmt":"2022-03-23T11:45:03","guid":{"rendered":"http:\/\/ksiegarnia-akademicka.pl\/?post_type=product&#038;p=15438"},"modified":"2022-03-23T13:22:09","modified_gmt":"2022-03-23T12:22:09","slug":"ratownictwo-medyczne-procedury-od-a-do-z","status":"publish","type":"product","link":"http:\/\/ksiegarnia-akademicka.pl\/index.php\/product\/ratownictwo-medyczne-procedury-od-a-do-z\/","title":{"rendered":"Ratownictwo medyczne Procedury od a do z"},"content":{"rendered":"<p>Redakcja: Flake Frank, Runggaldier Klaus<br \/>\nT\u0142umacze: Ma\u015blanka Marek<br \/>\nWydawca: Edra Urban &amp; Partner<br \/>\nOprawa: Twarda<br \/>\nFormat: 20.5&#215;29.0cm<br \/>\nLiczba stron: 320<br \/>\nRok wydania: 2021<br \/>\nJ\u0119zyk wydania: polski<\/p>\n<p>Ksi\u0105\u017cka jest skierowana przede wszystkim do ratownik\u00f3w medycznych i personelu szpitalnych oddzia\u0142\u00f3w ratunkowych. Przedstawiono w niej podstawowe zasady skutecznego i bezpiecznego post\u0119powania w stanach nag\u0142ych. Podr\u0119cznik ukierunkowany jest na praktyk\u0119 medyczn\u0105, a jego jednolita i przejrzysta forma niezwykle u\u0142atwia korzystanie z niego. Czytelnik znajdzie tutaj informacje dotycz\u0105ce m.in. w\u0142a\u015bciwej oceny stanu pacjenta, technik wykonywania czynno\u015bci ratunkowych, sposob\u00f3w transportu pacjenta i zaopatrywania ran, intubacji czy drena\u017cu jamy op\u0142ucnej.<\/p>\n","protected":false},"excerpt":{"rendered":"<p>Redakcja: Flake Frank, Runggaldier Klaus T\u0142umacze: Ma\u015blanka Marek Wydawca: Edra [&hellip;]<\/p>\n","protected":false},"featured_media":15439,"template":"","meta":[],"product_brand":[],"product_cat":[7493,8116],"product_tag":[5254,6571],"class_list":{"0":"post-15438","1":"product","2":"type-product","3":"status-publish","4":"has-post-thumbnail","6":"product_cat-medycyna","7":"product_cat-medycyna-ratunkowa","8":"product_tag-medycyna-ratunkowa","9":"product_tag-ratownictwo-medyczne","11":"first","12":"instock","13":"sale","14":"shipping-taxable","15":"purchasable","16":"product-type-simple"},"_links":{"self":[{"href":"http:\/\/ksiegarnia-akademicka.pl\/index.php\/wp-json\/wp\/v2\/product\/15438","targetHints":{"allow":["GET"]}}],"collection":[{"href":"http:\/\/ksiegarnia-akademicka.pl\/index.php\/wp-json\/wp\/v2\/product"}],"about":[{"href":"http:\/\/ksiegarnia-akademicka.pl\/index.php\/wp-json\/wp\/v2\/types\/product"}],"wp:featuredmedia":[{"embeddable":true,"href":"http:\/\/ksiegarnia-akademicka.pl\/index.php\/wp-json\/wp\/v2\/media\/15439"}],"wp:attachment":[{"href":"http:\/\/ksiegarnia-akademicka.pl\/index.php\/wp-json\/wp\/v2\/media?parent=15438"}],"wp:term":[{"taxonomy":"product_brand","embeddable":true,"href":"http:\/\/ksiegarnia-akademicka.pl\/index.php\/wp-json\/wp\/v2\/product_brand?post=15438"},{"taxonomy":"product_cat","embeddable":true,"href":"http:\/\/ksiegarnia-akademicka.pl\/index.php\/wp-json\/wp\/v2\/product_cat?post=15438"},{"taxonomy":"product_tag","embeddable":true,"href":"http:\/\/ksiegarnia-akademicka.pl\/index.php\/wp-json\/wp\/v2\/product_tag?post=15438"}],"curies":[{"name":"wp","href":"https:\/\/api.w.org\/{rel}","templated":true}]}}