{"id":15436,"date":"2022-03-23T12:33:12","date_gmt":"2022-03-23T11:33:12","guid":{"rendered":"http:\/\/ksiegarnia-akademicka.pl\/?post_type=product&#038;p=15436"},"modified":"2022-03-23T12:33:13","modified_gmt":"2022-03-23T11:33:13","slug":"mechanika-nawierzchni-drogowych-w-zarysie","status":"publish","type":"product","link":"http:\/\/ksiegarnia-akademicka.pl\/index.php\/product\/mechanika-nawierzchni-drogowych-w-zarysie\/","title":{"rendered":"Mechanika nawierzchni drogowych w zarysie"},"content":{"rendered":"<p>Redakcja: Nag\u00f3rski Roman<br \/>\nWydawca: Wydawnictwo Naukowe PWN<br \/>\nOprawa: Twarda<br \/>\nFormat: 17.0&#215;24.5cm<br \/>\nLiczba stron: 666<br \/>\nWydanie: 1<br \/>\nRok wydania: 2021<br \/>\nJ\u0119zyk wydania: polski<\/p>\n<p>Mechanika kubaturowych konstrukcji budowlanych (budynk\u00f3w, budowli przemys\u0142owych, obiekt\u00f3w mostowych), czyli mechanika budowli b\u0119d\u0105ca podstaw\u0105 naukow\u0105 ich analiz i projektowania, jest bogato opisana w literaturze. Jednak dominuj\u0105ce w mechanice budowli modele jednowymiarowe element\u00f3w konstrukcji nie s\u0105 adekwatne do nawierzchni drogowych. Dlatego te\u017c powsta\u0142a niniejsza ksi\u0105\u017cka, w kt\u00f3rej po raz pierwszy w kraju, w formie zwartej, przedstawiono ca\u0142o\u015bciowo zagadnienia mechaniki nawierzchni drogowych jako konstrukcji budowlanych.<\/p>\n<p>W kolejnych rozdzia\u0142ach zosta\u0142y om\u00f3wione nast\u0119puj\u0105ce zagadnienia zwi\u0105zane z nawierzchniami drogowymi:<br \/>\n\u00a7    model geometryczny i parametryzacja,<br \/>\n\u00a7    deformacje i kinematyka,<br \/>\n\u00a7    si\u0142y zewn\u0119trzne i wewn\u0119trzne dzia\u0142aj\u0105ce na nawierzchni\u0119 drogow\u0105,<br \/>\n\u00a7    modele mechaniczne materia\u0142\u00f3w,<br \/>\n\u00a7    zagadnienia termiczne,<br \/>\n\u00a7    modele mechaniczne pod\u0142o\u017ca,<br \/>\n\u00a7    modele obci\u0105\u017cenia pojazdami,<br \/>\n\u00a7    modele mechaniczne konstrukcji.<br \/>\nW ostatnim rozdziale (najobszerniejszym) s\u0105 przedstawione przyk\u0142ady rozwi\u0105za\u0144 zagadnie\u0144 mechaniki nawierzchni drogowych.<\/p>\n<p>Ksi\u0105\u017cka jest adresowana do wszystkich kadr technicznych drogownictwa, a w szczeg\u00f3lno\u015bci: do os\u00f3b prowadz\u0105cych badania i analizy nawierzchni drogowych (badania do\u015bwiadczalne i analizy teoretyczne), projektant\u00f3w i konsultant\u00f3w w zakresie konstrukcji nawierzchni, in\u017cynier\u00f3w prowadz\u0105cych budow\u0119 i przebudow\u0119 dr\u00f3g \u2013 tak\u017ce oczywi\u015bcie do student\u00f3w, doktorant\u00f3w i m\u0142odych pracownik\u00f3w nauki specjalno\u015bci drogowych.<\/p>\n","protected":false},"excerpt":{"rendered":"<p>Redakcja: Nag\u00f3rski Roman Wydawca: Wydawnictwo Naukowe PWN Oprawa: Twarda Format: [&hellip;]<\/p>\n","protected":false},"featured_media":15437,"template":"","meta":[],"product_brand":[],"product_cat":[7836,7709,41],"product_tag":[1453,8163,4343],"class_list":{"0":"post-15436","1":"product","2":"type-product","3":"status-publish","4":"has-post-thumbnail","6":"product_cat-budownictwo","7":"product_cat-mechanika","8":"product_cat-nauki-techniczne","9":"product_tag-budownictwo","10":"product_tag-budownictwo-drogowe","11":"product_tag-mechanika-ruchu","13":"first","14":"instock","15":"sale","16":"shipping-taxable","17":"purchasable","18":"product-type-simple"},"_links":{"self":[{"href":"http:\/\/ksiegarnia-akademicka.pl\/index.php\/wp-json\/wp\/v2\/product\/15436","targetHints":{"allow":["GET"]}}],"collection":[{"href":"http:\/\/ksiegarnia-akademicka.pl\/index.php\/wp-json\/wp\/v2\/product"}],"about":[{"href":"http:\/\/ksiegarnia-akademicka.pl\/index.php\/wp-json\/wp\/v2\/types\/product"}],"wp:featuredmedia":[{"embeddable":true,"href":"http:\/\/ksiegarnia-akademicka.pl\/index.php\/wp-json\/wp\/v2\/media\/15437"}],"wp:attachment":[{"href":"http:\/\/ksiegarnia-akademicka.pl\/index.php\/wp-json\/wp\/v2\/media?parent=15436"}],"wp:term":[{"taxonomy":"product_brand","embeddable":true,"href":"http:\/\/ksiegarnia-akademicka.pl\/index.php\/wp-json\/wp\/v2\/product_brand?post=15436"},{"taxonomy":"product_cat","embeddable":true,"href":"http:\/\/ksiegarnia-akademicka.pl\/index.php\/wp-json\/wp\/v2\/product_cat?post=15436"},{"taxonomy":"product_tag","embeddable":true,"href":"http:\/\/ksiegarnia-akademicka.pl\/index.php\/wp-json\/wp\/v2\/product_tag?post=15436"}],"curies":[{"name":"wp","href":"https:\/\/api.w.org\/{rel}","templated":true}]}}