{"id":15395,"date":"2022-03-17T09:41:49","date_gmt":"2022-03-17T08:41:49","guid":{"rendered":"http:\/\/ksiegarnia-akademicka.pl\/?post_type=product&#038;p=15395"},"modified":"2024-12-05T08:52:53","modified_gmt":"2024-12-05T07:52:53","slug":"historia-architektury","status":"publish","type":"product","link":"http:\/\/ksiegarnia-akademicka.pl\/index.php\/product\/historia-architektury\/","title":{"rendered":"Historia architektury"},"content":{"rendered":"<p>Redakcja: Jones Denna<br \/>\nT\u0142umacze: Cichowicz Anna<br \/>\nWydawca: Arkady<br \/>\nOprawa: Twarda<br \/>\nFormat: 17.5&#215;25.0cm<br \/>\nLiczba stron: 576<br \/>\nWydanie: 2<br \/>\nRok wydania: 2022<br \/>\nJ\u0119zyk wydania: polski<\/p>\n<p>Ta ambitna publikacja prezentuje najwspanialsze \u015bwiatowe osi\u0105gni\u0119cia architektoniczne powsta\u0142e od czas\u00f3w neolitu a\u017c do wsp\u00f3\u0142czesno\u015bci. Ukazuje rozw\u00f3j architektury i zmieniaj\u0105cych si\u0119 styl\u00f3w, uwzgl\u0119dniaj\u0105c wszystkie typy budowli, od dom\u00f3w mieszkalnych do katedr. Prezentuje g\u0142\u00f3wnie dzie\u0142a w kontek\u015bcie innych tego samego rodzaju konstrukcji, a tak\u017ce osi\u0105gni\u0119\u0107 kulturowych oraz najwa\u017cniejszych wydarze\u0144 danego okresu. Przedstawia \u017cyciorysy architekt\u00f3w, b\u0119d\u0105cych najlepszymi reprezentantami swoich czas\u00f3w i kultur, z pog\u0142\u0119bionymi analizami ich najwa\u017cniejszych, wyr\u00f3\u017cniaj\u0105cych si\u0119 dokona\u0144. Ksi\u0105\u017cka jest dzie\u0142em mi\u0119dzynarodowego zespo\u0142u architekt\u00f3w i historyk\u00f3w architektury.<\/p>\n","protected":false},"excerpt":{"rendered":"<p>Redakcja: Jones Denna T\u0142umacze: Cichowicz Anna Wydawca: Arkady Oprawa: Twarda [&hellip;]<\/p>\n","protected":false},"featured_media":15396,"template":"","meta":[],"product_brand":[],"product_cat":[7812],"product_tag":[193],"class_list":{"0":"post-15395","1":"product","2":"type-product","3":"status-publish","4":"has-post-thumbnail","6":"product_cat-architektura-i-budownictwo","7":"product_tag-architektura","9":"first","10":"instock","11":"sale","12":"shipping-taxable","13":"purchasable","14":"product-type-simple"},"_links":{"self":[{"href":"http:\/\/ksiegarnia-akademicka.pl\/index.php\/wp-json\/wp\/v2\/product\/15395","targetHints":{"allow":["GET"]}}],"collection":[{"href":"http:\/\/ksiegarnia-akademicka.pl\/index.php\/wp-json\/wp\/v2\/product"}],"about":[{"href":"http:\/\/ksiegarnia-akademicka.pl\/index.php\/wp-json\/wp\/v2\/types\/product"}],"wp:featuredmedia":[{"embeddable":true,"href":"http:\/\/ksiegarnia-akademicka.pl\/index.php\/wp-json\/wp\/v2\/media\/15396"}],"wp:attachment":[{"href":"http:\/\/ksiegarnia-akademicka.pl\/index.php\/wp-json\/wp\/v2\/media?parent=15395"}],"wp:term":[{"taxonomy":"product_brand","embeddable":true,"href":"http:\/\/ksiegarnia-akademicka.pl\/index.php\/wp-json\/wp\/v2\/product_brand?post=15395"},{"taxonomy":"product_cat","embeddable":true,"href":"http:\/\/ksiegarnia-akademicka.pl\/index.php\/wp-json\/wp\/v2\/product_cat?post=15395"},{"taxonomy":"product_tag","embeddable":true,"href":"http:\/\/ksiegarnia-akademicka.pl\/index.php\/wp-json\/wp\/v2\/product_tag?post=15395"}],"curies":[{"name":"wp","href":"https:\/\/api.w.org\/{rel}","templated":true}]}}