{"id":15248,"date":"2022-02-08T09:43:31","date_gmt":"2022-02-08T08:43:31","guid":{"rendered":"http:\/\/ksiegarnia-akademicka.pl\/?post_type=product&#038;p=15248"},"modified":"2023-10-24T12:34:26","modified_gmt":"2023-10-24T10:34:26","slug":"van-gogh-zycie-2","status":"publish","type":"product","link":"http:\/\/ksiegarnia-akademicka.pl\/index.php\/product\/van-gogh-zycie-2\/","title":{"rendered":"Van Gogh \u017bycie"},"content":{"rendered":"<p>Autor:<br \/>\nGregory Smith<br \/>\nSteven Naifeh<br \/>\nT\u0142umacze: Stok\u0142osa Bo\u017cenna<br \/>\nWydawca: \u015awiat Ksi\u0105\u017cki<br \/>\nOprawa: Twarda<br \/>\nFormat: 16.5&#215;24.0cm<br \/>\nLiczba stron: 1040<br \/>\nRok wydania: 2022<br \/>\nJ\u0119zyk wydania: polski<\/p>\n<p>Nowa, pe\u0142na nieznanych informacji biografia geniusza malarstwa. Ksi\u0105\u017cka Naifeha i White Smitha rzuca nowe \u015bwiat\u0142o na g\u0142\u0119bokie zainteresowanie artysty literatur\u0105 i sztuk\u0105, jego nieobliczalne i burzliwe \u017cycie mi\u0142osne, ataki depresji i choroby psychicznej, a tak\u017ce niejasne okoliczno\u015bci \u015bmiertelnego postrzelenia w wieku trzydziestu siedmiu lat. Autorzy dzi\u0119ki wsp\u00f3\u0142pracy z Muzeum Vincenta van Gogha w Amsterdamie uzyskali dost\u0119p do dotychczas niewykorzystanych materia\u0142\u00f3w &#8211; w\u015br\u00f3d nich do nieopublikowanych list\u00f3w cz\u0142onk\u00f3w rodziny malarza. Cho\u0107 na temat van Gogha powsta\u0142o wiele ksi\u0105\u017cek, a jego tragiczny los jest od dawna obecny w kulturze popularnej, to nikt nie podj\u0105\u0142 pr\u00f3by zbadania \u017cycia tego tw\u00f3rcy w spos\u00f3b tak powa\u017cny i ambitny. Naifeh i White Smith odtworzyli je w spos\u00f3b zdumiewaj\u0105co \u017cywy i przenikliwy psychologicznie. Gregory White Smith i Steven Naifeh s\u0105 absolwentami Wydzia\u0142u Prawa Uniwersytetu Harvarda. Naifeh, kt\u00f3ry publikuje w czasopismach po\u015bwi\u0119conych sztuce i wyg\u0142asza wyk\u0142ady w licznych muzeach, studiowa\u0142 tak\u017ce histori\u0119 sztuki w Princeton, a w Fogg Art Museum na Harvardzie obroni\u0142 prac\u0119 dyplomow\u0105 w tej dziedzinie. Cztery napisane przez nich wsp\u00f3lnie ksi\u0105\u017cki trafi\u0142y na list\u0119 bestseller\u00f3w \u201eThe New York Timesa\u201d. Biograficzna ksi\u0105\u017cka ich autorstwa Jackson Pollock: An American Saga otrzyma\u0142a Nagrod\u0119 Pulitzera, a tak\u017ce znalaz\u0142a si\u0119 w finale National Book Award.<\/p>\n","protected":false},"excerpt":{"rendered":"<p>Autor: Gregory Smith Steven Naifeh T\u0142umacze: Stok\u0142osa Bo\u017cenna Wydawca: \u015awiat [&hellip;]<\/p>\n","protected":false},"featured_media":15249,"template":"","meta":[],"product_brand":[],"product_cat":[7707,7824],"product_tag":[2322,5033],"class_list":{"0":"post-15248","1":"product","2":"type-product","3":"status-publish","4":"has-post-thumbnail","6":"product_cat-literatura","7":"product_cat-malarstwo","8":"product_tag-biografie","9":"product_tag-malarstwo","11":"first","12":"outofstock","13":"sale","14":"shipping-taxable","15":"purchasable","16":"product-type-simple"},"_links":{"self":[{"href":"http:\/\/ksiegarnia-akademicka.pl\/index.php\/wp-json\/wp\/v2\/product\/15248","targetHints":{"allow":["GET"]}}],"collection":[{"href":"http:\/\/ksiegarnia-akademicka.pl\/index.php\/wp-json\/wp\/v2\/product"}],"about":[{"href":"http:\/\/ksiegarnia-akademicka.pl\/index.php\/wp-json\/wp\/v2\/types\/product"}],"wp:featuredmedia":[{"embeddable":true,"href":"http:\/\/ksiegarnia-akademicka.pl\/index.php\/wp-json\/wp\/v2\/media\/15249"}],"wp:attachment":[{"href":"http:\/\/ksiegarnia-akademicka.pl\/index.php\/wp-json\/wp\/v2\/media?parent=15248"}],"wp:term":[{"taxonomy":"product_brand","embeddable":true,"href":"http:\/\/ksiegarnia-akademicka.pl\/index.php\/wp-json\/wp\/v2\/product_brand?post=15248"},{"taxonomy":"product_cat","embeddable":true,"href":"http:\/\/ksiegarnia-akademicka.pl\/index.php\/wp-json\/wp\/v2\/product_cat?post=15248"},{"taxonomy":"product_tag","embeddable":true,"href":"http:\/\/ksiegarnia-akademicka.pl\/index.php\/wp-json\/wp\/v2\/product_tag?post=15248"}],"curies":[{"name":"wp","href":"https:\/\/api.w.org\/{rel}","templated":true}]}}