{"id":15227,"date":"2022-02-08T09:03:01","date_gmt":"2022-02-08T08:03:01","guid":{"rendered":"http:\/\/ksiegarnia-akademicka.pl\/?post_type=product&#038;p=15227"},"modified":"2024-12-05T08:54:22","modified_gmt":"2024-12-05T07:54:22","slug":"kodeks-postepowania-karnego-orzecznictwo","status":"publish","type":"product","link":"http:\/\/ksiegarnia-akademicka.pl\/index.php\/product\/kodeks-postepowania-karnego-orzecznictwo\/","title":{"rendered":"Kodeks post\u0119powania karnego Orzecznictwo"},"content":{"rendered":"<p>Autor:<br \/>\nDariusz \u015awiecki<br \/>\nRedakcja: \u015awiecki Dariusz<br \/>\nWydawca: Wolters Kluwer<br \/>\nOprawa: Twarda<br \/>\nFormat: 17.0&#215;25.0cm<br \/>\nLiczba stron: 1536<br \/>\nWydanie: 1<br \/>\nRok wydania: 2022<br \/>\nJ\u0119zyk wydania: polski<\/p>\n<p>Ksi\u0105\u017cka zawiera orzeczenia S\u0105du Najwy\u017cszego i s\u0105d\u00f3w apelacyjnych dotycz\u0105ce Kodeksu post\u0119powania karnego wydane po dniu jego wej\u015bcia w \u017cycie, tj. 1 wrze\u015bnia 1998 r., kt\u00f3re zosta\u0142y u\u0142o\u017cone zgodnie z systematyk\u0105 Kodeksu.<\/p>\n<p>Ogromna liczba orzecze\u0144 dost\u0119pnych w elektronicznych zbiorach powoduje, \u017ce cz\u0119sto trudno odnale\u017a\u0107 te najistotniejsze. Dlatego wa\u017cne jest kryterium ich wyboru i odpowiednia selekcja. W ksi\u0105\u017cce zastosowano kryterium merytoryczne, wi\u0119c wybrano te orzeczenia, kt\u00f3re s\u0105 istotne dla normowanej kwestii i stanowi\u0105 pierwotne \u017ar\u00f3d\u0142o interpretacji przepisu. Z regu\u0142y zawieraj\u0105 one najszersz\u0105 argumentacj\u0119, kt\u00f3ra mo\u017ce by\u0107 powielana i rozwijana. Tezy zosta\u0142y u\u0142o\u017cone w porz\u0105dku chronologicznym.<\/p>\n<p>Tre\u015b\u0107 przywo\u0142anych tez zosta\u0142a zaczerpni\u0119ta in extenso ze zbioru urz\u0119dowego orzecznictwa S\u0105du Najwy\u017cszego Izby Karnej, ze zbioru orzecznictwa SIP LEX. Niekiedy orzeczenia te przywo\u0142ano jako sformu\u0142owany przez Autor\u00f3w wybrany fragment uzasadnienia, kt\u00f3ry najpe\u0142niej oddaje istot\u0119 problemu prawnego stanowi\u0105cego przedmiot rozstrzygni\u0119cia.<br \/>\nW celu \u0142atwiejszego odnalezienia orzecze\u0144 odnosz\u0105cych si\u0119 do okre\u015blonego zagadnienia prawnego dokonano tematycznego ich podzia\u0142u i oddzielono tytulikami naprowadzaj\u0105cymi na poszukiwane zagadnienie. Dodatkowo piktogramami oznaczono orzeczenia merytorycznie najistotniejsze.<\/p>\n<p>Publikacja jest przeznaczona przede wszystkim dla praktyk\u00f3w \u2013 s\u0119dzi\u00f3w, prokurator\u00f3w, adwokat\u00f3w, radc\u00f3w prawnych oraz aplikant\u00f3w tych zawod\u00f3w prawniczych.<\/p>\n","protected":false},"excerpt":{"rendered":"<p>Autor: Dariusz \u015awiecki Redakcja: \u015awiecki Dariusz Wydawca: Wolters Kluwer Oprawa: [&hellip;]<\/p>\n","protected":false},"featured_media":15228,"template":"","meta":[],"product_brand":[],"product_cat":[7490,18],"product_tag":[952,331,296],"class_list":{"0":"post-15227","1":"product","2":"type-product","3":"status-publish","4":"has-post-thumbnail","6":"product_cat-karne","7":"product_cat-prawo","8":"product_tag-orzecznictwo","9":"product_tag-postepowanie-karne","10":"product_tag-prawo-karne","12":"first","13":"instock","14":"sale","15":"shipping-taxable","16":"purchasable","17":"product-type-simple"},"_links":{"self":[{"href":"http:\/\/ksiegarnia-akademicka.pl\/index.php\/wp-json\/wp\/v2\/product\/15227","targetHints":{"allow":["GET"]}}],"collection":[{"href":"http:\/\/ksiegarnia-akademicka.pl\/index.php\/wp-json\/wp\/v2\/product"}],"about":[{"href":"http:\/\/ksiegarnia-akademicka.pl\/index.php\/wp-json\/wp\/v2\/types\/product"}],"wp:featuredmedia":[{"embeddable":true,"href":"http:\/\/ksiegarnia-akademicka.pl\/index.php\/wp-json\/wp\/v2\/media\/15228"}],"wp:attachment":[{"href":"http:\/\/ksiegarnia-akademicka.pl\/index.php\/wp-json\/wp\/v2\/media?parent=15227"}],"wp:term":[{"taxonomy":"product_brand","embeddable":true,"href":"http:\/\/ksiegarnia-akademicka.pl\/index.php\/wp-json\/wp\/v2\/product_brand?post=15227"},{"taxonomy":"product_cat","embeddable":true,"href":"http:\/\/ksiegarnia-akademicka.pl\/index.php\/wp-json\/wp\/v2\/product_cat?post=15227"},{"taxonomy":"product_tag","embeddable":true,"href":"http:\/\/ksiegarnia-akademicka.pl\/index.php\/wp-json\/wp\/v2\/product_tag?post=15227"}],"curies":[{"name":"wp","href":"https:\/\/api.w.org\/{rel}","templated":true}]}}