{"id":15215,"date":"2022-02-03T13:54:45","date_gmt":"2022-02-03T12:54:45","guid":{"rendered":"http:\/\/ksiegarnia-akademicka.pl\/?post_type=product&#038;p=15215"},"modified":"2025-10-15T08:35:58","modified_gmt":"2025-10-15T06:35:58","slug":"historia-repetytorium-dla-licealistow-i-studentow","status":"publish","type":"product","link":"http:\/\/ksiegarnia-akademicka.pl\/index.php\/product\/historia-repetytorium-dla-licealistow-i-studentow\/","title":{"rendered":"Historia repetytorium dla licealist\u00f3w i student\u00f3w"},"content":{"rendered":"<p>Autor:<br \/>\nMarek Chmaj<br \/>\nWojciech Sok\u00f3\u0142<br \/>\nJanusz Wrona<br \/>\nWydawca: Difin<br \/>\nOprawa: Mi\u0119kka<br \/>\nLiczba stron: 652<br \/>\nWydanie: 3<br \/>\nRok wydania: 2021<br \/>\nJ\u0119zyk wydania: polski<\/p>\n<p>Oddajemy do r\u0105k Czytelnik\u00f3w kolejne wydanie jednego z najlepszych w Polsce repetytori\u00f3w z historii, od lat doskonale znanego maturzystom, studentom, nauczycielom i pasjonatom historii. W jednym tomie w bardzo przyst\u0119pny spos\u00f3b zgromadzono najwa\u017cniejsze wydarzenia historyczne od staro\u017cytno\u015bci do czas\u00f3w wsp\u00f3\u0142czesnych.<\/p>\n<p>Repetytorium jest nieocenionym \u017ar\u00f3d\u0142em uporz\u0105dkowanego powt\u00f3rzenia ca\u0142ego materia\u0142u dla cel\u00f3w maturalnych, olimpiad, konkurs\u00f3w historycznych lub uzyskania wiedzy i umiej\u0119tno\u015bci na poziomie akademickim.<\/p>\n<p>W opracowaniu zosta\u0142y przedstawione:<br \/>\n&#8211; najwa\u017cniejsze zagadnienia z ponad 1050 lat historii Polski, dziej\u00f3w cywilizacji, relewantnych w poszczeg\u00f3lnych okresach historycznych pa\u0144stw, dynastii i przyw\u00f3dc\u00f3w politycznych,<br \/>\n&#8211; problematyka ustrojowa, historia my\u015bli politycznej, ruch\u00f3w i partii politycznych oraz rywalizacji politycznej,<br \/>\n&#8211; konflikty zbrojne i spo\u0142eczno-polityczne \u2013 ich przyczyny, etapy oraz skutki,<br \/>\n&#8211; problematyka spo\u0142eczno-gospodarcza i kulturowa.<\/p>\n<p>Publikacja uwzgl\u0119dnia wiele lat do\u015bwiadcze\u0144 Autor\u00f3w zgromadzonych w dzia\u0142alno\u015bci dydaktycznej i naukowej. Ka\u017cde wydanie ksi\u0105\u017cki wzbogacone jest przydatnym aneksem, zawieraj\u0105cym usystematyzowane chronologicznie informacje historyczne.<\/p>\n","protected":false},"excerpt":{"rendered":"<p>Autor: Marek Chmaj Wojciech Sok\u00f3\u0142 Janusz Wrona Wydawca: Difin Oprawa: [&hellip;]<\/p>\n","protected":false},"featured_media":15216,"template":"","meta":[],"product_brand":[],"product_cat":[38],"product_tag":[71,306],"class_list":{"0":"post-15215","1":"product","2":"type-product","3":"status-publish","4":"has-post-thumbnail","6":"product_cat-historia","7":"product_tag-historia","8":"product_tag-repetytoria","10":"first","11":"outofstock","12":"sale","13":"shipping-taxable","14":"purchasable","15":"product-type-simple"},"_links":{"self":[{"href":"http:\/\/ksiegarnia-akademicka.pl\/index.php\/wp-json\/wp\/v2\/product\/15215","targetHints":{"allow":["GET"]}}],"collection":[{"href":"http:\/\/ksiegarnia-akademicka.pl\/index.php\/wp-json\/wp\/v2\/product"}],"about":[{"href":"http:\/\/ksiegarnia-akademicka.pl\/index.php\/wp-json\/wp\/v2\/types\/product"}],"wp:featuredmedia":[{"embeddable":true,"href":"http:\/\/ksiegarnia-akademicka.pl\/index.php\/wp-json\/wp\/v2\/media\/15216"}],"wp:attachment":[{"href":"http:\/\/ksiegarnia-akademicka.pl\/index.php\/wp-json\/wp\/v2\/media?parent=15215"}],"wp:term":[{"taxonomy":"product_brand","embeddable":true,"href":"http:\/\/ksiegarnia-akademicka.pl\/index.php\/wp-json\/wp\/v2\/product_brand?post=15215"},{"taxonomy":"product_cat","embeddable":true,"href":"http:\/\/ksiegarnia-akademicka.pl\/index.php\/wp-json\/wp\/v2\/product_cat?post=15215"},{"taxonomy":"product_tag","embeddable":true,"href":"http:\/\/ksiegarnia-akademicka.pl\/index.php\/wp-json\/wp\/v2\/product_tag?post=15215"}],"curies":[{"name":"wp","href":"https:\/\/api.w.org\/{rel}","templated":true}]}}