{"id":15196,"date":"2022-01-28T15:21:17","date_gmt":"2022-01-28T14:21:17","guid":{"rendered":"http:\/\/ksiegarnia-akademicka.pl\/?post_type=product&#038;p=15196"},"modified":"2024-09-09T13:06:09","modified_gmt":"2024-09-09T11:06:09","slug":"chirurgia-ginekologiczna-bonney","status":"publish","type":"product","link":"http:\/\/ksiegarnia-akademicka.pl\/index.php\/product\/chirurgia-ginekologiczna-bonney\/","title":{"rendered":"Chirurgia ginekologiczna Bonney"},"content":{"rendered":"<p>Autor:<br \/>\nTito Lopes<br \/>\nT\u0142umacze: Grzesiak Mariusz, Hincz Piotr, Kolasa-Zwierzchowska Dorota<br \/>\nWydawca: Edra Urban &amp; Partner<br \/>\nOprawa: Twarda<br \/>\nFormat: 21.0&#215;30.0cm<br \/>\nLiczba stron: 220<br \/>\nRok wydania: 2017<br \/>\nJ\u0119zyk wydania: polski<\/p>\n<p>W pierwszej cz\u0119\u015bci ksi\u0105\u017cki przedstawiono og\u00f3lne zasady i techniki operacyjne, kt\u00f3re stanowi\u0105 podstaw\u0119 wiedzy i umiej\u0119tno\u015bci ka\u017cdego szkol\u0105cego si\u0119 w zakresie chirurgii ginekologicznej. W cz\u0119\u015bci drugiej opisano zabiegi wykonywane w codziennej praktyce ginekologicznej. Cz\u0119\u015b\u0107 trzecia obejmuje swoim zakresem takie specjalno\u015bci chirurgiczne, jak uroginekologia i ginekologia onkologiczna. Kilka z opisywanych zabieg\u00f3w jest nadal wykonywanych nie tylko przez specjalist\u00f3w z zakresu danej dziedziny, lecz tak\u017ce przez o\u015bwiadczonych chirurg\u00f3w og\u00f3lnych. Dzieje si\u0119 tak jednak coraz rzadziej, zw\u0142aszcza w przypadku chirurgii nowotwor\u00f3w. W cz\u0119\u015bci trzeciej zawarto r\u00f3wnie\u017c informacje dotycz\u0105ce rozszerzonych zabieg\u00f3w operacyjnych zar\u00f3wno planowych, jak i takich, kt\u00f3re nale\u017cy przeprowadzi\u0107 ze wzgl\u0119du na nieoczekiwane rozpoznania \u015br\u00f3doperacyjne czy powik\u0142ania.<\/p>\n<p>Z przedmowy<\/p>\n","protected":false},"excerpt":{"rendered":"<p>Autor: Tito Lopes T\u0142umacze: Grzesiak Mariusz, Hincz Piotr, Kolasa-Zwierzchowska Dorota [&hellip;]<\/p>\n","protected":false},"featured_media":15197,"template":"","meta":[],"product_brand":[],"product_cat":[8130,7493,8031],"product_tag":[4647,4919],"class_list":{"0":"post-15196","1":"product","2":"type-product","3":"status-publish","4":"has-post-thumbnail","6":"product_cat-chirurgia","7":"product_cat-medycyna","8":"product_cat-poloznictwo-ginekologia","9":"product_tag-chirurgia","10":"product_tag-ginekologia","12":"first","13":"outofstock","14":"sale","15":"shipping-taxable","16":"purchasable","17":"product-type-simple"},"_links":{"self":[{"href":"http:\/\/ksiegarnia-akademicka.pl\/index.php\/wp-json\/wp\/v2\/product\/15196","targetHints":{"allow":["GET"]}}],"collection":[{"href":"http:\/\/ksiegarnia-akademicka.pl\/index.php\/wp-json\/wp\/v2\/product"}],"about":[{"href":"http:\/\/ksiegarnia-akademicka.pl\/index.php\/wp-json\/wp\/v2\/types\/product"}],"wp:featuredmedia":[{"embeddable":true,"href":"http:\/\/ksiegarnia-akademicka.pl\/index.php\/wp-json\/wp\/v2\/media\/15197"}],"wp:attachment":[{"href":"http:\/\/ksiegarnia-akademicka.pl\/index.php\/wp-json\/wp\/v2\/media?parent=15196"}],"wp:term":[{"taxonomy":"product_brand","embeddable":true,"href":"http:\/\/ksiegarnia-akademicka.pl\/index.php\/wp-json\/wp\/v2\/product_brand?post=15196"},{"taxonomy":"product_cat","embeddable":true,"href":"http:\/\/ksiegarnia-akademicka.pl\/index.php\/wp-json\/wp\/v2\/product_cat?post=15196"},{"taxonomy":"product_tag","embeddable":true,"href":"http:\/\/ksiegarnia-akademicka.pl\/index.php\/wp-json\/wp\/v2\/product_tag?post=15196"}],"curies":[{"name":"wp","href":"https:\/\/api.w.org\/{rel}","templated":true}]}}