{"id":15190,"date":"2022-01-28T15:12:44","date_gmt":"2022-01-28T14:12:44","guid":{"rendered":"http:\/\/ksiegarnia-akademicka.pl\/?post_type=product&#038;p=15190"},"modified":"2022-01-28T15:12:44","modified_gmt":"2022-01-28T14:12:44","slug":"callen-ultrasonografia-w-poloznictwie-i-ginekologii-tom-3","status":"publish","type":"product","link":"http:\/\/ksiegarnia-akademicka.pl\/index.php\/product\/callen-ultrasonografia-w-poloznictwie-i-ginekologii-tom-3\/","title":{"rendered":"Callen. Ultrasonografia w po\u0142o\u017cnictwie i ginekologii . Tom 3"},"content":{"rendered":"<p>Autor:<br \/>\nNorton M.E.<br \/>\nL.M. Scoutt<br \/>\nWydawca: Edra Urban &amp; Partner<br \/>\nOprawa: Twarda<br \/>\nFormat: 21.0&#215;27.5cm<br \/>\nLiczba stron: 296<br \/>\nWydanie: 6<br \/>\nRok wydania: 2020<br \/>\nJ\u0119zyk wydania: polski<\/p>\n<p>Callena powinien przeczyta\u0107 ka\u017cdy zajmuj\u0105cy si\u0119 ultrasonografi\u0105 po\u0142o\u017cniczo-ginekologiczn\u0105, czyli w praktyce ka\u017cdy po\u0142o\u017cnik\u2013ginekolog. Kolejne wydania Callena to by\u0142y ksi\u0105\u017cki absolutnie podstawowe dla rozwoju mojej wiedzy, nie tylko ultrasonograficznej, ale i po\u0142o\u017cniczej; uczy\u0142em si\u0119 z nich patologii ci\u0105\u017cy i terapii prenatalnej. Tak naprawd\u0119 to nie jest podr\u0119cznik ultrasonografii, tylko raczej przewodnik po zastosowaniu metod obrazowych w po\u0142o\u017cnictwie i ginekologii. Kiedykolwiek kto\u015b mnie zapyta\u0142, z jakiego podr\u0119cznika powinno si\u0119 uczy\u0107 ultrasonografii, odpowiada\u0142em: z Callena. Dla wielu ze wzgl\u0119du na barier\u0119 j\u0119zykow\u0105 by\u0142 on niezbyt dost\u0119pny. Dlatego te\u017c z ogromn\u0105 rado\u015bci\u0105 przekazuj\u0119 Pa\u0144stwu t\u0142umaczenie na j\u0119zyk polski podr\u0119cznika Callena, biblii ultrasonografii po\u0142o\u017cniczo-ginekologicznej. Je\u017celi chce si\u0119 dobrze i m\u0105drze prowadzi\u0107 diagnostyk\u0119 ultrasonograficzn\u0105, nale\u017cy zapozna\u0107 si\u0119 z t\u0105 ksi\u0105\u017ck\u0105.<\/p>\n","protected":false},"excerpt":{"rendered":"<p>Autor: Norton M.E. L.M. Scoutt Wydawca: Edra Urban &amp; Partner [&hellip;]<\/p>\n","protected":false},"featured_media":15191,"template":"","meta":[],"product_brand":[],"product_cat":[7493,8031],"product_tag":[4919,4920],"class_list":{"0":"post-15190","1":"product","2":"type-product","3":"status-publish","4":"has-post-thumbnail","6":"product_cat-medycyna","7":"product_cat-poloznictwo-ginekologia","8":"product_tag-ginekologia","9":"product_tag-poloznictwo","11":"first","12":"instock","13":"sale","14":"shipping-taxable","15":"purchasable","16":"product-type-simple"},"_links":{"self":[{"href":"http:\/\/ksiegarnia-akademicka.pl\/index.php\/wp-json\/wp\/v2\/product\/15190","targetHints":{"allow":["GET"]}}],"collection":[{"href":"http:\/\/ksiegarnia-akademicka.pl\/index.php\/wp-json\/wp\/v2\/product"}],"about":[{"href":"http:\/\/ksiegarnia-akademicka.pl\/index.php\/wp-json\/wp\/v2\/types\/product"}],"wp:featuredmedia":[{"embeddable":true,"href":"http:\/\/ksiegarnia-akademicka.pl\/index.php\/wp-json\/wp\/v2\/media\/15191"}],"wp:attachment":[{"href":"http:\/\/ksiegarnia-akademicka.pl\/index.php\/wp-json\/wp\/v2\/media?parent=15190"}],"wp:term":[{"taxonomy":"product_brand","embeddable":true,"href":"http:\/\/ksiegarnia-akademicka.pl\/index.php\/wp-json\/wp\/v2\/product_brand?post=15190"},{"taxonomy":"product_cat","embeddable":true,"href":"http:\/\/ksiegarnia-akademicka.pl\/index.php\/wp-json\/wp\/v2\/product_cat?post=15190"},{"taxonomy":"product_tag","embeddable":true,"href":"http:\/\/ksiegarnia-akademicka.pl\/index.php\/wp-json\/wp\/v2\/product_tag?post=15190"}],"curies":[{"name":"wp","href":"https:\/\/api.w.org\/{rel}","templated":true}]}}