{"id":15184,"date":"2022-01-28T15:06:10","date_gmt":"2022-01-28T14:06:10","guid":{"rendered":"http:\/\/ksiegarnia-akademicka.pl\/?post_type=product&#038;p=15184"},"modified":"2022-01-28T15:06:11","modified_gmt":"2022-01-28T14:06:11","slug":"pielegnowanie-pacjentki-w-wybranych-procedurach-w-ginekologii-podrecznik-dla-studentow-na-kierunkach-poloznictwo-i-pielegniarstwo","status":"publish","type":"product","link":"http:\/\/ksiegarnia-akademicka.pl\/index.php\/product\/pielegnowanie-pacjentki-w-wybranych-procedurach-w-ginekologii-podrecznik-dla-studentow-na-kierunkach-poloznictwo-i-pielegniarstwo\/","title":{"rendered":"Piel\u0119gnowanie pacjentki w wybranych procedurach w ginekologii Podr\u0119cznik dla student\u00f3w na kierunkach: Po\u0142o\u017cnictwo i Piel\u0119gniarstwo"},"content":{"rendered":"<p>Autor:<br \/>\nAgnieszka Strama<br \/>\nWydawca: Edra Urban &amp; Partner<br \/>\nOprawa: Mi\u0119kka<br \/>\nFormat: 16.8&#215;24.0cm<br \/>\nLiczba stron: 134<br \/>\nRok wydania: 2020<br \/>\nJ\u0119zyk wydania: polski<\/p>\n<p>Podr\u0119cznik dla student\u00f3w na kierunkach: Po\u0142o\u017cnictwo i Piel\u0119gniarstwo<br \/>\nZakres przedstawionych w ksi\u0105\u017cce dzia\u0142a\u0144 piel\u0119gniarskich obejmuje czynno\u015bci wykonywane w gabinecie zabiegowym oraz post\u0119powanie w zakresie opieki oko\u0142ooperacyjnej. Techniki wykonania poszczeg\u00f3lnych procedur medycznych mo\u017cna nauczy\u0107 si\u0119 w Centrum Symulacji Medycznej.<br \/>\nMaj\u0105c na uwadze korelacj\u0119 warunk\u00f3w symulowanych, stworzonych dla odzwierciedlenia warunk\u00f3w realnych gabinetu zabiegowego, mo\u017cna kszta\u0142towa\u0107 opisane dzia\u0142ania. W czasie wielokrotnego treningu ucz\u0105cy si\u0119 posi\u0105dzie wiedz\u0119 i umiej\u0119tno\u015bci niezb\u0119dne do wykonania procedury w warunkach rzeczywistych.<br \/>\nKsi\u0105\u017cka sk\u0142ada si\u0119 z czterech komponent\u00f3w, obejmuj\u0105cych piel\u0119gniarstwo ginekologiczne w zakresie: bada\u0144 diagnostycznych, wybranych zabieg\u00f3w, przygotowania do operacji i opieki pooperacyjnej.<\/p>\n","protected":false},"excerpt":{"rendered":"<p>Autor: Agnieszka Strama Wydawca: Edra Urban &amp; Partner Oprawa: Mi\u0119kka [&hellip;]<\/p>\n","protected":false},"featured_media":15185,"template":"","meta":[],"product_brand":[],"product_cat":[7493,7965,8031],"product_tag":[4919,4645,4920],"class_list":{"0":"post-15184","1":"product","2":"type-product","3":"status-publish","4":"has-post-thumbnail","6":"product_cat-medycyna","7":"product_cat-pielegniarstwo","8":"product_cat-poloznictwo-ginekologia","9":"product_tag-ginekologia","10":"product_tag-pielegniarstwo","11":"product_tag-poloznictwo","13":"first","14":"instock","15":"sale","16":"shipping-taxable","17":"purchasable","18":"product-type-simple"},"_links":{"self":[{"href":"http:\/\/ksiegarnia-akademicka.pl\/index.php\/wp-json\/wp\/v2\/product\/15184","targetHints":{"allow":["GET"]}}],"collection":[{"href":"http:\/\/ksiegarnia-akademicka.pl\/index.php\/wp-json\/wp\/v2\/product"}],"about":[{"href":"http:\/\/ksiegarnia-akademicka.pl\/index.php\/wp-json\/wp\/v2\/types\/product"}],"wp:featuredmedia":[{"embeddable":true,"href":"http:\/\/ksiegarnia-akademicka.pl\/index.php\/wp-json\/wp\/v2\/media\/15185"}],"wp:attachment":[{"href":"http:\/\/ksiegarnia-akademicka.pl\/index.php\/wp-json\/wp\/v2\/media?parent=15184"}],"wp:term":[{"taxonomy":"product_brand","embeddable":true,"href":"http:\/\/ksiegarnia-akademicka.pl\/index.php\/wp-json\/wp\/v2\/product_brand?post=15184"},{"taxonomy":"product_cat","embeddable":true,"href":"http:\/\/ksiegarnia-akademicka.pl\/index.php\/wp-json\/wp\/v2\/product_cat?post=15184"},{"taxonomy":"product_tag","embeddable":true,"href":"http:\/\/ksiegarnia-akademicka.pl\/index.php\/wp-json\/wp\/v2\/product_tag?post=15184"}],"curies":[{"name":"wp","href":"https:\/\/api.w.org\/{rel}","templated":true}]}}