{"id":15167,"date":"2022-01-21T16:18:02","date_gmt":"2022-01-21T15:18:02","guid":{"rendered":"http:\/\/ksiegarnia-akademicka.pl\/?post_type=product&#038;p=15167"},"modified":"2022-01-21T16:18:02","modified_gmt":"2022-01-21T15:18:02","slug":"crash-course-otorynolaryngologia","status":"publish","type":"product","link":"http:\/\/ksiegarnia-akademicka.pl\/index.php\/product\/crash-course-otorynolaryngologia\/","title":{"rendered":"Crash Course Otorynolaryngologia"},"content":{"rendered":"<p>Nale\u017cy do serii:<br \/>\nCRASH COURSE<br \/>\nAutor:<br \/>\nAchim Viktor<br \/>\nT\u0142umacze: Kope\u0107 Tomasz<br \/>\nWydawca: Edra Urban &amp; Partner<br \/>\nOprawa: Mi\u0119kka<br \/>\nFormat: 17.0&#215;24.0cm<br \/>\nLiczba stron: 238<br \/>\nRok wydania: 2017<br \/>\nJ\u0119zyk wydania: polski<\/p>\n<p>Seria podr\u0119cznik\u00f3w do przedmiot\u00f3w klinicznych dla student\u00f3w, jakiej jeszcze nie by\u0142o na polskim rynku wydawniczym. Opracowana i napisana przez student\u00f3w i nauczycieli akademickich, czyli przez osoby, kt\u00f3re doskonale wiedz\u0105, na czym polega zdawanie egzaminu i jaki rzeczywi\u015bcie zakres materia\u0142u nale\u017cy przyswoi\u0107, aby osi\u0105gn\u0105\u0107 cel.<br \/>\nUk\u0142ad podr\u0119cznik\u00f3w, ich niezwykle przejrzysta forma, liczne tabele, ryciny i zestawienia s\u0105 tak pomy\u015blane, aby zainteresowa\u0107 studenta i u\u0142atwi\u0107 mu nauk\u0119.<br \/>\nAutorzy ani przez chwil\u0119 nie zapominaj\u0105 o oczekiwaniach swoich czytelnik\u00f3w, podkre\u015blaj\u0105 i dowcipnie obrazuj\u0105 najwa\u017cniejsze informacje, podaj\u0105 najcz\u0119\u015bciej spotykane pytania egzaminacyjne, pomijaj\u0105 rzeczy zb\u0119dne i nieistotne.<\/p>\n","protected":false},"excerpt":{"rendered":"<p>Nale\u017cy do serii: CRASH COURSE Autor: Achim Viktor T\u0142umacze: Kope\u0107 [&hellip;]<\/p>\n","protected":false},"featured_media":15168,"template":"","meta":[],"product_brand":[],"product_cat":[7493],"product_tag":[6509,8152],"class_list":{"0":"post-15167","1":"product","2":"type-product","3":"status-publish","4":"has-post-thumbnail","6":"product_cat-medycyna","7":"product_tag-laryngologia","8":"product_tag-seria-crash-course","10":"first","11":"instock","12":"sale","13":"shipping-taxable","14":"purchasable","15":"product-type-simple"},"_links":{"self":[{"href":"http:\/\/ksiegarnia-akademicka.pl\/index.php\/wp-json\/wp\/v2\/product\/15167","targetHints":{"allow":["GET"]}}],"collection":[{"href":"http:\/\/ksiegarnia-akademicka.pl\/index.php\/wp-json\/wp\/v2\/product"}],"about":[{"href":"http:\/\/ksiegarnia-akademicka.pl\/index.php\/wp-json\/wp\/v2\/types\/product"}],"wp:featuredmedia":[{"embeddable":true,"href":"http:\/\/ksiegarnia-akademicka.pl\/index.php\/wp-json\/wp\/v2\/media\/15168"}],"wp:attachment":[{"href":"http:\/\/ksiegarnia-akademicka.pl\/index.php\/wp-json\/wp\/v2\/media?parent=15167"}],"wp:term":[{"taxonomy":"product_brand","embeddable":true,"href":"http:\/\/ksiegarnia-akademicka.pl\/index.php\/wp-json\/wp\/v2\/product_brand?post=15167"},{"taxonomy":"product_cat","embeddable":true,"href":"http:\/\/ksiegarnia-akademicka.pl\/index.php\/wp-json\/wp\/v2\/product_cat?post=15167"},{"taxonomy":"product_tag","embeddable":true,"href":"http:\/\/ksiegarnia-akademicka.pl\/index.php\/wp-json\/wp\/v2\/product_tag?post=15167"}],"curies":[{"name":"wp","href":"https:\/\/api.w.org\/{rel}","templated":true}]}}