{"id":15165,"date":"2022-01-21T16:14:01","date_gmt":"2022-01-21T15:14:01","guid":{"rendered":"http:\/\/ksiegarnia-akademicka.pl\/?post_type=product&#038;p=15165"},"modified":"2022-01-21T16:14:35","modified_gmt":"2022-01-21T15:14:35","slug":"crash-course-metabolizm-i-zywienie","status":"publish","type":"product","link":"http:\/\/ksiegarnia-akademicka.pl\/index.php\/product\/crash-course-metabolizm-i-zywienie\/","title":{"rendered":"Crash Course Metabolizm i \u017cywienie"},"content":{"rendered":"<p>Autor:<br \/>\nAppleton, O. Vanbergen<br \/>\nRedakcja: Brzozowski T.<br \/>\nWydawca: Edra Urban &amp; Partner<br \/>\nOprawa: Mi\u0119kka<br \/>\nFormat: 17.5&#215;25.2cm<br \/>\nLiczba stron: 240<br \/>\nWydanie: 4<br \/>\nRok wydania: 2020<br \/>\nJ\u0119zyk wydania: polski<\/p>\n<p>Seria podr\u0119cznik\u00f3w Crash Course to idealne antidotum na stres egzaminacyjny.<br \/>\nDzi\u0119ki niej zaoszcz\u0119dzisz czas i zyskasz pewno\u015b\u0107, \u017ce dysponujesz zebranymi w jednym miejscu informacjami, kt\u00f3rych potrzebujesz, aby zaliczy\u0107 zaj\u0119cia z danej dziedziny i zda\u0107 egzamin.<br \/>\nFormu\u0142a serii sprawdza si\u0119 od ponad 15 lat. Niezwykle przejrzysta forma podr\u0119cznik\u00f3w, liczne tabele, ryciny i zestawienia s\u0105 tak przemy\u015blane, aby zainteresowa\u0107 studenta i u\u0142atwi\u0107 mu nauk\u0119.<br \/>\nAutorami s\u0105 studenci i nauczyciele akademiccy, czyli osoby, kt\u00f3re doskonale wiedz\u0105, na czym polega zdawanie egzaminu i jaki zakres materia\u0142u nale\u017cy przyswoi\u0107, aby ten cel osi\u0105gn\u0105\u0107.<br \/>\nAni na chwil\u0119 nie zapominaj\u0105 oni o potrzebach swoich czytelnik\u00f3w. Podkre\u015blaj\u0105 i dowcipnie obrazuj\u0105 najwa\u017cniejsze informacje, podaj\u0105 najcz\u0119\u015bciej spotykane pytania egzaminacyjne, pomijaj\u0105 za\u015b rzeczy zb\u0119dne i nieistotne.<\/p>\n","protected":false},"excerpt":{"rendered":"<p>Autor: Appleton, O. Vanbergen Redakcja: Brzozowski T. Wydawca: Edra Urban [&hellip;]<\/p>\n","protected":false},"featured_media":15166,"template":"","meta":[],"product_brand":[],"product_cat":[7493],"product_tag":[6922,8155,8152,1754],"class_list":{"0":"post-15165","1":"product","2":"type-product","3":"status-publish","4":"has-post-thumbnail","6":"product_cat-medycyna","7":"product_tag-gastrologia","8":"product_tag-metabolizm","9":"product_tag-seria-crash-course","10":"product_tag-zywienie","12":"first","13":"instock","14":"sale","15":"shipping-taxable","16":"purchasable","17":"product-type-simple"},"_links":{"self":[{"href":"http:\/\/ksiegarnia-akademicka.pl\/index.php\/wp-json\/wp\/v2\/product\/15165","targetHints":{"allow":["GET"]}}],"collection":[{"href":"http:\/\/ksiegarnia-akademicka.pl\/index.php\/wp-json\/wp\/v2\/product"}],"about":[{"href":"http:\/\/ksiegarnia-akademicka.pl\/index.php\/wp-json\/wp\/v2\/types\/product"}],"wp:featuredmedia":[{"embeddable":true,"href":"http:\/\/ksiegarnia-akademicka.pl\/index.php\/wp-json\/wp\/v2\/media\/15166"}],"wp:attachment":[{"href":"http:\/\/ksiegarnia-akademicka.pl\/index.php\/wp-json\/wp\/v2\/media?parent=15165"}],"wp:term":[{"taxonomy":"product_brand","embeddable":true,"href":"http:\/\/ksiegarnia-akademicka.pl\/index.php\/wp-json\/wp\/v2\/product_brand?post=15165"},{"taxonomy":"product_cat","embeddable":true,"href":"http:\/\/ksiegarnia-akademicka.pl\/index.php\/wp-json\/wp\/v2\/product_cat?post=15165"},{"taxonomy":"product_tag","embeddable":true,"href":"http:\/\/ksiegarnia-akademicka.pl\/index.php\/wp-json\/wp\/v2\/product_tag?post=15165"}],"curies":[{"name":"wp","href":"https:\/\/api.w.org\/{rel}","templated":true}]}}