{"id":15163,"date":"2022-01-21T16:10:56","date_gmt":"2022-01-21T15:10:56","guid":{"rendered":"http:\/\/ksiegarnia-akademicka.pl\/?post_type=product&#038;p=15163"},"modified":"2022-01-21T16:11:19","modified_gmt":"2022-01-21T15:11:19","slug":"psychiatria","status":"publish","type":"product","link":"http:\/\/ksiegarnia-akademicka.pl\/index.php\/product\/psychiatria\/","title":{"rendered":"Crash Course Psychiatria"},"content":{"rendered":"<p>Nale\u017cy do serii:<br \/>\nCRASH COURSE<br \/>\nAutor:<br \/>\nKatie Marwick<br \/>\nT\u0142umacze: Sidorowicz S\u0142awomir K.<br \/>\nWydawca: Edra Urban &amp; Partner<br \/>\nOprawa: Mi\u0119kka<br \/>\nFormat: 16.5&#215;23.5cm<br \/>\nLiczba stron: 336<br \/>\nWydanie: 2<br \/>\nRok wydania: 2021<br \/>\nJ\u0119zyk wydania: polski<\/p>\n<p>Seria podr\u0119cznik\u00f3w Crash Course to idealne antidotum na stres egzaminacyjny. Formu\u0142a serii sprawdza si\u0119 od ponad 15 lat. Niezwykle przejrzysta forma podr\u0119cznik\u00f3w, liczne tabele, ryciny i zestawienia s\u0105 tak przemy\u015blane, aby zainteresowa\u0107 studenta i u\u0142atwi\u0107 mu nauk\u0119. Autorami s\u0105 studenci i nauczyciele akademiccy, czyli osoby, kt\u00f3re doskonale wiedz\u0105, na czym polega zdawanie egzaminu i jaki zakres materia\u0142u nale\u017cy przyswoi\u0107, aby ten cel osi\u0105gn\u0105\u0107. Podkre\u015blaj\u0105 i dowcipnie obrazuj\u0105 najwa\u017cniejsze informacje, podaj\u0105 najcz\u0119\u015bciej spotykane pytania egzaminacyjne, pomijaj\u0105 za\u015b rzeczy zb\u0119dne i nieistotne.<\/p>\n","protected":false},"excerpt":{"rendered":"<p>Nale\u017cy do serii: CRASH COURSE Autor: Katie Marwick T\u0142umacze: Sidorowicz [&hellip;]<\/p>\n","protected":false},"featured_media":15164,"template":"","meta":[],"product_brand":[],"product_cat":[7493],"product_tag":[1665,8152],"class_list":{"0":"post-15163","1":"product","2":"type-product","3":"status-publish","4":"has-post-thumbnail","6":"product_cat-medycyna","7":"product_tag-psychiatria","8":"product_tag-seria-crash-course","10":"first","11":"instock","12":"sale","13":"shipping-taxable","14":"purchasable","15":"product-type-simple"},"_links":{"self":[{"href":"http:\/\/ksiegarnia-akademicka.pl\/index.php\/wp-json\/wp\/v2\/product\/15163","targetHints":{"allow":["GET"]}}],"collection":[{"href":"http:\/\/ksiegarnia-akademicka.pl\/index.php\/wp-json\/wp\/v2\/product"}],"about":[{"href":"http:\/\/ksiegarnia-akademicka.pl\/index.php\/wp-json\/wp\/v2\/types\/product"}],"wp:featuredmedia":[{"embeddable":true,"href":"http:\/\/ksiegarnia-akademicka.pl\/index.php\/wp-json\/wp\/v2\/media\/15164"}],"wp:attachment":[{"href":"http:\/\/ksiegarnia-akademicka.pl\/index.php\/wp-json\/wp\/v2\/media?parent=15163"}],"wp:term":[{"taxonomy":"product_brand","embeddable":true,"href":"http:\/\/ksiegarnia-akademicka.pl\/index.php\/wp-json\/wp\/v2\/product_brand?post=15163"},{"taxonomy":"product_cat","embeddable":true,"href":"http:\/\/ksiegarnia-akademicka.pl\/index.php\/wp-json\/wp\/v2\/product_cat?post=15163"},{"taxonomy":"product_tag","embeddable":true,"href":"http:\/\/ksiegarnia-akademicka.pl\/index.php\/wp-json\/wp\/v2\/product_tag?post=15163"}],"curies":[{"name":"wp","href":"https:\/\/api.w.org\/{rel}","templated":true}]}}