{"id":15148,"date":"2022-01-21T15:49:30","date_gmt":"2022-01-21T14:49:30","guid":{"rendered":"http:\/\/ksiegarnia-akademicka.pl\/?post_type=product&#038;p=15148"},"modified":"2022-01-21T15:49:31","modified_gmt":"2022-01-21T14:49:31","slug":"crash-course-anestezjologia","status":"publish","type":"product","link":"http:\/\/ksiegarnia-akademicka.pl\/index.php\/product\/crash-course-anestezjologia\/","title":{"rendered":"Crash Course Anestezjologia"},"content":{"rendered":"<p>Autor:<br \/>\nMark Weinert<br \/>\nRedakcja: Kubler Andrzej<br \/>\nT\u0142umacze: Durek Gra\u017cyna, Fidzia\u0144ska-D\u0142ugosz Ewa, \u0141ysenko Lidia<br \/>\nWydawca: Edra Urban &amp; Partner<br \/>\nOprawa: Mi\u0119kka<br \/>\nFormat: 17.5&#215;25.5cm<br \/>\nLiczba stron: 189<br \/>\nWydanie: 2<br \/>\nRok wydania: 2021<\/p>\n<p>Ksi\u0105\u017cka przedstawia nie tylko anestezjologi\u0119 kliniczn\u0105 oraz intensywn\u0105 terapi\u0119, ale tak\u017ce medycyn\u0119 przypadk\u00f3w nag\u0142ych, leczenie b\u00f3lu, a nawet wprowadzenie do medycyny paliatywnej. Jest to zakres wiedzy obejmuj\u0105cy szkolenie specjalistyczne w zakresie anestezjologii.<br \/>\nPublikacja ta b\u0119dzie przydatna dla student\u00f3w dzi\u0119ki jasno\u015bci i zwi\u0119z\u0142o\u015bci zawartych w niej tre\u015bci. Powinna by\u0107 te\u017c interesuj\u0105ca dla przedstawicieli innych specjalno\u015bci, kt\u00f3rzy chc\u0105 pozna\u0107 aktualn\u0105 problematyk\u0119 anestezjologiczn\u0105. B\u0119dzie to na pewno publikacja cenna dla rezydent\u00f3w z dziedziny anestezjologii i intensywnej terapii.<br \/>\nBardzo istotn\u0105 zalet\u0105 tej ksi\u0105\u017cki jest przedstawienie wiedzy niezb\u0119dnej dla pe\u0142nego wykszta\u0142cenia anestezjologicznego na podstawie klasycznego kanonu &#8222;czterech n\u00f3g wsp\u00f3\u0142czesnej anestezjologii&#8221;: znieczulenia, intensywnego leczenia, resuscytacji i leczenia b\u00f3lu.<\/p>\n<p>Wydanie drugie tej publikacji zosta\u0142o po 8 latach poddane gruntownej aktualizacji i powinno pos\u0142u\u017cy\u0107 jako podstawa wiedzy zar\u00f3wno dla student\u00f3w, jak i dla lekarzy.<\/p>\n","protected":false},"excerpt":{"rendered":"<p>Autor: Mark Weinert Redakcja: Kubler Andrzej T\u0142umacze: Durek Gra\u017cyna, Fidzia\u0144ska-D\u0142ugosz [&hellip;]<\/p>\n","protected":false},"featured_media":15149,"template":"","meta":[],"product_brand":[],"product_cat":[7493],"product_tag":[6565,8152],"class_list":{"0":"post-15148","1":"product","2":"type-product","3":"status-publish","4":"has-post-thumbnail","6":"product_cat-medycyna","7":"product_tag-anestezjologia","8":"product_tag-seria-crash-course","10":"first","11":"instock","12":"sale","13":"shipping-taxable","14":"purchasable","15":"product-type-simple"},"_links":{"self":[{"href":"http:\/\/ksiegarnia-akademicka.pl\/index.php\/wp-json\/wp\/v2\/product\/15148","targetHints":{"allow":["GET"]}}],"collection":[{"href":"http:\/\/ksiegarnia-akademicka.pl\/index.php\/wp-json\/wp\/v2\/product"}],"about":[{"href":"http:\/\/ksiegarnia-akademicka.pl\/index.php\/wp-json\/wp\/v2\/types\/product"}],"wp:featuredmedia":[{"embeddable":true,"href":"http:\/\/ksiegarnia-akademicka.pl\/index.php\/wp-json\/wp\/v2\/media\/15149"}],"wp:attachment":[{"href":"http:\/\/ksiegarnia-akademicka.pl\/index.php\/wp-json\/wp\/v2\/media?parent=15148"}],"wp:term":[{"taxonomy":"product_brand","embeddable":true,"href":"http:\/\/ksiegarnia-akademicka.pl\/index.php\/wp-json\/wp\/v2\/product_brand?post=15148"},{"taxonomy":"product_cat","embeddable":true,"href":"http:\/\/ksiegarnia-akademicka.pl\/index.php\/wp-json\/wp\/v2\/product_cat?post=15148"},{"taxonomy":"product_tag","embeddable":true,"href":"http:\/\/ksiegarnia-akademicka.pl\/index.php\/wp-json\/wp\/v2\/product_tag?post=15148"}],"curies":[{"name":"wp","href":"https:\/\/api.w.org\/{rel}","templated":true}]}}