{"id":15102,"date":"2022-01-10T09:22:11","date_gmt":"2022-01-10T08:22:11","guid":{"rendered":"http:\/\/ksiegarnia-akademicka.pl\/?post_type=product&#038;p=15102"},"modified":"2024-12-05T08:56:48","modified_gmt":"2024-12-05T07:56:48","slug":"fundamentalna-sila-miasta-synteza-koncepcji-zrownowazonego-inteligentnego-i-odpornego-miasta","status":"publish","type":"product","link":"http:\/\/ksiegarnia-akademicka.pl\/index.php\/product\/fundamentalna-sila-miasta-synteza-koncepcji-zrownowazonego-inteligentnego-i-odpornego-miasta\/","title":{"rendered":"Fundamentalna si\u0142a miasta Synteza koncepcji zr\u00f3wnowa\u017conego, inteligentnego i odpornego miasta"},"content":{"rendered":"<p>Autor:<br \/>\nWojewnik-Filipkowska Anna, Gierusz Anna, Krauze-Ma\u015blankowska Patrycja<br \/>\nWydawca: CeDeWu<br \/>\nOprawa: Mi\u0119kka<br \/>\nFormat: 16.5&#215;23.5cm<br \/>\nLiczba stron: 205<br \/>\nRok wydania: 2021<br \/>\nJ\u0119zyk wydania: polski<\/p>\n<p>Miasta to obszary o du\u017cej koncentracji ludno\u015bci i dzia\u0142alno\u015bci gospodarczej, spraw spo\u0142ecznych, technicznych, administracyjnych i politycznych, dlatego s\u0105 interesuj\u0105cym, ale trudnym obszarem do zarz\u0105dzania. Jednym z aspekt\u00f3w, kt\u00f3re rozpatruje si\u0119 w analizie miast, s\u0105 wyniki zarz\u0105dzania miastem i jego rozwojem przedstawiane za pomoc\u0105 wska\u017anik\u00f3w poziomu rozwoju gospodarczego, poziomu atrakcyjno\u015bci inwestycyjnej, a tak\u017ce wska\u017aniki jako\u015bci \u017cycia mieszka\u0144c\u00f3w czy poziomu zaspokojenia.<\/p>\n<p>Autorzy na podstawie analizy przeprowadzonej dla 18 miast w Polsce w latach 2014-2019 podejmuj\u0105 si\u0119 odpowiedzi na nast\u0119puj\u0105ce pytania:<br \/>\n\u00b7 Jakie zmienne determinuj\u0105 poziom zr\u00f3wnowa\u017cenia, inteligencji i odporno\u015bci miast?<br \/>\n\u00b7 Czy miasta s\u0105 na \u015bcie\u017cce rozwoju zr\u00f3wnowa\u017conego, inteligentnego czy odpornego miasta?<br \/>\n\u00b7 Jakie wyniki osi\u0105gaj\u0105 miasta w por\u00f3wnaniu do innych miast w ramach danego modelu rozwoju?<br \/>\n\u00b7 Jak kszta\u0142tuj\u0105 si\u0119 warto\u015bci indeksu fundamentalnej si\u0142y miasta w ocenie wzgl\u0119dnej?<br \/>\n\u00b7 Czy z punktu widzenia poziomu zr\u00f3wnowa\u017cenia, inteligencji, odporno\u015bci i fundamentalnej si\u0142y miasta s\u0105 do siebie podobne?<\/p>\n","protected":false},"excerpt":{"rendered":"<p>Autor: Wojewnik-Filipkowska Anna, Gierusz Anna, Krauze-Ma\u015blankowska Patrycja Wydawca: CeDeWu Oprawa: [&hellip;]<\/p>\n","protected":false},"featured_media":15103,"template":"","meta":[],"product_brand":[],"product_cat":[7494],"product_tag":[486,3856],"class_list":{"0":"post-15102","1":"product","2":"type-product","3":"status-publish","4":"has-post-thumbnail","6":"product_cat-samorzad-terytorialny","7":"product_tag-samorzad-terytorialny","8":"product_tag-urbanistyka","10":"first","11":"instock","12":"sale","13":"shipping-taxable","14":"purchasable","15":"product-type-simple"},"_links":{"self":[{"href":"http:\/\/ksiegarnia-akademicka.pl\/index.php\/wp-json\/wp\/v2\/product\/15102","targetHints":{"allow":["GET"]}}],"collection":[{"href":"http:\/\/ksiegarnia-akademicka.pl\/index.php\/wp-json\/wp\/v2\/product"}],"about":[{"href":"http:\/\/ksiegarnia-akademicka.pl\/index.php\/wp-json\/wp\/v2\/types\/product"}],"wp:featuredmedia":[{"embeddable":true,"href":"http:\/\/ksiegarnia-akademicka.pl\/index.php\/wp-json\/wp\/v2\/media\/15103"}],"wp:attachment":[{"href":"http:\/\/ksiegarnia-akademicka.pl\/index.php\/wp-json\/wp\/v2\/media?parent=15102"}],"wp:term":[{"taxonomy":"product_brand","embeddable":true,"href":"http:\/\/ksiegarnia-akademicka.pl\/index.php\/wp-json\/wp\/v2\/product_brand?post=15102"},{"taxonomy":"product_cat","embeddable":true,"href":"http:\/\/ksiegarnia-akademicka.pl\/index.php\/wp-json\/wp\/v2\/product_cat?post=15102"},{"taxonomy":"product_tag","embeddable":true,"href":"http:\/\/ksiegarnia-akademicka.pl\/index.php\/wp-json\/wp\/v2\/product_tag?post=15102"}],"curies":[{"name":"wp","href":"https:\/\/api.w.org\/{rel}","templated":true}]}}