{"id":15100,"date":"2022-01-10T09:20:08","date_gmt":"2022-01-10T08:20:08","guid":{"rendered":"http:\/\/ksiegarnia-akademicka.pl\/?post_type=product&#038;p=15100"},"modified":"2022-01-10T09:20:09","modified_gmt":"2022-01-10T08:20:09","slug":"cechy-jakosciowe-sprawozdawczosci-finansowej-a-jej-uzytecznosc-w-swietle-regulacji-miedzynarodowego-prawa-bilansowego","status":"publish","type":"product","link":"http:\/\/ksiegarnia-akademicka.pl\/index.php\/product\/cechy-jakosciowe-sprawozdawczosci-finansowej-a-jej-uzytecznosc-w-swietle-regulacji-miedzynarodowego-prawa-bilansowego\/","title":{"rendered":"Cechy jako\u015bciowe sprawozdawczo\u015bci finansowej a jej u\u017cyteczno\u015b\u0107 w \u015bwietle regulacji mi\u0119dzynarodowego prawa bilansowego"},"content":{"rendered":"<p>Autor:<br \/>\nAnna Kuzior<br \/>\nWydawca: CeDeWu<br \/>\nOprawa: Mi\u0119kka<br \/>\nFormat: 16.5&#215;23.5cm<br \/>\nLiczba stron: 105<br \/>\nRok wydania: 2021<br \/>\nJ\u0119zyk wydania: polski<\/p>\n<p>Sprawozdania finansowe stanowi\u0105 g\u0142\u00f3wne \u017ar\u00f3d\u0142o informacji finansowych o jednostce gospodarczej, s\u0142u\u017c\u0105ce szerokiemu gronu u\u017cytkownik\u00f3w. Dysponowanie odpowiednimi informacjami jest dla nich niezb\u0119dne w procesie podejmowania decyzji ekonomicznych. Tematem publikacji jest charakterystyka cech, jakimi powinny charakteryzowa\u0107 si\u0119 informacje finansowe prezentowane wsp\u00f3\u0142cze\u015bnie w sprawozdaniu finansowym (na tle obowi\u0105zuj\u0105cych regulacji MSSF), a tak\u017ce okre\u015blenie czynnik\u00f3w zapewniaj\u0105cych wysok\u0105 u\u017cyteczno\u015b\u0107 raport\u00f3w finansowych.<\/p>\n<p>W\u015br\u00f3d zaprezentowanych zagadnie\u0144:<br \/>\n&#8211; charakterystyka grup u\u017cytkownik\u00f3w sprawozdania finansowego i ich potrzeb informacyjnych<br \/>\n&#8211; opis celu sprawozdania finansowego oraz zasad jego prezentacji<br \/>\n&#8211; charakterystyka cech u\u017cytecznej informacji finansowej<br \/>\n&#8211; prezentacja zasad sporz\u0105dzania sprawozdania finansowego wynikaj\u0105cych z MS 1<br \/>\n&#8211; prezentacja sprawozda\u0144 finansowych, ze szczeg\u00f3lnym uwzgl\u0119dnieniem praw wyboru<br \/>\n&#8211; opis podstaw i zasad konstruowania polityki rachunkowo\u015bci, a tak\u017ce metod i modeli wyceny, kt\u00f3re jednostki mog\u0105 stosowa\u0107, sporz\u0105dzaj\u0105c sprawozdanie finansowe na podstawie regulacji zawartych w MSSF<\/p>\n<p>&#8211; wyniki analizy sprawozda\u0144 finansowych wybranych sp\u00f3\u0142ek notowanych na GPW w Warszawie, przeprowadzonej pod k\u0105tem ich por\u00f3wnywalno\u015bci.<\/p>\n","protected":false},"excerpt":{"rendered":"<p>Autor: Anna Kuzior Wydawca: CeDeWu Oprawa: Mi\u0119kka Format: 16.5&#215;23.5cm Liczba [&hellip;]<\/p>\n","protected":false},"featured_media":15101,"template":"","meta":[],"product_brand":[],"product_cat":[23],"product_tag":[1496,4596],"class_list":{"0":"post-15100","1":"product","2":"type-product","3":"status-publish","4":"has-post-thumbnail","6":"product_cat-rachunkowosc","7":"product_tag-rachunkowosc","8":"product_tag-sprawozdawczosc-finansowa","10":"first","11":"instock","12":"sale","13":"shipping-taxable","14":"purchasable","15":"product-type-simple"},"_links":{"self":[{"href":"http:\/\/ksiegarnia-akademicka.pl\/index.php\/wp-json\/wp\/v2\/product\/15100","targetHints":{"allow":["GET"]}}],"collection":[{"href":"http:\/\/ksiegarnia-akademicka.pl\/index.php\/wp-json\/wp\/v2\/product"}],"about":[{"href":"http:\/\/ksiegarnia-akademicka.pl\/index.php\/wp-json\/wp\/v2\/types\/product"}],"wp:featuredmedia":[{"embeddable":true,"href":"http:\/\/ksiegarnia-akademicka.pl\/index.php\/wp-json\/wp\/v2\/media\/15101"}],"wp:attachment":[{"href":"http:\/\/ksiegarnia-akademicka.pl\/index.php\/wp-json\/wp\/v2\/media?parent=15100"}],"wp:term":[{"taxonomy":"product_brand","embeddable":true,"href":"http:\/\/ksiegarnia-akademicka.pl\/index.php\/wp-json\/wp\/v2\/product_brand?post=15100"},{"taxonomy":"product_cat","embeddable":true,"href":"http:\/\/ksiegarnia-akademicka.pl\/index.php\/wp-json\/wp\/v2\/product_cat?post=15100"},{"taxonomy":"product_tag","embeddable":true,"href":"http:\/\/ksiegarnia-akademicka.pl\/index.php\/wp-json\/wp\/v2\/product_tag?post=15100"}],"curies":[{"name":"wp","href":"https:\/\/api.w.org\/{rel}","templated":true}]}}