{"id":15087,"date":"2022-01-10T08:55:46","date_gmt":"2022-01-10T07:55:46","guid":{"rendered":"http:\/\/ksiegarnia-akademicka.pl\/?post_type=product&#038;p=15087"},"modified":"2024-12-05T08:57:27","modified_gmt":"2024-12-05T07:57:27","slug":"spoleczenstwo-handlowe-wprowadzenie-do-etyki-i-ekonomii","status":"publish","type":"product","link":"http:\/\/ksiegarnia-akademicka.pl\/index.php\/product\/spoleczenstwo-handlowe-wprowadzenie-do-etyki-i-ekonomii\/","title":{"rendered":"Spo\u0142ecze\u0144stwo handlowe Wprowadzenie do etyki i ekonomii"},"content":{"rendered":"<p>Autor:<br \/>\nDavid Schmidtz<br \/>\nT\u0142umacze: W\u00f3jtowicz Stanis\u0142aw<br \/>\nWydawca: Freedom Publishing<br \/>\nOprawa: Mi\u0119kka<br \/>\nFormat: 15.0&#215;21.0cm<br \/>\nLiczba stron: 494<br \/>\nWydanie: 1<br \/>\nRok wydania: 2021<br \/>\nJ\u0119zyk wydania: polski<\/p>\n<p>Ludzie to istoty spo\u0142eczne. Ich unikalnym mechanizmem przetrwania jest zdolno\u015b\u0107 do wsp\u00f3\u0142pracy. Najbardziej fundamentaln\u0105 relacj\u0105 na rynku jest wsp\u00f3\u0142praca, a nie konkurencja. Podstawowa relacja rynkowa to relacja handlowa \u2013 wymienianie si\u0119 dobrami lub us\u0142ugami na wzajemnie uzgodnionych warunkach.<\/p>\n<p>Wsp\u00f3\u0142praca i handel s\u0105 niemal tym samym. Jedno z tych poj\u0119\u0107 pochodzi z obszaru etyki, a drugie z ekonomii, ale niezale\u017cnie od tego, jakiej nazwy u\u017cyjemy, dzia\u0142alno\u015b\u0107 ta \u2013 wsp\u00f3\u0142praca z innymi lud\u017ami \u2013 to w d\u0142u\u017cszej perspektywie czasowej nasza najlepsza nadzieja na lepsze \u017cycie. Badaj\u0105c handel i wsp\u00f3\u0142prac\u0119, badamy logik\u0119, kt\u00f3ra spe\u0142nia obietnic\u0119 lepszego \u017cycia.<br \/>\nfragment ksi\u0105\u017cki<\/p>\n","protected":false},"excerpt":{"rendered":"<p>Autor: David Schmidtz T\u0142umacze: W\u00f3jtowicz Stanis\u0142aw Wydawca: Freedom Publishing Oprawa: [&hellip;]<\/p>\n","protected":false},"featured_media":15088,"template":"","meta":[],"product_brand":[],"product_cat":[17,7498],"product_tag":[337,5062],"class_list":{"0":"post-15087","1":"product","2":"type-product","3":"status-publish","4":"has-post-thumbnail","6":"product_cat-ekonomia","7":"product_cat-teoria-ekonomii","8":"product_tag-ekonomia","9":"product_tag-ekonomia-spoleczna","11":"first","12":"instock","13":"sale","14":"shipping-taxable","15":"purchasable","16":"product-type-simple"},"_links":{"self":[{"href":"http:\/\/ksiegarnia-akademicka.pl\/index.php\/wp-json\/wp\/v2\/product\/15087","targetHints":{"allow":["GET"]}}],"collection":[{"href":"http:\/\/ksiegarnia-akademicka.pl\/index.php\/wp-json\/wp\/v2\/product"}],"about":[{"href":"http:\/\/ksiegarnia-akademicka.pl\/index.php\/wp-json\/wp\/v2\/types\/product"}],"wp:featuredmedia":[{"embeddable":true,"href":"http:\/\/ksiegarnia-akademicka.pl\/index.php\/wp-json\/wp\/v2\/media\/15088"}],"wp:attachment":[{"href":"http:\/\/ksiegarnia-akademicka.pl\/index.php\/wp-json\/wp\/v2\/media?parent=15087"}],"wp:term":[{"taxonomy":"product_brand","embeddable":true,"href":"http:\/\/ksiegarnia-akademicka.pl\/index.php\/wp-json\/wp\/v2\/product_brand?post=15087"},{"taxonomy":"product_cat","embeddable":true,"href":"http:\/\/ksiegarnia-akademicka.pl\/index.php\/wp-json\/wp\/v2\/product_cat?post=15087"},{"taxonomy":"product_tag","embeddable":true,"href":"http:\/\/ksiegarnia-akademicka.pl\/index.php\/wp-json\/wp\/v2\/product_tag?post=15087"}],"curies":[{"name":"wp","href":"https:\/\/api.w.org\/{rel}","templated":true}]}}