{"id":15069,"date":"2022-01-10T08:28:59","date_gmt":"2022-01-10T07:28:59","guid":{"rendered":"http:\/\/ksiegarnia-akademicka.pl\/?post_type=product&#038;p=15069"},"modified":"2022-01-10T08:29:00","modified_gmt":"2022-01-10T07:29:00","slug":"zamkniecie-roku-2021-w-jednostkach-sektora-publicznego","status":"publish","type":"product","link":"http:\/\/ksiegarnia-akademicka.pl\/index.php\/product\/zamkniecie-roku-2021-w-jednostkach-sektora-publicznego\/","title":{"rendered":"Zamkni\u0119cie roku 2021 w jednostkach sektora publicznego"},"content":{"rendered":"<p>Wydawca: Wiedza i Praktyka<br \/>\nOprawa: Mi\u0119kka<br \/>\nFormat: 16.0&#215;23.0cm<br \/>\nLiczba stron: 352<br \/>\nRok wydania: 2021<br \/>\nJ\u0119zyk wydania: polski<\/p>\n<p>W rozdzia\u0142ach I\u2013III opisano czynno\u015bci przygotowawcze niezb\u0119dne do zako\u0144czenia 2021 roku, w tym inwentaryzacj\u0119 sk\u0142adnik\u00f3w aktyw\u00f3w i pasyw\u00f3w jednostki oraz ich ewidencj\u0119 na dzie\u0144 bilansowy. W rozdziale IV przedstawiono w\u0142a\u015bciwy spos\u00f3b przygotowania ksi\u0105g rachunkowych do zamkni\u0119cia. W rozdzia\u0142ach V i VI om\u00f3wiono sprawozdawczo\u015b\u0107 bud\u017cetow\u0105 i finansow\u0105 na koniec roku, a w rozdziale VII \u2013 terminy sporz\u0105dzenia sprawozdania z wykonania bud\u017cetu oraz zakres informacyjny w nim zawarty, a tak\u017ce procedur\u0119 udzielania absolutorium organowi wykonawczemu jednostki samorz\u0105du terytorialnego.<\/p>\n","protected":false},"excerpt":{"rendered":"<p>Wydawca: Wiedza i Praktyka Oprawa: Mi\u0119kka Format: 16.0&#215;23.0cm Liczba stron: [&hellip;]<\/p>\n","protected":false},"featured_media":15070,"template":"","meta":[],"product_brand":[],"product_cat":[7492,18,23,7494],"product_tag":[3466,1496,486],"class_list":{"0":"post-15069","1":"product","2":"type-product","3":"status-publish","4":"has-post-thumbnail","6":"product_cat-administracyjne","7":"product_cat-prawo","8":"product_cat-rachunkowosc","9":"product_cat-samorzad-terytorialny","10":"product_tag-administracja","11":"product_tag-rachunkowosc","12":"product_tag-samorzad-terytorialny","14":"first","15":"instock","16":"sale","17":"shipping-taxable","18":"purchasable","19":"product-type-simple"},"_links":{"self":[{"href":"http:\/\/ksiegarnia-akademicka.pl\/index.php\/wp-json\/wp\/v2\/product\/15069","targetHints":{"allow":["GET"]}}],"collection":[{"href":"http:\/\/ksiegarnia-akademicka.pl\/index.php\/wp-json\/wp\/v2\/product"}],"about":[{"href":"http:\/\/ksiegarnia-akademicka.pl\/index.php\/wp-json\/wp\/v2\/types\/product"}],"wp:featuredmedia":[{"embeddable":true,"href":"http:\/\/ksiegarnia-akademicka.pl\/index.php\/wp-json\/wp\/v2\/media\/15070"}],"wp:attachment":[{"href":"http:\/\/ksiegarnia-akademicka.pl\/index.php\/wp-json\/wp\/v2\/media?parent=15069"}],"wp:term":[{"taxonomy":"product_brand","embeddable":true,"href":"http:\/\/ksiegarnia-akademicka.pl\/index.php\/wp-json\/wp\/v2\/product_brand?post=15069"},{"taxonomy":"product_cat","embeddable":true,"href":"http:\/\/ksiegarnia-akademicka.pl\/index.php\/wp-json\/wp\/v2\/product_cat?post=15069"},{"taxonomy":"product_tag","embeddable":true,"href":"http:\/\/ksiegarnia-akademicka.pl\/index.php\/wp-json\/wp\/v2\/product_tag?post=15069"}],"curies":[{"name":"wp","href":"https:\/\/api.w.org\/{rel}","templated":true}]}}