{"id":14988,"date":"2021-12-13T08:30:59","date_gmt":"2021-12-13T07:30:59","guid":{"rendered":"http:\/\/ksiegarnia-akademicka.pl\/?post_type=product&#038;p=14988"},"modified":"2021-12-13T08:30:59","modified_gmt":"2021-12-13T07:30:59","slug":"pit-2022","status":"publish","type":"product","link":"http:\/\/ksiegarnia-akademicka.pl\/index.php\/product\/pit-2022\/","title":{"rendered":"PIT 2022"},"content":{"rendered":"<p>Wydawca: ODDK<br \/>\nOprawa: Mi\u0119kka<br \/>\nLiczba stron: 440<br \/>\nRok wydania: 2021<br \/>\nJ\u0119zyk wydania: polski<\/p>\n<p>Polski \u0141ad ju\u017c w Dz.U.!<\/p>\n<p>ZMIANY W PIT PO POLSKIM \u0141ADZIE<\/p>\n<p>W publikacji:<\/p>\n<p>ujednolicony tekst ustawy o podatku dochodowym od os\u00f3b fizycznych z wyr\u00f3\u017cnieniem zmian wprowadzonych ustaw\u0105 z dnia 29 pa\u017adziernika 2021 r. o zmianie ustawy o podatku dochodowym od os\u00f3b fizycznych, ustawy o podatku dochodowym od os\u00f3b prawnych oraz niekt\u00f3rych innych ustaw (Dz.U. poz. 2105),<br \/>\ntabelaryczne zestawienie zmian \u2013 szczeg\u00f3\u0142owe por\u00f3wnanie brzmienia dotychczasowych przepis\u00f3w ze zmienionymi \u201ePolskim \u0141adem&#8221;.<\/p>\n<p>Ustawa zmieniaj\u0105ca wchodzi w \u017cycie z dniem 1 stycznia 2022 r., jednak cz\u0119\u015b\u0107 przepis\u00f3w zaczyna obowi\u0105zywa\u0107 14 dni od dnia og\u0142oszenia,tj. z dniem 8 grudnia 2021 r., a cz\u0119\u015b\u0107 od dnia 1 stycznia 2023 r. W tek\u015bcie ustawy oraz w tabelarycznym zestawieniu zmian przepisy te zosta\u0142y odpowiednio oznaczone.<\/p>\n","protected":false},"excerpt":{"rendered":"<p>Wydawca: ODDK Oprawa: Mi\u0119kka Liczba stron: 440 Rok wydania: 2021 [&hellip;]<\/p>\n","protected":false},"featured_media":14989,"template":"","meta":[],"product_brand":[],"product_cat":[22],"product_tag":[355,1055],"class_list":{"0":"post-14988","1":"product","2":"type-product","3":"status-publish","4":"has-post-thumbnail","6":"product_cat-podatki-i-prawo-podatkowe","7":"product_tag-podatki","8":"product_tag-prawo-podatkowe","10":"first","11":"instock","12":"sale","13":"shipping-taxable","14":"purchasable","15":"product-type-simple"},"_links":{"self":[{"href":"http:\/\/ksiegarnia-akademicka.pl\/index.php\/wp-json\/wp\/v2\/product\/14988","targetHints":{"allow":["GET"]}}],"collection":[{"href":"http:\/\/ksiegarnia-akademicka.pl\/index.php\/wp-json\/wp\/v2\/product"}],"about":[{"href":"http:\/\/ksiegarnia-akademicka.pl\/index.php\/wp-json\/wp\/v2\/types\/product"}],"wp:featuredmedia":[{"embeddable":true,"href":"http:\/\/ksiegarnia-akademicka.pl\/index.php\/wp-json\/wp\/v2\/media\/14989"}],"wp:attachment":[{"href":"http:\/\/ksiegarnia-akademicka.pl\/index.php\/wp-json\/wp\/v2\/media?parent=14988"}],"wp:term":[{"taxonomy":"product_brand","embeddable":true,"href":"http:\/\/ksiegarnia-akademicka.pl\/index.php\/wp-json\/wp\/v2\/product_brand?post=14988"},{"taxonomy":"product_cat","embeddable":true,"href":"http:\/\/ksiegarnia-akademicka.pl\/index.php\/wp-json\/wp\/v2\/product_cat?post=14988"},{"taxonomy":"product_tag","embeddable":true,"href":"http:\/\/ksiegarnia-akademicka.pl\/index.php\/wp-json\/wp\/v2\/product_tag?post=14988"}],"curies":[{"name":"wp","href":"https:\/\/api.w.org\/{rel}","templated":true}]}}