{"id":14889,"date":"2021-11-17T10:31:02","date_gmt":"2021-11-17T09:31:02","guid":{"rendered":"http:\/\/ksiegarnia-akademicka.pl\/?post_type=product&#038;p=14889"},"modified":"2024-12-05T09:01:46","modified_gmt":"2024-12-05T08:01:46","slug":"endokrynologia-ginekologiczna-i-bezplodnosc-techniki-operacyjne-w-ginekologii","status":"publish","type":"product","link":"http:\/\/ksiegarnia-akademicka.pl\/index.php\/product\/endokrynologia-ginekologiczna-i-bezplodnosc-techniki-operacyjne-w-ginekologii\/","title":{"rendered":"ENDOKRYNOLOGIA GINEKOLOGICZNA I BEZP\u0141ODNO\u015a\u0106. TECHNIKI OPERACYJNE W GINEKOLOGII"},"content":{"rendered":"<p>red. S. Nakajima, red. wyd. polskiego A. Olejek<br \/>\nWydawnictwo: Edra Urban &amp; Partner<br \/>\nRok wydania: 2021<br \/>\nIlo\u015b\u0107 stron: 192<\/p>\n<p>Autorzy ksi\u0105\u017cki Endokrynologia ginekologiczna i bezp\u0142odno\u015b\u0107 z serii Techniki Operacyjne w Ginekologii opisuj\u0105 najcz\u0119\u015bciej wykonywane operacje ginekologiczne. Wskazuj\u0105, jak wybra\u0107 najodpowiedniejsz\u0105 procedur\u0119 chirurgiczn\u0105, w jaki spos\u00f3b zapobiega\u0107 powik\u0142aniom oraz jakich rezultat\u00f3w oczekiwa\u0107. Ksi\u0105\u017cka zawiera najwy\u017cszej jako\u015bci ilustracje, przedstawiaj\u0105ce techniki zabieg\u00f3w. Jest \u0142atwa w odbiorze, aktualna i szczeg\u00f3\u0142owa, idealna dla rezydent\u00f3w i lekarzy na co dzie\u0144 zajmuj\u0105cych si\u0119 omawian\u0105 dziedzin\u0105.<\/p>\n<p>\u2022 Zwi\u0119z\u0142y tekst, wypunktowania i przejrzyste tabele pozwalaj\u0105 szybko przegl\u0105da\u0107 przedstawione informacje, a tak\u017ce zapozna\u0107 si\u0119 z praktycznymi poradami i potencjalnymi problemami dotycz\u0105cymi poszczeg\u00f3lnych procedur.<\/p>\n<p>\u2022 Wiele kolorowych fotografii i ilustracji \u015br\u00f3doperacyjnych oraz materia\u0142y wideo wysokiej jako\u015bci przedstawiaj\u0105 zabiegi krok po kroku i u\u0142atwiaj\u0105 ich praktyczn\u0105 nauk\u0119.<\/p>\n<p>\u2022 Omawiaj\u0105c poszczeg\u00f3lne problemy kliniczne, autorzy opisali zwi\u0105zane z nimi zagadnienia og\u00f3lne, aspekty anatomiczne, diagnostyk\u0119 r\u00f3\u017cnicow\u0105, stosowane metody obrazowe i inne procedury diagnostyczne, planowanie zabiegu, jego organizacj\u0119 i wykorzystywane techniki, zalety i zagro\u017cenia, opiek\u0119 pooperacyjn\u0105, wyniki leczenia oraz potencjalne powik\u0142ania.<\/p>\n<p>\u2022 W podr\u0119czniku przedstawiono zabiegi stosowane w leczeniu niep\u0142odno\u015bci (przeprowadzane w obr\u0119bie pochwy, szyjki macicy, macicy, jajowod\u00f3w, jajnik\u00f3w i jamy otrzewnowej) i w chirurgicznym leczeniu endometriozy, a tak\u017ce procedury medycyny reprodukcyjnej oraz metody obrazowania narz\u0105d\u00f3w rozrodczych i oceny jamy macicy.<\/p>\n<p>Spis tre\u015bci:<br \/>\nCZ\u0118\u015a\u0106 I OPERACJE POPRAWIAJ\u0104CE P\u0141ODNO\u015a\u0106 ZALE\u017bNIE OD LOKALIZACJI ANATOMICZNEJ<br \/>\n1 Pochwa 2<br \/>\n2 Szyjka macicy 26<br \/>\n3 Macica 39<br \/>\n4 Jajowody 78<br \/>\n5 Jajnik 108<br \/>\n6 Jama otrzewnej 121<br \/>\n7 Przezpochwowe pobranie oocyt\u00f3w 145<br \/>\n8 Transfer zarodka 152<br \/>\nCZ\u0118\u015a\u0106 III PROCEDURY AMBULATORYJNE<br \/>\n9 Obrazowanie narz\u0105d\u00f3w p\u0142ciowych 161<br \/>\n10 Oszacowanie wy\u015bcieliska endometrialnego i usuni\u0119cie resztek z macicy 180<\/p>\n","protected":false},"excerpt":{"rendered":"<p>red. S. Nakajima, red. wyd. polskiego A. Olejek Wydawnictwo: Edra [&hellip;]<\/p>\n","protected":false},"featured_media":14890,"template":"","meta":[],"product_brand":[],"product_cat":[7493,8031],"product_tag":[4919],"class_list":{"0":"post-14889","1":"product","2":"type-product","3":"status-publish","4":"has-post-thumbnail","6":"product_cat-medycyna","7":"product_cat-poloznictwo-ginekologia","8":"product_tag-ginekologia","10":"first","11":"instock","12":"sale","13":"shipping-taxable","14":"purchasable","15":"product-type-simple"},"_links":{"self":[{"href":"http:\/\/ksiegarnia-akademicka.pl\/index.php\/wp-json\/wp\/v2\/product\/14889","targetHints":{"allow":["GET"]}}],"collection":[{"href":"http:\/\/ksiegarnia-akademicka.pl\/index.php\/wp-json\/wp\/v2\/product"}],"about":[{"href":"http:\/\/ksiegarnia-akademicka.pl\/index.php\/wp-json\/wp\/v2\/types\/product"}],"wp:featuredmedia":[{"embeddable":true,"href":"http:\/\/ksiegarnia-akademicka.pl\/index.php\/wp-json\/wp\/v2\/media\/14890"}],"wp:attachment":[{"href":"http:\/\/ksiegarnia-akademicka.pl\/index.php\/wp-json\/wp\/v2\/media?parent=14889"}],"wp:term":[{"taxonomy":"product_brand","embeddable":true,"href":"http:\/\/ksiegarnia-akademicka.pl\/index.php\/wp-json\/wp\/v2\/product_brand?post=14889"},{"taxonomy":"product_cat","embeddable":true,"href":"http:\/\/ksiegarnia-akademicka.pl\/index.php\/wp-json\/wp\/v2\/product_cat?post=14889"},{"taxonomy":"product_tag","embeddable":true,"href":"http:\/\/ksiegarnia-akademicka.pl\/index.php\/wp-json\/wp\/v2\/product_tag?post=14889"}],"curies":[{"name":"wp","href":"https:\/\/api.w.org\/{rel}","templated":true}]}}