{"id":14881,"date":"2021-11-17T10:04:32","date_gmt":"2021-11-17T09:04:32","guid":{"rendered":"http:\/\/ksiegarnia-akademicka.pl\/?post_type=product&#038;p=14881"},"modified":"2024-12-05T08:43:26","modified_gmt":"2024-12-05T07:43:26","slug":"warunki-techniczne-jakim-powinny-odpowiadac-budynki-i-ich-usytuowanie-komentarz","status":"publish","type":"product","link":"http:\/\/ksiegarnia-akademicka.pl\/index.php\/product\/warunki-techniczne-jakim-powinny-odpowiadac-budynki-i-ich-usytuowanie-komentarz\/","title":{"rendered":"Warunki techniczne, jakim powinny odpowiada\u0107 budynki i ich usytuowanie. Komentarz"},"content":{"rendered":"<p>Micha\u0142 Bursztynowicz, Martyna S\u0142ugocka<br \/>\nWydawnictwo: Wolters Kluwer Polska<br \/>\nRok publikacji: 2021<br \/>\nWydanie: 1<br \/>\nLiczba stron: 456<br \/>\nSeria: Komentarze<br \/>\nRodzaj: Komentarz<br \/>\nOk\u0142adka: mi\u0119kka<br \/>\nFormat: A5<\/p>\n<p>Rozporz\u0105dzenie w sprawie warunk\u00f3w technicznych, jakim powinny odpowiada\u0107 budynki i ich usytuowanie, jest podstawowym i zarazem najtrudniejszym do interpretacji aktem wykonawczym do ustawy \u2013 Prawo budowlane. Przepisy tego rozporz\u0105dzenia daj\u0105 podstaw\u0119 do odmowy udzielania pozwole\u0144 na budow\u0119, wnoszenia sprzeciw\u00f3w wobec zg\u0142osze\u0144 zamiaru wykonania rob\u00f3t budowlanych, a tak\u017ce stwierdzenia niewa\u017cno\u015bci miejscowych plan\u00f3w zagospodarowania przestrzennego.<\/p>\n<p>Ksi\u0105\u017cka omawia postanowienia rozporz\u0105dzenia, uwzgl\u0119dniaj\u0105c potrzeby i interes szerokiego kr\u0119gu odbiorc\u00f3w. Przedstawia wszystkie pojawiaj\u0105ce si\u0119 interpretacje ze wskazaniem ich zasadno\u015bci oraz konsekwencji wyboru ka\u017cdej z nich.<\/p>\n<p>Z komentarza mog\u0105 skorzysta\u0107 zar\u00f3wno projektanci, inwestorzy, urz\u0119dnicy gminy, starostw powiatowych, urz\u0119d\u00f3w wojew\u00f3dzkich i wszystkich organ\u00f3w nadzoru budowlanego, jak i radcowie prawni, adwokaci, notariusze oraz s\u0119dziowie s\u0105d\u00f3w administracyjnych. Opracowanie zainteresuje r\u00f3wnie\u017c student\u00f3w uczelni technicznych oraz wyk\u0142adowc\u00f3w.<\/p>\n","protected":false},"excerpt":{"rendered":"<p>Micha\u0142 Bursztynowicz, Martyna S\u0142ugocka Wydawnictwo: Wolters Kluwer Polska Rok publikacji: [&hellip;]<\/p>\n","protected":false},"featured_media":14882,"template":"","meta":[],"product_brand":[],"product_cat":[7812,7836],"product_tag":[1453,705,4625],"class_list":{"0":"post-14881","1":"product","2":"type-product","3":"status-publish","4":"has-post-thumbnail","6":"product_cat-architektura-i-budownictwo","7":"product_cat-budownictwo","8":"product_tag-budownictwo","9":"product_tag-nieruchomosci","10":"product_tag-seria-komentarze","12":"first","13":"outofstock","14":"sale","15":"shipping-taxable","16":"purchasable","17":"product-type-simple"},"_links":{"self":[{"href":"http:\/\/ksiegarnia-akademicka.pl\/index.php\/wp-json\/wp\/v2\/product\/14881","targetHints":{"allow":["GET"]}}],"collection":[{"href":"http:\/\/ksiegarnia-akademicka.pl\/index.php\/wp-json\/wp\/v2\/product"}],"about":[{"href":"http:\/\/ksiegarnia-akademicka.pl\/index.php\/wp-json\/wp\/v2\/types\/product"}],"wp:featuredmedia":[{"embeddable":true,"href":"http:\/\/ksiegarnia-akademicka.pl\/index.php\/wp-json\/wp\/v2\/media\/14882"}],"wp:attachment":[{"href":"http:\/\/ksiegarnia-akademicka.pl\/index.php\/wp-json\/wp\/v2\/media?parent=14881"}],"wp:term":[{"taxonomy":"product_brand","embeddable":true,"href":"http:\/\/ksiegarnia-akademicka.pl\/index.php\/wp-json\/wp\/v2\/product_brand?post=14881"},{"taxonomy":"product_cat","embeddable":true,"href":"http:\/\/ksiegarnia-akademicka.pl\/index.php\/wp-json\/wp\/v2\/product_cat?post=14881"},{"taxonomy":"product_tag","embeddable":true,"href":"http:\/\/ksiegarnia-akademicka.pl\/index.php\/wp-json\/wp\/v2\/product_tag?post=14881"}],"curies":[{"name":"wp","href":"https:\/\/api.w.org\/{rel}","templated":true}]}}