{"id":14823,"date":"2021-10-29T09:52:00","date_gmt":"2021-10-29T07:52:00","guid":{"rendered":"http:\/\/ksiegarnia-akademicka.pl\/?post_type=product&#038;p=14823"},"modified":"2024-12-05T08:44:46","modified_gmt":"2024-12-05T07:44:46","slug":"prawo-spoldzielcze-wybor-orzecznictwa-komentarz-orzeczniczy","status":"publish","type":"product","link":"http:\/\/ksiegarnia-akademicka.pl\/index.php\/product\/prawo-spoldzielcze-wybor-orzecznictwa-komentarz-orzeczniczy\/","title":{"rendered":"Prawo sp\u00f3\u0142dzielcze Wyb\u00f3r orzecznictwa Komentarz orzeczniczy"},"content":{"rendered":"<p>Autor: Tomasz D\u0105browski<br \/>\nSeria: Monografie UTH<br \/>\nWydawnictwo: Wydawnictwo Uniwersytetu Technologiczno-Humanistycznego<br \/>\nData wydania: 2021<br \/>\nIlo\u015b\u0107 stron: 403<\/p>\n","protected":false},"excerpt":{"rendered":"<p>Autor: Tomasz D\u0105browski Seria: Monografie UTH Wydawnictwo: Wydawnictwo Uniwersytetu Technologiczno-Humanistycznego [&hellip;]<\/p>\n","protected":false},"featured_media":14824,"template":"","meta":[],"product_brand":[],"product_cat":[7491,7495,18,8018,43],"product_tag":[615,5173,6402],"class_list":{"0":"post-14823","1":"product","2":"type-product","3":"status-publish","4":"has-post-thumbnail","6":"product_cat-cywilne","7":"product_cat-gospodarcze-i-handlowe","8":"product_cat-prawo","9":"product_cat-prawo-i-administracja","10":"product_cat-wydawnictwo-uth","11":"product_tag-prawo-cywilne","12":"product_tag-prawo-spoldzielcze","13":"product_tag-seria-monografie-uth","15":"first","16":"instock","17":"shipping-taxable","18":"purchasable","19":"product-type-simple"},"_links":{"self":[{"href":"http:\/\/ksiegarnia-akademicka.pl\/index.php\/wp-json\/wp\/v2\/product\/14823","targetHints":{"allow":["GET"]}}],"collection":[{"href":"http:\/\/ksiegarnia-akademicka.pl\/index.php\/wp-json\/wp\/v2\/product"}],"about":[{"href":"http:\/\/ksiegarnia-akademicka.pl\/index.php\/wp-json\/wp\/v2\/types\/product"}],"wp:featuredmedia":[{"embeddable":true,"href":"http:\/\/ksiegarnia-akademicka.pl\/index.php\/wp-json\/wp\/v2\/media\/14824"}],"wp:attachment":[{"href":"http:\/\/ksiegarnia-akademicka.pl\/index.php\/wp-json\/wp\/v2\/media?parent=14823"}],"wp:term":[{"taxonomy":"product_brand","embeddable":true,"href":"http:\/\/ksiegarnia-akademicka.pl\/index.php\/wp-json\/wp\/v2\/product_brand?post=14823"},{"taxonomy":"product_cat","embeddable":true,"href":"http:\/\/ksiegarnia-akademicka.pl\/index.php\/wp-json\/wp\/v2\/product_cat?post=14823"},{"taxonomy":"product_tag","embeddable":true,"href":"http:\/\/ksiegarnia-akademicka.pl\/index.php\/wp-json\/wp\/v2\/product_tag?post=14823"}],"curies":[{"name":"wp","href":"https:\/\/api.w.org\/{rel}","templated":true}]}}