{"id":1477,"date":"2018-05-22T12:43:44","date_gmt":"2018-05-22T10:43:44","guid":{"rendered":"http:\/\/ksiegarnia-akademicka.pl\/index.php\/product\/termodynamika-chemiczna-stosowana\/"},"modified":"2018-12-04T16:25:06","modified_gmt":"2018-12-04T15:25:06","slug":"termodynamika-chemiczna-stosowana","status":"publish","type":"product","link":"http:\/\/ksiegarnia-akademicka.pl\/index.php\/product\/termodynamika-chemiczna-stosowana\/","title":{"rendered":"Termodynamika chemiczna stosowana."},"content":{"rendered":"<p>Autor:<br \/>\nJ\u00f3zef Szarawara<br \/>\nWydawca: WNT<br \/>\nOprawa: Mi\u0119kka<br \/>\nFormat: 16.4&#215;23.5cm<br \/>\nLiczba stron: 638<br \/>\nWydanie: 4<br \/>\nRok wydania: 2016<\/p>\n<p>Ksi\u0105\u017cka ilustruje aktualny stan wiedzy z zakresu termodynamiki chemicznej i in\u017cynierii procesowej ze szczeg\u00f3lnym uwzgl\u0119dnieniem termodynamiki roztwor\u00f3w. Zawiera obliczenia wsp\u00f3\u0142czynnik\u00f3w aktywno\u015bci ci\u015bnieniowej, obliczenia sk\u0142adu r\u00f3wnowagowego w procesach wielofazowych i roztworach elektrolit\u00f3w. Poszczeg\u00f3lne rozdzia\u0142y uzupe\u0142nione s\u0105 licznymi przyk\u0142adami obliczeniowymi.<br \/>\nPodr\u0119cznik jest kierowany do student\u00f3w wydzia\u0142\u00f3w chemicznych wy\u017cszych uczelni technicznych specjalizuj\u0105cych si\u0119 w technologii chemicznej i in\u017cynierii procesowej. Mo\u017ce by\u0107 bogatym \u017ar\u00f3d\u0142em wiadomo\u015bci dla pracownik\u00f3w naukowych oraz dla in\u017cynier\u00f3w zatrudnionych w przemy\u015ble.<\/p>\n","protected":false},"excerpt":{"rendered":"<p>Autor: J\u00f3zef Szarawara Wydawca: WNT Oprawa: Mi\u0119kka Format: 16.4&#215;23.5cm Liczba [&hellip;]<\/p>\n","protected":false},"featured_media":8996,"template":"","meta":[],"product_brand":[],"product_cat":[41],"product_tag":[4321,1945],"class_list":{"0":"post-1477","1":"product","2":"type-product","3":"status-publish","4":"has-post-thumbnail","6":"product_cat-nauki-techniczne","7":"product_tag-inzynieria-chemiczna","8":"product_tag-termodynamika","10":"first","11":"instock","12":"sale","13":"shipping-taxable","14":"purchasable","15":"product-type-simple"},"_links":{"self":[{"href":"http:\/\/ksiegarnia-akademicka.pl\/index.php\/wp-json\/wp\/v2\/product\/1477","targetHints":{"allow":["GET"]}}],"collection":[{"href":"http:\/\/ksiegarnia-akademicka.pl\/index.php\/wp-json\/wp\/v2\/product"}],"about":[{"href":"http:\/\/ksiegarnia-akademicka.pl\/index.php\/wp-json\/wp\/v2\/types\/product"}],"wp:featuredmedia":[{"embeddable":true,"href":"http:\/\/ksiegarnia-akademicka.pl\/index.php\/wp-json\/wp\/v2\/media\/8996"}],"wp:attachment":[{"href":"http:\/\/ksiegarnia-akademicka.pl\/index.php\/wp-json\/wp\/v2\/media?parent=1477"}],"wp:term":[{"taxonomy":"product_brand","embeddable":true,"href":"http:\/\/ksiegarnia-akademicka.pl\/index.php\/wp-json\/wp\/v2\/product_brand?post=1477"},{"taxonomy":"product_cat","embeddable":true,"href":"http:\/\/ksiegarnia-akademicka.pl\/index.php\/wp-json\/wp\/v2\/product_cat?post=1477"},{"taxonomy":"product_tag","embeddable":true,"href":"http:\/\/ksiegarnia-akademicka.pl\/index.php\/wp-json\/wp\/v2\/product_tag?post=1477"}],"curies":[{"name":"wp","href":"https:\/\/api.w.org\/{rel}","templated":true}]}}