{"id":1476,"date":"2018-05-22T12:43:44","date_gmt":"2018-05-22T10:43:44","guid":{"rendered":"http:\/\/ksiegarnia-akademicka.pl\/index.php\/product\/termodynamika-procesowa\/"},"modified":"2021-02-11T12:19:20","modified_gmt":"2021-02-11T11:19:20","slug":"termodynamika-procesowa","status":"publish","type":"product","link":"http:\/\/ksiegarnia-akademicka.pl\/index.php\/product\/termodynamika-procesowa\/","title":{"rendered":"Termodynamika procesowa."},"content":{"rendered":"<p>Autor:<br \/>\nStanis\u0142aw Micha\u0142owski<br \/>\nKazimierz Wa\u0144kowicz<br \/>\nWydawca: WNT<br \/>\nOprawa: Mi\u0119kka<br \/>\nFormat: 16.8&#215;23.9<br \/>\nLiczba stron: 496<br \/>\nWydanie: 2<br \/>\nRok wydania: 2016<\/p>\n<p>Ksi\u0105\u017cka ta jest cennym zbiorem zagadnie\u0144 termodynamiki procesowej &#8211; dziedziny wiedzy niezb\u0119dnrj dla in\u017cyniera, projektanta, studenta, procesowca, chemika, mechanika, ekologa. Zwi\u0119z\u0142y i ujednolicony wyk\u0142ad &#8211; na temat w\u0142a\u015bciwo\u015bci p\u0142yn\u00f3w rzeczywistych, przep\u0142ywu p\u0142ynu \u015bci\u015bliwego, obieg\u00f3w termodynamicznych, termodynamiki roztwor\u00f3w, reakcji chemicznych i spalania oraz r\u00f3wnowagi fazowej i u\u017cyteczno\u015bci energii.<\/p>\n","protected":false},"excerpt":{"rendered":"<p>Autor: Stanis\u0142aw Micha\u0142owski Kazimierz Wa\u0144kowicz Wydawca: WNT Oprawa: Mi\u0119kka Format: [&hellip;]<\/p>\n","protected":false},"featured_media":8995,"template":"","meta":[],"product_brand":[],"product_cat":[41],"product_tag":[4321,1945],"class_list":{"0":"post-1476","1":"product","2":"type-product","3":"status-publish","4":"has-post-thumbnail","6":"product_cat-nauki-techniczne","7":"product_tag-inzynieria-chemiczna","8":"product_tag-termodynamika","10":"first","11":"instock","12":"sale","13":"shipping-taxable","14":"purchasable","15":"product-type-simple"},"_links":{"self":[{"href":"http:\/\/ksiegarnia-akademicka.pl\/index.php\/wp-json\/wp\/v2\/product\/1476","targetHints":{"allow":["GET"]}}],"collection":[{"href":"http:\/\/ksiegarnia-akademicka.pl\/index.php\/wp-json\/wp\/v2\/product"}],"about":[{"href":"http:\/\/ksiegarnia-akademicka.pl\/index.php\/wp-json\/wp\/v2\/types\/product"}],"wp:featuredmedia":[{"embeddable":true,"href":"http:\/\/ksiegarnia-akademicka.pl\/index.php\/wp-json\/wp\/v2\/media\/8995"}],"wp:attachment":[{"href":"http:\/\/ksiegarnia-akademicka.pl\/index.php\/wp-json\/wp\/v2\/media?parent=1476"}],"wp:term":[{"taxonomy":"product_brand","embeddable":true,"href":"http:\/\/ksiegarnia-akademicka.pl\/index.php\/wp-json\/wp\/v2\/product_brand?post=1476"},{"taxonomy":"product_cat","embeddable":true,"href":"http:\/\/ksiegarnia-akademicka.pl\/index.php\/wp-json\/wp\/v2\/product_cat?post=1476"},{"taxonomy":"product_tag","embeddable":true,"href":"http:\/\/ksiegarnia-akademicka.pl\/index.php\/wp-json\/wp\/v2\/product_tag?post=1476"}],"curies":[{"name":"wp","href":"https:\/\/api.w.org\/{rel}","templated":true}]}}