{"id":14721,"date":"2021-10-12T09:54:07","date_gmt":"2021-10-12T07:54:07","guid":{"rendered":"http:\/\/ksiegarnia-akademicka.pl\/?post_type=product&#038;p=14721"},"modified":"2023-09-27T09:49:59","modified_gmt":"2023-09-27T07:49:59","slug":"prawo-wykroczen-twoje-prawo-kodeks-wykroczen-kodeks-postepowania-w-sprawach-o-wykroczenia","status":"publish","type":"product","link":"http:\/\/ksiegarnia-akademicka.pl\/index.php\/product\/prawo-wykroczen-twoje-prawo-kodeks-wykroczen-kodeks-postepowania-w-sprawach-o-wykroczenia\/","title":{"rendered":"Prawo wykrocze\u0144 Twoje prawo Kodeks wykrocze\u0144 Kodeks post\u0119powania w sprawach o wykroczenia"},"content":{"rendered":"<p>Redakcja: Wioletta \u017belazowska<br \/>\nWydawca: C.H. Beck<br \/>\nOprawa: Mi\u0119kka<br \/>\nFormat: 12.2&#215;17.5cm<br \/>\nLiczba stron: 130<br \/>\nWydanie: 40<br \/>\nRok wydania: 2023<br \/>\nJ\u0119zyk wydania: polski<\/p>\n<p>Stan prawny: wrzesie\u0144 2023<br \/>\nKsi\u0105\u017cka zawiera:<\/p>\n<p>Tekst ustawy Kodeks wykrocze\u0144,<br \/>\nTekst ustawy Kodeks post\u0119powania w sprawach o wykroczenia,<br \/>\nIndeks rzeczowy.<br \/>\nSeria &#8222;Twoje Prawo&#8221; zawiera:<\/p>\n<p>Boldowanie najnowszych zmian<br \/>\nPrzypisy od Redakcji<br \/>\nCzytelne has\u0142a i teksty<br \/>\nIndeks rzeczowy<\/p>\n","protected":false},"excerpt":{"rendered":"<p>Redakcja: Wioletta \u017belazowska Wydawca: C.H. Beck Oprawa: Mi\u0119kka Format: 12.2&#215;17.5cm [&hellip;]<\/p>\n","protected":false},"featured_media":16704,"template":"","meta":[],"product_brand":[],"product_cat":[7490,18],"product_tag":[296,315,2240],"class_list":{"0":"post-14721","1":"product","2":"type-product","3":"status-publish","4":"has-post-thumbnail","6":"product_cat-karne","7":"product_cat-prawo","8":"product_tag-prawo-karne","9":"product_tag-prawo-wykroczen","10":"product_tag-seria-twoje-prawo","12":"first","13":"instock","14":"sale","15":"shipping-taxable","16":"purchasable","17":"product-type-simple"},"_links":{"self":[{"href":"http:\/\/ksiegarnia-akademicka.pl\/index.php\/wp-json\/wp\/v2\/product\/14721","targetHints":{"allow":["GET"]}}],"collection":[{"href":"http:\/\/ksiegarnia-akademicka.pl\/index.php\/wp-json\/wp\/v2\/product"}],"about":[{"href":"http:\/\/ksiegarnia-akademicka.pl\/index.php\/wp-json\/wp\/v2\/types\/product"}],"wp:featuredmedia":[{"embeddable":true,"href":"http:\/\/ksiegarnia-akademicka.pl\/index.php\/wp-json\/wp\/v2\/media\/16704"}],"wp:attachment":[{"href":"http:\/\/ksiegarnia-akademicka.pl\/index.php\/wp-json\/wp\/v2\/media?parent=14721"}],"wp:term":[{"taxonomy":"product_brand","embeddable":true,"href":"http:\/\/ksiegarnia-akademicka.pl\/index.php\/wp-json\/wp\/v2\/product_brand?post=14721"},{"taxonomy":"product_cat","embeddable":true,"href":"http:\/\/ksiegarnia-akademicka.pl\/index.php\/wp-json\/wp\/v2\/product_cat?post=14721"},{"taxonomy":"product_tag","embeddable":true,"href":"http:\/\/ksiegarnia-akademicka.pl\/index.php\/wp-json\/wp\/v2\/product_tag?post=14721"}],"curies":[{"name":"wp","href":"https:\/\/api.w.org\/{rel}","templated":true}]}}