{"id":14707,"date":"2021-10-12T08:28:51","date_gmt":"2021-10-12T06:28:51","guid":{"rendered":"http:\/\/ksiegarnia-akademicka.pl\/?post_type=product&#038;p=14707"},"modified":"2021-10-12T08:28:51","modified_gmt":"2021-10-12T06:28:51","slug":"barok","status":"publish","type":"product","link":"http:\/\/ksiegarnia-akademicka.pl\/index.php\/product\/barok\/","title":{"rendered":"Barok"},"content":{"rendered":"<p>Autor:<br \/>\nCzes\u0142aw Hernas<br \/>\nWydawca: Wydawnictwo Naukowe PWN<br \/>\nOprawa: Mi\u0119kka<br \/>\nFormat: 16.0&#215;24.0cm<br \/>\nLiczba stron: 742<br \/>\nWydanie: 5<br \/>\nRok wydania: 2008<br \/>\nJ\u0119zyk wydania: polski<\/p>\n<p>Seria Wielka historia literatury polskiej<br \/>\nW tej samej serii : Teresa Micha\u0142owska &#8222;\u015aredniowiecze&#8221;, Jerzy Ziomek &#8222;Renesans&#8221;, Artur Hutnikiewicz &#8222;M\u0142oda Polska&#8221;, Mieczys\u0142aw Klimowicz &#8222;O\u015bwiecenie&#8221;, Alicja Witkowska, Ryszard Przybylski &#8222;Romantyzm&#8221;, Henryk Markiewicz &#8222;Pozytywizm&#8221;, Jerzy Kwiatkowski &#8222;Dwudziestolecie mi\u0119dzywojenne&#8221;, Jerzy \u015awi\u0119ch &#8222;Literatura polska w latach II wojny \u015bwiatowej&#8221;.<\/p>\n","protected":false},"excerpt":{"rendered":"<p>Autor: Czes\u0142aw Hernas Wydawca: Wydawnictwo Naukowe PWN Oprawa: Mi\u0119kka Format: [&hellip;]<\/p>\n","protected":false},"featured_media":14708,"template":"","meta":[],"product_brand":[],"product_cat":[7629,7627],"product_tag":[5658,6300,8133],"class_list":{"0":"post-14707","1":"product","2":"type-product","3":"status-publish","4":"has-post-thumbnail","6":"product_cat-filologia-polska","7":"product_cat-historia-literatury","8":"product_tag-historia-literatury","9":"product_tag-literatura-polska","10":"product_tag-seria-wielka-historia-literatury-polskiej","12":"first","13":"instock","14":"sale","15":"shipping-taxable","16":"purchasable","17":"product-type-simple"},"_links":{"self":[{"href":"http:\/\/ksiegarnia-akademicka.pl\/index.php\/wp-json\/wp\/v2\/product\/14707","targetHints":{"allow":["GET"]}}],"collection":[{"href":"http:\/\/ksiegarnia-akademicka.pl\/index.php\/wp-json\/wp\/v2\/product"}],"about":[{"href":"http:\/\/ksiegarnia-akademicka.pl\/index.php\/wp-json\/wp\/v2\/types\/product"}],"wp:featuredmedia":[{"embeddable":true,"href":"http:\/\/ksiegarnia-akademicka.pl\/index.php\/wp-json\/wp\/v2\/media\/14708"}],"wp:attachment":[{"href":"http:\/\/ksiegarnia-akademicka.pl\/index.php\/wp-json\/wp\/v2\/media?parent=14707"}],"wp:term":[{"taxonomy":"product_brand","embeddable":true,"href":"http:\/\/ksiegarnia-akademicka.pl\/index.php\/wp-json\/wp\/v2\/product_brand?post=14707"},{"taxonomy":"product_cat","embeddable":true,"href":"http:\/\/ksiegarnia-akademicka.pl\/index.php\/wp-json\/wp\/v2\/product_cat?post=14707"},{"taxonomy":"product_tag","embeddable":true,"href":"http:\/\/ksiegarnia-akademicka.pl\/index.php\/wp-json\/wp\/v2\/product_tag?post=14707"}],"curies":[{"name":"wp","href":"https:\/\/api.w.org\/{rel}","templated":true}]}}