{"id":14623,"date":"2021-06-02T10:29:18","date_gmt":"2021-06-02T08:29:18","guid":{"rendered":"http:\/\/ksiegarnia-akademicka.pl\/?post_type=product&#038;p=14623"},"modified":"2021-06-02T10:29:18","modified_gmt":"2021-06-02T08:29:18","slug":"zrodla-ciepla-i-termomodernizacja-budynku-mieszkalnego","status":"publish","type":"product","link":"http:\/\/ksiegarnia-akademicka.pl\/index.php\/product\/zrodla-ciepla-i-termomodernizacja-budynku-mieszkalnego\/","title":{"rendered":"\u017br\u00f3d\u0142a ciep\u0142a i termomodernizacja budynku mieszkalnego"},"content":{"rendered":"<p>Autor:<br \/>\nMagdalena Bartoszek<br \/>\nWydawca: KaBe<br \/>\nOprawa: Mi\u0119kka<br \/>\nFormat: 15.0&#215;21.0cm<br \/>\nLiczba stron: 116<br \/>\nRok wydania: 2019<br \/>\nJ\u0119zyk wydania: polski<\/p>\n<p>W ksi\u0105\u017cce w spos\u00f3b og\u00f3lny om\u00f3wiono konwencjonalne i odnawialne \u017ar\u00f3d\u0142a ciep\u0142a w aspekcie ekonomii, efektywno\u015bci energetycznej i ekologii. Podano te\u017c przyk\u0142ad wykonania i wykorzystania audytu enegetycznego w praktyce, uwzgl\u0119dniaj\u0105c r\u00f3\u017cne warianty termomodernizacyjne lokalnego \u017ar\u00f3d\u0142a ciep\u0142a.<\/p>\n<p>Adresatami ksi\u0105\u017cki s\u0105 osoby zajmuj\u0105ce si\u0119 inwestowaniem i u\u017cytkowaniem \u017ar\u00f3de\u0142 ciep\u0142a w budownictwie mieszkaniowym. Ksi\u0105\u017cka mo\u017ce by\u0107 tak\u017ce pomocna uczniom szk\u00f3\u0142 \u015brednich technicznych oraz studentom odpowiednich kierunk\u00f3w uczelni wy\u017cszych.<\/p>\n","protected":false},"excerpt":{"rendered":"<p>Autor: Magdalena Bartoszek Wydawca: KaBe Oprawa: Mi\u0119kka Format: 15.0&#215;21.0cm Liczba [&hellip;]<\/p>\n","protected":false},"featured_media":14624,"template":"","meta":[],"product_brand":[],"product_cat":[7836],"product_tag":[1453,7477],"class_list":{"0":"post-14623","1":"product","2":"type-product","3":"status-publish","4":"has-post-thumbnail","6":"product_cat-budownictwo","7":"product_tag-budownictwo","8":"product_tag-termomodernizacja","10":"first","11":"instock","12":"sale","13":"shipping-taxable","14":"purchasable","15":"product-type-simple"},"_links":{"self":[{"href":"http:\/\/ksiegarnia-akademicka.pl\/index.php\/wp-json\/wp\/v2\/product\/14623","targetHints":{"allow":["GET"]}}],"collection":[{"href":"http:\/\/ksiegarnia-akademicka.pl\/index.php\/wp-json\/wp\/v2\/product"}],"about":[{"href":"http:\/\/ksiegarnia-akademicka.pl\/index.php\/wp-json\/wp\/v2\/types\/product"}],"wp:featuredmedia":[{"embeddable":true,"href":"http:\/\/ksiegarnia-akademicka.pl\/index.php\/wp-json\/wp\/v2\/media\/14624"}],"wp:attachment":[{"href":"http:\/\/ksiegarnia-akademicka.pl\/index.php\/wp-json\/wp\/v2\/media?parent=14623"}],"wp:term":[{"taxonomy":"product_brand","embeddable":true,"href":"http:\/\/ksiegarnia-akademicka.pl\/index.php\/wp-json\/wp\/v2\/product_brand?post=14623"},{"taxonomy":"product_cat","embeddable":true,"href":"http:\/\/ksiegarnia-akademicka.pl\/index.php\/wp-json\/wp\/v2\/product_cat?post=14623"},{"taxonomy":"product_tag","embeddable":true,"href":"http:\/\/ksiegarnia-akademicka.pl\/index.php\/wp-json\/wp\/v2\/product_tag?post=14623"}],"curies":[{"name":"wp","href":"https:\/\/api.w.org\/{rel}","templated":true}]}}