{"id":14621,"date":"2021-06-02T10:27:03","date_gmt":"2021-06-02T08:27:03","guid":{"rendered":"http:\/\/ksiegarnia-akademicka.pl\/?post_type=product&#038;p=14621"},"modified":"2024-12-05T08:47:03","modified_gmt":"2024-12-05T07:47:03","slug":"zrownowazona-i-inteligentna-gospodarka-odpadami-komunalnymi","status":"publish","type":"product","link":"http:\/\/ksiegarnia-akademicka.pl\/index.php\/product\/zrownowazona-i-inteligentna-gospodarka-odpadami-komunalnymi\/","title":{"rendered":"Zr\u00f3wnowa\u017cona i inteligentna gospodarka odpadami komunalnymi"},"content":{"rendered":"<p>Autor:<br \/>\nWojciech Lutek<br \/>\nWydawca: UMCS<br \/>\nOprawa: Twarda<br \/>\nFormat: 17.0&#215;24.0cm<br \/>\nLiczba stron: 312<br \/>\nRok wydania: 2021<br \/>\nJ\u0119zyk wydania: polski<\/p>\n<p>Monografia dotyczy istotnej problematyki zwi\u0105zanej z opracowaniem koncepcji sp\u00f3jnego, zr\u00f3wnowa\u017conego, innowacyjnego i przyjaznego \u015brodowisku systemu gospodarki odpadami komunalnymi, okre\u015blono w niej r\u00f3wnie\u017c strategi\u0119 i plany dzia\u0142ania zwi\u0105zane z rozwojem koncepcji smart city \u2013 inteligentnego miasta. G\u0142\u00f3wnym celem opracowania jest przedstawienie kompleksowej oceny wdro\u017cenia przez samorz\u0105dy gminne i funkcjonowania systemu gospodarki odpadami komunalnymi (SGOK). Badaniem i analiz\u0105 obj\u0119to wszystkie gminy znajduj\u0105ce si\u0119 na terenie Polski. Praca zawiera ciekawe wyniki wieloletnich bada\u0144 po\u015bwi\u0119conych zagadnieniom zwi\u0105zanym z gospodark\u0105 odpadami komunalnymi, roli samorz\u0105du gminnego we wdra\u017caniu SGOK, a tak\u017ce ocenie funkcjonowania poszczeg\u00f3lnych element\u00f3w logistyki zwrotnej odpad\u00f3w komunalnych w jednostkach samorz\u0105du terytorialnego. Tak wyr\u00f3\u017cniaj\u0105ce si\u0119 opracowanie jest efektem po\u0142\u0105czenia komplementarnych kompetencji i wiedzy autora, specjalizuj\u0105cego si\u0119 w ekologicznych rozwi\u0105zaniach z zakresu zarz\u0105dzania gospodark\u0105 odpadami.<br \/>\nNiniejsza publikacja to zar\u00f3wno studium o charakterze podr\u0119cznika skierowanego do student\u00f3w i praktyk\u00f3w zarz\u0105dzania, jak i monografia, kt\u00f3rej efekty naukowe mog\u0105 by\u0107 wykorzystywane w pracach badawczych. Przedstawione wyniki bada\u0144 wpisuj\u0105 si\u0119 w wytyczne aktualnych polityk ekologicznych: krajowych, europejskich i \u015bwiatowych.<\/p>\n<p>Z recenzji dr hab. Beaty Skowron-Grabowskiej, prof. PCz<\/p>\n","protected":false},"excerpt":{"rendered":"<p>Autor: Wojciech Lutek Wydawca: UMCS Oprawa: Twarda Format: 17.0&#215;24.0cm Liczba [&hellip;]<\/p>\n","protected":false},"featured_media":14622,"template":"","meta":[],"product_brand":[],"product_cat":[7494,39],"product_tag":[4045,168,486],"class_list":{"0":"post-14621","1":"product","2":"type-product","3":"status-publish","4":"has-post-thumbnail","6":"product_cat-samorzad-terytorialny","7":"product_cat-srodowisko-prawo-i-zarzadzanie","8":"product_tag-ochrona-srodowiska","9":"product_tag-odpady-komunalne","10":"product_tag-samorzad-terytorialny","12":"first","13":"instock","14":"sale","15":"shipping-taxable","16":"purchasable","17":"product-type-simple"},"_links":{"self":[{"href":"http:\/\/ksiegarnia-akademicka.pl\/index.php\/wp-json\/wp\/v2\/product\/14621","targetHints":{"allow":["GET"]}}],"collection":[{"href":"http:\/\/ksiegarnia-akademicka.pl\/index.php\/wp-json\/wp\/v2\/product"}],"about":[{"href":"http:\/\/ksiegarnia-akademicka.pl\/index.php\/wp-json\/wp\/v2\/types\/product"}],"wp:featuredmedia":[{"embeddable":true,"href":"http:\/\/ksiegarnia-akademicka.pl\/index.php\/wp-json\/wp\/v2\/media\/14622"}],"wp:attachment":[{"href":"http:\/\/ksiegarnia-akademicka.pl\/index.php\/wp-json\/wp\/v2\/media?parent=14621"}],"wp:term":[{"taxonomy":"product_brand","embeddable":true,"href":"http:\/\/ksiegarnia-akademicka.pl\/index.php\/wp-json\/wp\/v2\/product_brand?post=14621"},{"taxonomy":"product_cat","embeddable":true,"href":"http:\/\/ksiegarnia-akademicka.pl\/index.php\/wp-json\/wp\/v2\/product_cat?post=14621"},{"taxonomy":"product_tag","embeddable":true,"href":"http:\/\/ksiegarnia-akademicka.pl\/index.php\/wp-json\/wp\/v2\/product_tag?post=14621"}],"curies":[{"name":"wp","href":"https:\/\/api.w.org\/{rel}","templated":true}]}}