{"id":14615,"date":"2021-06-02T10:17:14","date_gmt":"2021-06-02T08:17:14","guid":{"rendered":"http:\/\/ksiegarnia-akademicka.pl\/?post_type=product&#038;p=14615"},"modified":"2024-12-05T08:47:12","modified_gmt":"2024-12-05T07:47:12","slug":"historia-motoryzacji","status":"publish","type":"product","link":"http:\/\/ksiegarnia-akademicka.pl\/index.php\/product\/historia-motoryzacji\/","title":{"rendered":"Historia motoryzacji"},"content":{"rendered":"<p>Nale\u017cy do serii:<br \/>\nHISTORIA<br \/>\nAutor:<br \/>\nZbigniew Kluczkowski<br \/>\nWydawca: SBM<br \/>\nOprawa: Twarda<br \/>\nFormat: 24.5&#215;30.5cm<br \/>\nLiczba stron: 368<br \/>\nWydanie: 1<br \/>\nRok wydania: 2021<br \/>\nJ\u0119zyk wydania: polski<\/p>\n<p>Bogato ilustrowana ksi\u0105\u017cka-album prezentuje dzieje motoryzacji od czas\u00f3w wynalezienia ko\u0142a a\u017c po futurystyczne wizje motoryzacji.<br \/>\nW\u015br\u00f3d podj\u0119tych przez autora temat\u00f3w znajduj\u0105 si\u0119: historia motoryzacji, wynalazki z dziedziny motoryzacji, wybitni konstruktorzy, pojazdy nietypowe, pojazdy rekordowe okresu mi\u0119dzywojennego, pracownie karoseryjne, styli\u015bci motoryzacyjni, trendy w motoryzacji, wp\u0142yw motoryzacji na \u017cycie cz\u0142owieka, historia rozwoju dr\u00f3g na \u015bwiecie, produkcja potokowa, sport motorowy, wypadki, motocykle, tr\u00f3jko\u0142owce, polski przemys\u0142 motoryzacyjne, polskie prototypy samochod\u00f3w, wp\u0142yw polskich in\u017cynier\u00f3w na motoryzacj\u0119 na \u015bwiecie, streamliner, rekordy pr\u0119dko\u015bci, wy\u015bcigi Grand Prix, Formu\u0142a 1, rajdy samochodowe, nieznane marki samochodowe.<\/p>\n","protected":false},"excerpt":{"rendered":"<p>Nale\u017cy do serii: HISTORIA Autor: Zbigniew Kluczkowski Wydawca: SBM Oprawa: [&hellip;]<\/p>\n","protected":false},"featured_media":14616,"template":"","meta":[],"product_brand":[],"product_cat":[41,7711],"product_tag":[5964,1853],"class_list":{"0":"post-14615","1":"product","2":"type-product","3":"status-publish","4":"has-post-thumbnail","6":"product_cat-nauki-techniczne","7":"product_cat-pojazdy-samochodowe","8":"product_tag-historia-motoryzacji","9":"product_tag-pojazdy-samochodowe","11":"first","12":"outofstock","13":"sale","14":"shipping-taxable","15":"purchasable","16":"product-type-simple"},"_links":{"self":[{"href":"http:\/\/ksiegarnia-akademicka.pl\/index.php\/wp-json\/wp\/v2\/product\/14615","targetHints":{"allow":["GET"]}}],"collection":[{"href":"http:\/\/ksiegarnia-akademicka.pl\/index.php\/wp-json\/wp\/v2\/product"}],"about":[{"href":"http:\/\/ksiegarnia-akademicka.pl\/index.php\/wp-json\/wp\/v2\/types\/product"}],"wp:featuredmedia":[{"embeddable":true,"href":"http:\/\/ksiegarnia-akademicka.pl\/index.php\/wp-json\/wp\/v2\/media\/14616"}],"wp:attachment":[{"href":"http:\/\/ksiegarnia-akademicka.pl\/index.php\/wp-json\/wp\/v2\/media?parent=14615"}],"wp:term":[{"taxonomy":"product_brand","embeddable":true,"href":"http:\/\/ksiegarnia-akademicka.pl\/index.php\/wp-json\/wp\/v2\/product_brand?post=14615"},{"taxonomy":"product_cat","embeddable":true,"href":"http:\/\/ksiegarnia-akademicka.pl\/index.php\/wp-json\/wp\/v2\/product_cat?post=14615"},{"taxonomy":"product_tag","embeddable":true,"href":"http:\/\/ksiegarnia-akademicka.pl\/index.php\/wp-json\/wp\/v2\/product_tag?post=14615"}],"curies":[{"name":"wp","href":"https:\/\/api.w.org\/{rel}","templated":true}]}}