{"id":14613,"date":"2021-06-02T10:13:32","date_gmt":"2021-06-02T08:13:32","guid":{"rendered":"http:\/\/ksiegarnia-akademicka.pl\/?post_type=product&#038;p=14613"},"modified":"2021-06-02T10:13:33","modified_gmt":"2021-06-02T08:13:33","slug":"dieta-bez-alergii","status":"publish","type":"product","link":"http:\/\/ksiegarnia-akademicka.pl\/index.php\/product\/dieta-bez-alergii\/","title":{"rendered":"Dieta # bez alergii"},"content":{"rendered":"<p>Autor:<br \/>\nMa\u0142gorzata G\u00f3rnikowska<br \/>\nWydawca: SBM<br \/>\nOprawa: Twarda<br \/>\nFormat: 17.0&#215;24.0cm<br \/>\nLiczba stron: 192<br \/>\nWydanie: 1<br \/>\nRok wydania: 2021<br \/>\nJ\u0119zyk wydania: polski<\/p>\n<p>Urozmaicona dieta jest wa\u017cna dla ka\u017cdego, szczeg\u00f3lnie dla alergika. Konieczno\u015b\u0107 wyeliminowania niekt\u00f3rych produkt\u00f3w z diety powoduje, \u017ce z braku pomys\u0142u si\u0119gamy ci\u0105gle po to samo i popadamy we w\u0142asn\u0105 pu\u0142apk\u0119, uczulaj\u0105c si\u0119 na te produkty, kt\u00f3re do tej pory mogli\u015bmy je\u015b\u0107 bez ogranicze\u0144. Im cz\u0119\u015bciej spo\u017cywamy okre\u015blony produkt, tym wi\u0119ksze prawdopodobie\u0144stwo, \u017ce nasz organizm zacznie si\u0119 przed nim broni\u0107.<br \/>\nDlatego tak wa\u017cne jest urozmaicanie posi\u0142k\u00f3w w diecie alergika.<br \/>\nKsi\u0105\u017cka daje gotowe pomys\u0142y na codzienne jad\u0142ospisy skomponowane wed\u0142ug zasad diety rotacyjnej. Zamieszczone przepisy nie zawieraj\u0105 podstawowych alergen\u00f3w, takich jak mleko i produkty mleczne, gluten, mi\u00f3d, seler, soja i orzechy.<\/p>\n","protected":false},"excerpt":{"rendered":"<p>Autor: Ma\u0142gorzata G\u00f3rnikowska Wydawca: SBM Oprawa: Twarda Format: 17.0&#215;24.0cm Liczba [&hellip;]<\/p>\n","protected":false},"featured_media":14614,"template":"","meta":[],"product_brand":[],"product_cat":[7625],"product_tag":[1756],"class_list":{"0":"post-14613","1":"product","2":"type-product","3":"status-publish","4":"has-post-thumbnail","6":"product_cat-nauki-o-zdrowiu","7":"product_tag-dietetyka","9":"first","10":"instock","11":"sale","12":"shipping-taxable","13":"purchasable","14":"product-type-simple"},"_links":{"self":[{"href":"http:\/\/ksiegarnia-akademicka.pl\/index.php\/wp-json\/wp\/v2\/product\/14613","targetHints":{"allow":["GET"]}}],"collection":[{"href":"http:\/\/ksiegarnia-akademicka.pl\/index.php\/wp-json\/wp\/v2\/product"}],"about":[{"href":"http:\/\/ksiegarnia-akademicka.pl\/index.php\/wp-json\/wp\/v2\/types\/product"}],"wp:featuredmedia":[{"embeddable":true,"href":"http:\/\/ksiegarnia-akademicka.pl\/index.php\/wp-json\/wp\/v2\/media\/14614"}],"wp:attachment":[{"href":"http:\/\/ksiegarnia-akademicka.pl\/index.php\/wp-json\/wp\/v2\/media?parent=14613"}],"wp:term":[{"taxonomy":"product_brand","embeddable":true,"href":"http:\/\/ksiegarnia-akademicka.pl\/index.php\/wp-json\/wp\/v2\/product_brand?post=14613"},{"taxonomy":"product_cat","embeddable":true,"href":"http:\/\/ksiegarnia-akademicka.pl\/index.php\/wp-json\/wp\/v2\/product_cat?post=14613"},{"taxonomy":"product_tag","embeddable":true,"href":"http:\/\/ksiegarnia-akademicka.pl\/index.php\/wp-json\/wp\/v2\/product_tag?post=14613"}],"curies":[{"name":"wp","href":"https:\/\/api.w.org\/{rel}","templated":true}]}}