{"id":14589,"date":"2021-05-25T12:58:56","date_gmt":"2021-05-25T10:58:56","guid":{"rendered":"http:\/\/ksiegarnia-akademicka.pl\/?post_type=product&#038;p=14589"},"modified":"2021-05-25T13:03:59","modified_gmt":"2021-05-25T11:03:59","slug":"przepis-na-czlowieka","status":"publish","type":"product","link":"http:\/\/ksiegarnia-akademicka.pl\/index.php\/product\/przepis-na-czlowieka\/","title":{"rendered":"Przepis na cz\u0142owieka"},"content":{"rendered":"<p>Autor: Dawid My\u015bliwiec<br \/>\nWydawnictwo: Altenberg<br \/>\nRok wydania: 2020<br \/>\nIlo\u015b\u0107 stron: 480<br \/>\nOprawa: twarda<br \/>\nISBN: 978-83-952354-9-8<\/p>\n<p>&#8222;Przepis na cz\u0142owieka&#8221; to popularnonaukowa opowie\u015b\u0107 Dawida My\u015bliwca. Na blisko 500 stronach autor zawar\u0142 swoje przemy\u015blenia i wyniki obserwacji, kt\u00f3rych od lat dokonuje zar\u00f3wno w \u017cyciu naukowym, jak i w sieci.<\/p>\n<p>Do znudzenia s\u0142yszysz, \u017ce oczy masz po tacie, u\u015bmiech po babci, a nos po wujku W\u0142adku? Jeste\u015b prawie pewny, \u017ce cukrzyca mamy oraz rak ciotki dotkn\u0105 tak\u017ce i ciebie, bo przecie\u017c to si\u0119 dziedziczy? Pami\u0119tasz co nieco z lekcji biologii, wydaje ci si\u0119, \u017ce wiesz du\u017co na temat gen\u00f3w? Tylko czy na pewno Twoja wiedza jest tak rozleg\u0142a, by m\u00f3c odpowiedzie\u0107 na pytanie, dlaczego w\u0142a\u015bciwie jeste\u015bmy tacy, a nie inni?<\/p>\n<p>Dawid My\u015bliwiec w swojej ksi\u0105\u017cce odpowiada na pytania, czy rzeczywi\u015bcie genetyka ma tak bezgraniczny wp\u0142yw na ka\u017cdego cz\u0142owieka, jak zwyk\u0142o si\u0119 s\u0105dzi\u0107. Co znaczy, \u017ce &#8222;co\u015b jest genetyczne&#8221;, i czy naprawd\u0119 grupa krwi, kolor w\u0142os\u00f3w i umiej\u0119tno\u015b\u0107 z\u0142o\u017cenia j\u0119zyka w rurk\u0119 tak wiele m\u00f3wi\u0105 na nasz temat? Autor proponuje, by spojrze\u0107 na siebie z innej perspektywy i pami\u0119ta\u0107, \u017ce zbyt proste podej\u015bcie do zasad dziedziczenia mo\u017ce zap\u0119dzi\u0107 nas na manowce i by\u0107 niebezpieczne. Wiadomo\u015bci podawane w mediach niekoniecznie s\u0105 prawdziwe, a odpowiedzi na zadane pytania warto szuka\u0107 w nauce.<\/p>\n<p>&#8222;Przepis na cz\u0142owieka&#8221; to warto\u015bciowa i pouczaj\u0105ca publikacja z autorskimi ilustracjami bazuje na wci\u0105gaj\u0105cych historiach z dziej\u00f3w nauki. Dzi\u0119ki temu poch\u0142ania si\u0119 j\u0105 niczym pierwszorz\u0119dn\u0105 powie\u015b\u0107.<\/p>\n<p>Zawiera autorskie ilustracje w klimacie dawnych ksi\u0105g,<br \/>\nOdpowiada na pytanie \u201cDlaczego jeste\u015bmy jacy jeste\u015bmy?\u201d<br \/>\nPosiada niemal 500 stron intryguj\u0105cej tre\u015bci,<br \/>\nMa oryginalnie roz\u0142o\u017cony tekst oraz przypisy,<br \/>\nZosta\u0142a napisana przez Dawida My\u015bliwca znanego z kana\u0142u \u201cUwaga! Naukowy be\u0142kot\u201d.<\/p>\n","protected":false},"excerpt":{"rendered":"<p>Autor: Dawid My\u015bliwiec Wydawnictwo: Altenberg Rok wydania: 2020 Ilo\u015b\u0107 stron: [&hellip;]<\/p>\n","protected":false},"featured_media":14590,"template":"","meta":[],"product_brand":[],"product_cat":[7707,7994],"product_tag":[6300,1257],"class_list":{"0":"post-14589","1":"product","2":"type-product","3":"status-publish","4":"has-post-thumbnail","6":"product_cat-literatura","7":"product_cat-poradniki","8":"product_tag-literatura-polska","9":"product_tag-poradniki","11":"first","12":"instock","13":"shipping-taxable","14":"purchasable","15":"product-type-simple"},"_links":{"self":[{"href":"http:\/\/ksiegarnia-akademicka.pl\/index.php\/wp-json\/wp\/v2\/product\/14589","targetHints":{"allow":["GET"]}}],"collection":[{"href":"http:\/\/ksiegarnia-akademicka.pl\/index.php\/wp-json\/wp\/v2\/product"}],"about":[{"href":"http:\/\/ksiegarnia-akademicka.pl\/index.php\/wp-json\/wp\/v2\/types\/product"}],"wp:featuredmedia":[{"embeddable":true,"href":"http:\/\/ksiegarnia-akademicka.pl\/index.php\/wp-json\/wp\/v2\/media\/14590"}],"wp:attachment":[{"href":"http:\/\/ksiegarnia-akademicka.pl\/index.php\/wp-json\/wp\/v2\/media?parent=14589"}],"wp:term":[{"taxonomy":"product_brand","embeddable":true,"href":"http:\/\/ksiegarnia-akademicka.pl\/index.php\/wp-json\/wp\/v2\/product_brand?post=14589"},{"taxonomy":"product_cat","embeddable":true,"href":"http:\/\/ksiegarnia-akademicka.pl\/index.php\/wp-json\/wp\/v2\/product_cat?post=14589"},{"taxonomy":"product_tag","embeddable":true,"href":"http:\/\/ksiegarnia-akademicka.pl\/index.php\/wp-json\/wp\/v2\/product_tag?post=14589"}],"curies":[{"name":"wp","href":"https:\/\/api.w.org\/{rel}","templated":true}]}}