{"id":14563,"date":"2021-04-30T09:49:41","date_gmt":"2021-04-30T07:49:41","guid":{"rendered":"http:\/\/ksiegarnia-akademicka.pl\/?post_type=product&#038;p=14563"},"modified":"2024-12-05T08:47:40","modified_gmt":"2024-12-05T07:47:40","slug":"nomadland-w-drodze-za-praca","status":"publish","type":"product","link":"http:\/\/ksiegarnia-akademicka.pl\/index.php\/product\/nomadland-w-drodze-za-praca\/","title":{"rendered":"Nomadland W drodze za prac\u0105"},"content":{"rendered":"<p>Autor:<br \/>\nJessica Bruder<br \/>\nT\u0142umacze: Tomczak Martyna<br \/>\nWydawca: Czarne<br \/>\nOprawa: Twarda<br \/>\nFormat: 13.3&#215;21.5cm<br \/>\nLiczba stron: 280<br \/>\nWydanie: 2<br \/>\nRok wydania: 2021<br \/>\nJ\u0119zyk wydania: polski<\/p>\n<p>Ich oszcz\u0119dno\u015bci wyparowa\u0142y po kryzysie w 2008 roku lub z powodu r\u00f3\u017cnych \u017cyciowych wypadk\u00f3w. Zamiast przej\u015b\u0107 na zas\u0142u\u017con\u0105 emerytur\u0119, \u017cegnaj\u0105 si\u0119 z wygodnym \u017cyciem przedstawicieli klasy \u015bredniej, kt\u00f3re wiedli dot\u0105d. Sprzedaj\u0105 domy, bo nie mog\u0105 ich ju\u017c utrzyma\u0107, przesiadaj\u0105 si\u0119 do kamper\u00f3w, przyczep, van\u00f3w czy pikap\u00f3w i ruszaj\u0105 w drog\u0119. Je\u017cd\u017c\u0105 od stanu do stanu w poszukiwaniu dorywczej pracy \u2013 na kempingach, przy zbiorach owoc\u00f3w i warzyw, w centrach logistycznych Amazona. Dla wielu firm to pracownicy doskonali. S\u0105 wytrwali, odpowiedzialni, do\u015bwiadczeni, bardzo zdeterminowani. Przywo\u017c\u0105 ze sob\u0105 ca\u0142y sw\u00f3j dobytek, zmieniaj\u0105c postoje przyczep w efemeryczne miasteczka robotnicze, kt\u00f3re pustoszej\u0105, kiedy ko\u0144czy si\u0119 praca. Nigdzie nie zostaj\u0105 wystarczaj\u0105co d\u0142ugo, \u017ceby stworzy\u0107 zwi\u0105zek zawodowy. Niekt\u00f3rzy uwa\u017caj\u0105 ich za bezdomnych, ale koczownicy nowej ery nie lubi\u0105 tej \u0142atki. M\u00f3wi\u0105 o sobie: bezmiejscowi. Twierdz\u0105, \u017ce wyrwali si\u0119 z niewoli czynsz\u00f3w, \u015bwiadomie wypisali z zepsutego, demoralizuj\u0105cego systemu. Wielu nauczy\u0142o si\u0119 cieszy\u0107 now\u0105 wolno\u015bci\u0105. Nawi\u0105zuj\u0105 przyja\u017anie, dziel\u0105 si\u0119 do\u015bwiadczeniami, pomagaj\u0105 sobie nawzajem. Czas zapi\u0105\u0107 pasy! Dzi\u0119ki Jessice Bruder mo\u017cemy do\u0142\u0105czy\u0107 do nomad\u00f3w i wyruszy\u0107 na w\u0142\u00f3cz\u0119g\u0119 po innej Ameryce. \u201eWorkamperzy, w\u0119drowni robotnicy, rozproszone plemi\u0119. Krzywdzeni i poni\u017cani, wyrzuceni poza nawias spo\u0142ecze\u0144stwa, a mimo to dumni i pe\u0142ni nadziei, \u017ce kiedy\u015b przestan\u0105 by\u0107 obywatelami \u201eAmeryki, o kt\u00f3rej wszyscy zapomnieli\u201d. Reporta\u017c Bruder to nie tylko opowie\u015b\u0107 o wsp\u00f3\u0142czesnych nomadach, ale te\u017c o niewolniczej pracy, Amazonie, ko\u0144cu ery emerytur, nier\u00f3wno\u015bciach i nowej walce klas. Przejmuj\u0105ca i niezb\u0119dna.\u201d Grzegorz Wysocki, \u201eGazeta Wyborcza\u201d \u201eNa pocz\u0105tku XX wieku ludzie je\u017adzili w poszukiwaniu pracy kolej\u0105 i nocowali w obozowiskach. Dzi\u015b, jak opisuje Bruder, powsta\u0142a nowa grupa pracownik\u00f3w nomad\u00f3w \u2013 to starsi ludzie, kt\u00f3rzy przemieszczaj\u0105 si\u0119 kamperami od jednego magazynu Amazona do drugiego, gdy tylko pojawi si\u0119 nowa oferta kr\u00f3tkoterminowej pracy. Du\u017co rzeczy budzi tu niepok\u00f3j \u2013 pocz\u0105wszy od niskich p\u0142ac i wyczerpuj\u0105cej pracy fizycznej po ci\u0105g\u0142\u0105 niepewno\u015b\u0107. Ale o dziwo kraina Nomadland daje te\u017c swoim mieszka\u0144com tak bardzo potrzebne poczucie wsp\u00f3lnoty, kole\u017ce\u0144stwa i dreszcz przygody, kt\u00f3re sprawiaj\u0105, \u017ce t\u0119 ksi\u0105\u017ck\u0119 czyta si\u0119 z rado\u015bci\u0105.\u201d Barbara Ehrenreich \u201eCi, kt\u00f3rzy my\u015bleli, \u017ce kryzys finansowy z 2008 roku jest ju\u017c dawno za nami, musz\u0105 pozna\u0107 bohater\u00f3w ksi\u0105\u017cki Bruder \u2013 poruszaj\u0105cej, pi\u0119knej, wyrazistej i niepokoj\u0105cej (a czasem gorzko zabawnej). \u201eNomadland\u201d jest zar\u00f3wno \u015bwiadectwem pomys\u0142owo\u015bci i szczodro\u015bci ofiar naszej na po\u0142y wsp\u00f3\u0142czesnej, na po\u0142y \u015bredniowiecznej gospodarki, jak i opisem brutalno\u015bci, kt\u00f3ra doprowadzi\u0142a ich do obecnej sytuacji. Czy naprawd\u0119 najbogatszy kraj na ziemi mo\u017ce zrobi\u0107 tylko tyle dla tych, kt\u00f3rzy zrobili dla niego tak wiele?\u201d Rebecca Solnit \u201eTo ksi\u0105\u017cka ukazuj\u0105ca przepa\u015b\u0107 mi\u0119dzy tym, jaka Ameryka chce by\u0107, a tym, jaka jest naprawd\u0119.\u201d \u201eThe New Yorker\u201d \u201eKemping jako dom, gdy nie ma ju\u017c gdzie mieszka\u0107, kamper nie na wakacje, ale \u017ceby przetrwa\u0107: to pocz\u0105tki nowej dystopii. \u201eNomadland\u201d to b\u0142yskotliwy przewodnik po szlakach nowej gospodarki, a jednocze\u015bnie serdeczna i pe\u0142na z\u0142owr\u00f3\u017cbnych znak\u00f3w opowie\u015b\u0107 drogi.\u201d Ted Conover \u201eOdkrywczy reporta\u017c bior\u0105cy na celownik sp\u0142ukanych Amerykan\u00f3w, kt\u00f3rzy po kryzysie zdecydowali si\u0119 na \u017cycie w drodze. Jedyne, co maj\u0105, to gotowo\u015b\u0107 do nieustannego ruchu.\u201d \u201eThe Los Angeles Review of Books\u201d \u201eG\u0142\u0119boko ludzka i bardzo niepokoj\u0105ca. Bruder zabiera czytelnika w wypraw\u0119 po coraz bardziej nier\u00f3wnej, niestabilnej i niepewnej przysz\u0142o\u015bci Ameryki. Ta podr\u00f3\u017c otwiera oczy.\u201d \u201eThe Nation\u201d \u201eWnikliwe i uwa\u017cne spojrzenie Bruder nadaje godno\u015b\u0107 pracownik\u00f3w, kt\u00f3rych wielu nazwa\u0142oby \u201ejednorazowymi\u201d.\u201d \u201eProvidence Journal\u201d<\/p>\n","protected":false},"excerpt":{"rendered":"<p>Autor: Jessica Bruder T\u0142umacze: Tomczak Martyna Wydawca: Czarne Oprawa: Twarda [&hellip;]<\/p>\n","protected":false},"featured_media":14564,"template":"","meta":[],"product_brand":[],"product_cat":[7707],"product_tag":[4544,4548],"class_list":{"0":"post-14563","1":"product","2":"type-product","3":"status-publish","4":"has-post-thumbnail","6":"product_cat-literatura","7":"product_tag-historia-stanow-zjednoczonych","8":"product_tag-reportaz","10":"first","11":"instock","12":"sale","13":"shipping-taxable","14":"purchasable","15":"product-type-simple"},"_links":{"self":[{"href":"http:\/\/ksiegarnia-akademicka.pl\/index.php\/wp-json\/wp\/v2\/product\/14563","targetHints":{"allow":["GET"]}}],"collection":[{"href":"http:\/\/ksiegarnia-akademicka.pl\/index.php\/wp-json\/wp\/v2\/product"}],"about":[{"href":"http:\/\/ksiegarnia-akademicka.pl\/index.php\/wp-json\/wp\/v2\/types\/product"}],"wp:featuredmedia":[{"embeddable":true,"href":"http:\/\/ksiegarnia-akademicka.pl\/index.php\/wp-json\/wp\/v2\/media\/14564"}],"wp:attachment":[{"href":"http:\/\/ksiegarnia-akademicka.pl\/index.php\/wp-json\/wp\/v2\/media?parent=14563"}],"wp:term":[{"taxonomy":"product_brand","embeddable":true,"href":"http:\/\/ksiegarnia-akademicka.pl\/index.php\/wp-json\/wp\/v2\/product_brand?post=14563"},{"taxonomy":"product_cat","embeddable":true,"href":"http:\/\/ksiegarnia-akademicka.pl\/index.php\/wp-json\/wp\/v2\/product_cat?post=14563"},{"taxonomy":"product_tag","embeddable":true,"href":"http:\/\/ksiegarnia-akademicka.pl\/index.php\/wp-json\/wp\/v2\/product_tag?post=14563"}],"curies":[{"name":"wp","href":"https:\/\/api.w.org\/{rel}","templated":true}]}}