{"id":14511,"date":"2021-04-22T09:27:35","date_gmt":"2021-04-22T07:27:35","guid":{"rendered":"http:\/\/ksiegarnia-akademicka.pl\/?post_type=product&#038;p=14511"},"modified":"2021-04-22T09:27:36","modified_gmt":"2021-04-22T07:27:36","slug":"wspolczesna-farmakoterapia-w-schorzeniach-chirurgicznych-jamy-ustnej-i-tkanek-okolicznych-podrecznik-dla-studentow-i-lekarzy-2","status":"publish","type":"product","link":"http:\/\/ksiegarnia-akademicka.pl\/index.php\/product\/wspolczesna-farmakoterapia-w-schorzeniach-chirurgicznych-jamy-ustnej-i-tkanek-okolicznych-podrecznik-dla-studentow-i-lekarzy-2\/","title":{"rendered":"Wsp\u00f3\u0142czesna farmakoterapia w schorzeniach chirurgicznych jamy ustnej i tkanek okolicznych Podr\u0119cznik dla student\u00f3w i lekarzy"},"content":{"rendered":"<p>Autor:<br \/>\nTomasz Kaczmarzyk<br \/>\nAleksandra Goszcz<br \/>\nLilia Stypu\u0142kowska<br \/>\nWydawca: Wydawnictwo Uniwersytetu Jagiello\u0144skiego<br \/>\nOprawa: Mi\u0119kka<br \/>\nFormat: 17.0&#215;24.0cm<br \/>\nLiczba stron: 316<br \/>\nRok wydania: 2016<br \/>\nJ\u0119zyk wydania: polski<\/p>\n<p>Wed\u0142ug mojej znajomo\u015bci przedmiotu niniejszy podr\u0119cznik to pierwsza udana pr\u00f3ba tematycznego ograniczenia si\u0119 do obszaru schorze\u0144 chirurgicznych jamy ustnej (&#8230;). Zawarto\u015b\u0107 podr\u0119cznika zosta\u0142a przemy\u015blana w najdrobniejszych szczeg\u00f3\u0142ach i obejmuje pierwszy pe\u0142ny kurs farmakologii schorze\u0144 chirurgicznych jamy ustnej, pocz\u0105wszy od lek\u00f3w przeciwbakteryjnych, poprzez znieczulenie miejscowe i og\u00f3lne, terapi\u0119 b\u00f3lu, krwawie\u0144, stan\u00f3w nag\u0142ych, a\u017c do premedykacji. Na szczeg\u00f3lne uznanie zas\u0142uguje wprowadzenie rozdzia\u0142u farmakoterapii w okresie ci\u0105\u017cy i laktacji, jak i ca\u0142ego rozdzia\u0142u po\u015bwi\u0119conego b\u0142\u0119dom w farmakoterapii schorze\u0144 stomatologicznych(&#8230;). Bardzo wysoko oceniam przedstawion\u0105 pozycj\u0119 pod wzgl\u0119dem zawarto\u015bci merytorycznej. Kwalifikacje autor\u00f3w gwarantuj\u0105 wysok\u0105 jako\u015b\u0107 publikacji. W mojej opinii istnieje zapotrzebowanie na podr\u0119czniki, w kt\u00f3rych wiedza farmakologiczna jest \u015bci\u015ble wyselekcjonowana dla obszar\u00f3w w\u0105skiej praktycznej u\u017cyteczno\u015bci<\/p>\n","protected":false},"excerpt":{"rendered":"<p>Autor: Tomasz Kaczmarzyk Aleksandra Goszcz Lilia Stypu\u0142kowska Wydawca: Wydawnictwo Uniwersytetu [&hellip;]<\/p>\n","protected":false},"featured_media":14512,"template":"","meta":[],"product_brand":[],"product_cat":[8130,8037,7493],"product_tag":[4647,4269],"class_list":{"0":"post-14511","1":"product","2":"type-product","3":"status-publish","4":"has-post-thumbnail","6":"product_cat-chirurgia","7":"product_cat-farmacja","8":"product_cat-medycyna","9":"product_tag-chirurgia","10":"product_tag-farmacja","12":"first","13":"instock","14":"sale","15":"shipping-taxable","16":"purchasable","17":"product-type-simple"},"_links":{"self":[{"href":"http:\/\/ksiegarnia-akademicka.pl\/index.php\/wp-json\/wp\/v2\/product\/14511","targetHints":{"allow":["GET"]}}],"collection":[{"href":"http:\/\/ksiegarnia-akademicka.pl\/index.php\/wp-json\/wp\/v2\/product"}],"about":[{"href":"http:\/\/ksiegarnia-akademicka.pl\/index.php\/wp-json\/wp\/v2\/types\/product"}],"wp:featuredmedia":[{"embeddable":true,"href":"http:\/\/ksiegarnia-akademicka.pl\/index.php\/wp-json\/wp\/v2\/media\/14512"}],"wp:attachment":[{"href":"http:\/\/ksiegarnia-akademicka.pl\/index.php\/wp-json\/wp\/v2\/media?parent=14511"}],"wp:term":[{"taxonomy":"product_brand","embeddable":true,"href":"http:\/\/ksiegarnia-akademicka.pl\/index.php\/wp-json\/wp\/v2\/product_brand?post=14511"},{"taxonomy":"product_cat","embeddable":true,"href":"http:\/\/ksiegarnia-akademicka.pl\/index.php\/wp-json\/wp\/v2\/product_cat?post=14511"},{"taxonomy":"product_tag","embeddable":true,"href":"http:\/\/ksiegarnia-akademicka.pl\/index.php\/wp-json\/wp\/v2\/product_tag?post=14511"}],"curies":[{"name":"wp","href":"https:\/\/api.w.org\/{rel}","templated":true}]}}