{"id":1451,"date":"2018-05-22T12:43:41","date_gmt":"2018-05-22T10:43:41","guid":{"rendered":"http:\/\/ksiegarnia-akademicka.pl\/index.php\/product\/postepowanie-administracyjne-egzekucyjne-i-sadowoadministracyjne\/"},"modified":"2018-12-12T15:17:15","modified_gmt":"2018-12-12T14:17:15","slug":"postepowanie-administracyjne-egzekucyjne-i-sadowoadministracyjne","status":"publish","type":"product","link":"http:\/\/ksiegarnia-akademicka.pl\/index.php\/product\/postepowanie-administracyjne-egzekucyjne-i-sadowoadministracyjne\/","title":{"rendered":"Post\u0119powanie administracyjne, egzekucyjne i s\u0105dowoadministracyjne"},"content":{"rendered":"<p>Nale\u017cy do serii:<br \/>\nSERIA AKADEMICKA<br \/>\nAutor:<br \/>\nBarbara Adamiak<br \/>\nJanusz Borkowski<br \/>\nWydawca: Wolters Kluwer<br \/>\nOprawa: Mi\u0119kka<br \/>\nFormat: 17.0&#215;24.0cm<br \/>\nLiczba stron: 820<br \/>\nWydanie: 15<br \/>\nRok wydania: 2018<\/p>\n<p>W podr\u0119czniku zosta\u0142y om\u00f3wione koncepcje teoretycznych instytucji procesowych post\u0119powania administracyjnego i post\u0119powania s\u0105dowoadministracyjnego oraz ich stosowanie w praktyce ukszta\u0142towane orzecznictwem s\u0105d\u00f3w administracyjnych. <\/p>\n<p>W 15. wydaniu zosta\u0142y om\u00f3wione zmiany wprowadzone przez tzw. wielk\u0105 nowelizacj\u0119 Kodeksu post\u0119powania administracyjnego z 7.04.2017 r., stosowane wy\u0142\u0105cznie do post\u0119powa\u0144 rozpocz\u0119tych od 1.06.2017 r., obejmuj\u0105ce m.in.:<br \/>\n&#8211; instytucj\u0119 mediacji,<br \/>\n&#8211; milcz\u0105ce za\u0142atwienie sprawy,<br \/>\n&#8211; zrzeczenie si\u0119 odwo\u0142ania,<br \/>\n&#8211; post\u0119powanie uproszczone,<br \/>\n&#8211; europejsk\u0105 wsp\u00f3\u0142prac\u0119 administracyjn\u0105,<br \/>\n&#8211; odchodzenie od zasady dwuinstancyjno\u015bci.<br \/>\nW podr\u0119czniku om\u00f3wiono r\u00f3wnie\u017c nowe zasady wprowadzone przez tzw. wielk\u0105 nowelizacj\u0119 Kodeksu:<br \/>\n&#8211; zasad\u0119 og\u00f3ln\u0105 uwzgl\u0119dnienia interesu strony przez przyj\u0119cie, \u017ce je\u017celi tre\u015b\u0107 normy prawnej budzi w\u0105tpliwo\u015bci, to w\u0105tpliwo\u015bci te nale\u017cy rozstrzyga\u0107 na korzy\u015b\u0107 stron,<br \/>\n&#8211; zasad\u0119 og\u00f3ln\u0105 obowi\u0105zku wsp\u00f3\u0142dzia\u0142ania organ\u00f3w administracji publicznej,<br \/>\n&#8211; zasad\u0119 prawomocno\u015bci decyzji.<\/p>\n","protected":false},"excerpt":{"rendered":"<p>Nale\u017cy do serii: SERIA AKADEMICKA Autor: Barbara Adamiak Janusz Borkowski [&hellip;]<\/p>\n","protected":false},"featured_media":9546,"template":"","meta":[],"product_brand":[],"product_cat":[7492,18],"product_tag":[564,623,4094,485,330],"class_list":{"0":"post-1451","1":"product","2":"type-product","3":"status-publish","4":"has-post-thumbnail","6":"product_cat-administracyjne","7":"product_cat-prawo","8":"product_tag-postepowanie-administracyjne","9":"product_tag-postepowanie-egzekucyjne","10":"product_tag-postepowanie-sadowoadministracyjne","11":"product_tag-prawo-administracyjne","12":"product_tag-seria-akademicka","14":"first","15":"instock","16":"sale","17":"shipping-taxable","18":"purchasable","19":"product-type-simple"},"_links":{"self":[{"href":"http:\/\/ksiegarnia-akademicka.pl\/index.php\/wp-json\/wp\/v2\/product\/1451","targetHints":{"allow":["GET"]}}],"collection":[{"href":"http:\/\/ksiegarnia-akademicka.pl\/index.php\/wp-json\/wp\/v2\/product"}],"about":[{"href":"http:\/\/ksiegarnia-akademicka.pl\/index.php\/wp-json\/wp\/v2\/types\/product"}],"wp:featuredmedia":[{"embeddable":true,"href":"http:\/\/ksiegarnia-akademicka.pl\/index.php\/wp-json\/wp\/v2\/media\/9546"}],"wp:attachment":[{"href":"http:\/\/ksiegarnia-akademicka.pl\/index.php\/wp-json\/wp\/v2\/media?parent=1451"}],"wp:term":[{"taxonomy":"product_brand","embeddable":true,"href":"http:\/\/ksiegarnia-akademicka.pl\/index.php\/wp-json\/wp\/v2\/product_brand?post=1451"},{"taxonomy":"product_cat","embeddable":true,"href":"http:\/\/ksiegarnia-akademicka.pl\/index.php\/wp-json\/wp\/v2\/product_cat?post=1451"},{"taxonomy":"product_tag","embeddable":true,"href":"http:\/\/ksiegarnia-akademicka.pl\/index.php\/wp-json\/wp\/v2\/product_tag?post=1451"}],"curies":[{"name":"wp","href":"https:\/\/api.w.org\/{rel}","templated":true}]}}