{"id":14489,"date":"2021-04-21T09:45:26","date_gmt":"2021-04-21T07:45:26","guid":{"rendered":"http:\/\/ksiegarnia-akademicka.pl\/?post_type=product&#038;p=14489"},"modified":"2021-04-21T09:45:28","modified_gmt":"2021-04-21T07:45:28","slug":"postepowanie-karne-testy","status":"publish","type":"product","link":"http:\/\/ksiegarnia-akademicka.pl\/index.php\/product\/postepowanie-karne-testy\/","title":{"rendered":"Post\u0119powanie karne. Testy"},"content":{"rendered":"<p>Sebastian Kowalski, Katarzyna Osiak-Krynicka, Alfred Staszak, Olaf W\u0142odkowski<br \/>\nWydawnictwo: Wolters Kluwer Polska<br \/>\nRok publikacji: 2021<br \/>\nWydanie: 1<br \/>\nLiczba stron: 280<br \/>\nSeria: Testy<br \/>\nOk\u0142adka: mi\u0119kka<br \/>\nFormat: B5<\/p>\n<p>Publikacja sk\u0142ada si\u0119 z blisko 1000 pyta\u0144 testowych z zakresu prawa karnego procesowego. Do ka\u017cdego zagadnienia przygotowano odr\u0119bne zestawy pyta\u0144 jednokrotnego i wielokrotnego wyboru.<\/p>\n<p>Uk\u0142ad opracowania koresponduje ze struktur\u0105 podr\u0119cznik\u00f3w do prawa karnego procesowego. Ksi\u0105\u017ck\u0119 uzupe\u0142niono o odpowiedzi, w kt\u00f3rych obok ka\u017cdego wyja\u015bnienia wskazano podstaw\u0119 prawn\u0105 oraz tezy orzecze\u0144 S\u0105du Najwy\u017cszego i s\u0105d\u00f3w apelacyjnych. Dzi\u0119ki tak przyj\u0119temu uk\u0142adowi tre\u015bci Czytelnik ma mo\u017cliwo\u015b\u0107 nie tylko zweryfikowania utrwalonej wiedzy, lecz tak\u017ce jej uporz\u0105dkowania i poszerzenia.<\/p>\n<p>Opracowanie jest przeznaczone przede wszystkim dla student\u00f3w, kt\u00f3rzy w programie studi\u00f3w maj\u0105 przedmiot prawo karne procesowe, w szczeg\u00f3lno\u015bci student\u00f3w prawa i administracji. B\u0119dzie pomocne tak\u017ce aplikantom prawniczym oraz pracownikom dydaktycznym wydzia\u0142\u00f3w prawa i administracji zajmuj\u0105cych si\u0119 omawian\u0105 tematyk\u0105.<\/p>\n","protected":false},"excerpt":{"rendered":"<p>Sebastian Kowalski, Katarzyna Osiak-Krynicka, Alfred Staszak, Olaf W\u0142odkowski Wydawnictwo: Wolters [&hellip;]<\/p>\n","protected":false},"featured_media":14490,"template":"","meta":[],"product_brand":[],"product_cat":[7490,18],"product_tag":[331,296,8126],"class_list":{"0":"post-14489","1":"product","2":"type-product","3":"status-publish","4":"has-post-thumbnail","6":"product_cat-karne","7":"product_cat-prawo","8":"product_tag-postepowanie-karne","9":"product_tag-prawo-karne","10":"product_tag-seria-testy","12":"first","13":"instock","14":"sale","15":"shipping-taxable","16":"purchasable","17":"product-type-simple"},"_links":{"self":[{"href":"http:\/\/ksiegarnia-akademicka.pl\/index.php\/wp-json\/wp\/v2\/product\/14489","targetHints":{"allow":["GET"]}}],"collection":[{"href":"http:\/\/ksiegarnia-akademicka.pl\/index.php\/wp-json\/wp\/v2\/product"}],"about":[{"href":"http:\/\/ksiegarnia-akademicka.pl\/index.php\/wp-json\/wp\/v2\/types\/product"}],"wp:featuredmedia":[{"embeddable":true,"href":"http:\/\/ksiegarnia-akademicka.pl\/index.php\/wp-json\/wp\/v2\/media\/14490"}],"wp:attachment":[{"href":"http:\/\/ksiegarnia-akademicka.pl\/index.php\/wp-json\/wp\/v2\/media?parent=14489"}],"wp:term":[{"taxonomy":"product_brand","embeddable":true,"href":"http:\/\/ksiegarnia-akademicka.pl\/index.php\/wp-json\/wp\/v2\/product_brand?post=14489"},{"taxonomy":"product_cat","embeddable":true,"href":"http:\/\/ksiegarnia-akademicka.pl\/index.php\/wp-json\/wp\/v2\/product_cat?post=14489"},{"taxonomy":"product_tag","embeddable":true,"href":"http:\/\/ksiegarnia-akademicka.pl\/index.php\/wp-json\/wp\/v2\/product_tag?post=14489"}],"curies":[{"name":"wp","href":"https:\/\/api.w.org\/{rel}","templated":true}]}}