{"id":1448,"date":"2018-05-22T12:43:40","date_gmt":"2018-05-22T10:43:40","guid":{"rendered":"http:\/\/ksiegarnia-akademicka.pl\/index.php\/product\/zarys-metod-ekonometrii-zbior-zadan\/"},"modified":"2018-12-05T09:22:24","modified_gmt":"2018-12-05T08:22:24","slug":"zarys-metod-ekonometrii-zbior-zadan","status":"publish","type":"product","link":"http:\/\/ksiegarnia-akademicka.pl\/index.php\/product\/zarys-metod-ekonometrii-zbior-zadan\/","title":{"rendered":"Zarys metod ekonometrii. Zbi\u00f3r zada\u0144."},"content":{"rendered":"<p>Autor:<br \/>\nEdward Nowak<br \/>\nWydawca: Wydawnictwo Naukowe PWN<br \/>\nOprawa: Mi\u0119kka<br \/>\nFormat: 16.5&#215;24.0cm<br \/>\nLiczba stron: 224<br \/>\nWydanie: 3<br \/>\nRok wydania: 2018<\/p>\n<p>Metody ekonometryczne znajduj\u0105 coraz szersze zastosowanie w r\u00f3\u017cnych dziedzinach bada\u0144 ekonomicznych. Nie mo\u017cna jednak stwierdzi\u0107, \u017ce mo\u017cliwo\u015bci ekonometrii zosta\u0142y ju\u017c dobrze poznane. Na rynku wydawniczym ceni si\u0119 szczeg\u00f3lnie prace, w kt\u00f3rych nawet najbardziej skomplikowane metody ekonometryczne s\u0105 przedstawione w taki spos\u00f3b, aby sta\u0142y si\u0119 zrozumia\u0142ym narz\u0119dziem badawczym. Do takich ksi\u0105\u017cek nale\u017cy niniejszy podr\u0119cznik, od wielu lat ciesz\u0105cy si\u0119 uznaniem student\u00f3w i wyk\u0142adowc\u00f3w.<\/p>\n","protected":false},"excerpt":{"rendered":"<p>Autor: Edward Nowak Wydawca: Wydawnictwo Naukowe PWN Oprawa: Mi\u0119kka Format: [&hellip;]<\/p>\n","protected":false},"featured_media":9024,"template":"","meta":[],"product_brand":[],"product_cat":[7521,35],"product_tag":[4073,348],"class_list":{"0":"post-1448","1":"product","2":"type-product","3":"status-publish","4":"has-post-thumbnail","6":"product_cat-ekonometria","7":"product_cat-matematyka-i-jej-zastosowania","8":"product_tag-ekonometria","9":"product_tag-zbior-zadan","11":"first","12":"instock","13":"sale","14":"shipping-taxable","15":"purchasable","16":"product-type-simple"},"_links":{"self":[{"href":"http:\/\/ksiegarnia-akademicka.pl\/index.php\/wp-json\/wp\/v2\/product\/1448","targetHints":{"allow":["GET"]}}],"collection":[{"href":"http:\/\/ksiegarnia-akademicka.pl\/index.php\/wp-json\/wp\/v2\/product"}],"about":[{"href":"http:\/\/ksiegarnia-akademicka.pl\/index.php\/wp-json\/wp\/v2\/types\/product"}],"wp:featuredmedia":[{"embeddable":true,"href":"http:\/\/ksiegarnia-akademicka.pl\/index.php\/wp-json\/wp\/v2\/media\/9024"}],"wp:attachment":[{"href":"http:\/\/ksiegarnia-akademicka.pl\/index.php\/wp-json\/wp\/v2\/media?parent=1448"}],"wp:term":[{"taxonomy":"product_brand","embeddable":true,"href":"http:\/\/ksiegarnia-akademicka.pl\/index.php\/wp-json\/wp\/v2\/product_brand?post=1448"},{"taxonomy":"product_cat","embeddable":true,"href":"http:\/\/ksiegarnia-akademicka.pl\/index.php\/wp-json\/wp\/v2\/product_cat?post=1448"},{"taxonomy":"product_tag","embeddable":true,"href":"http:\/\/ksiegarnia-akademicka.pl\/index.php\/wp-json\/wp\/v2\/product_tag?post=1448"}],"curies":[{"name":"wp","href":"https:\/\/api.w.org\/{rel}","templated":true}]}}