{"id":14462,"date":"2021-04-20T09:27:50","date_gmt":"2021-04-20T07:27:50","guid":{"rendered":"http:\/\/ksiegarnia-akademicka.pl\/?post_type=product&#038;p=14462"},"modified":"2021-04-20T09:28:32","modified_gmt":"2021-04-20T07:28:32","slug":"medycyna-przedszpitalna-w-lotniczym-pogotowiu-ratunkowym","status":"publish","type":"product","link":"http:\/\/ksiegarnia-akademicka.pl\/index.php\/product\/medycyna-przedszpitalna-w-lotniczym-pogotowiu-ratunkowym\/","title":{"rendered":"Medycyna przedszpitalna w Lotniczym Pogotowiu Ratunkowym"},"content":{"rendered":"<p>Autor:<br \/>\nRobert Ga\u0142\u0105zkowski<br \/>\nMarcin Kowalski<br \/>\nTomasz Derkowski<br \/>\nWydawca: PZWL<br \/>\nOprawa: Twarda<br \/>\nFormat: 20.5&#215;24.5cm<br \/>\nLiczba stron: 860<br \/>\nWydanie: 1<br \/>\nRok wydania: 2021<br \/>\nJ\u0119zyk wydania: polski<\/p>\n<p>\u201eMedycyna przedszpitalna w Lotniczym Pogotowiu Ratunkowym\u201d to pierwsza publikacja na rynku polskim, kt\u00f3ra omawia dobre praktyki post\u0119powania klinicznego w LPR.<br \/>\nPraktyczna, oryginalna, bogato ilustrowana publikacja \u0142\u0105czy ze sob\u0105 elementy medycyny ratunkowej, anestezjologii i intensywnej terapii oraz medycyny lotniczej, zarz\u0105dzania i psychologii. Przybli\u017ca kulisy prawid\u0142owych decyzji klinicznych lekarzy zar\u00f3wno podczas wylot\u00f3w do zdarze\u0144, jak i lotniczych transport\u00f3w mi\u0119dzyszpitalnych.<br \/>\nPodr\u0119cznik zosta\u0142 przygotowany przez najlepszych polskich specjalist\u00f3w, pracuj\u0105cych na co dzie\u0144 w LPR.<br \/>\nAutorzy dziel\u0105 si\u0119 z Czytelnikami nie tylko wiedz\u0105 kliniczn\u0105, lecz tak\u017ce praktyk\u0105, do\u015bwiadczeniem, trudnymi sytuacjami i przede wszystkim wielkim zami\u0142owaniem do swojego zawodu.<br \/>\nKsi\u0105\u017cka z pewno\u015bci\u0105 zainteresuje nie tylko osoby wsp\u00f3\u0142pracuj\u0105ce na co dzie\u0144 z Lotniczym Pogotowiem Ratunkowym, lecz tak\u017ce lekarzy medycyny ratunkowej, student\u00f3w medycyny, osoby pracuj\u0105ce w szpitalnych oddzia\u0142ach ratunkowych i centrach urazowych. To podstawowa lektura dla kandydat\u00f3w na cz\u0142onka za\u0142ogi pogotowia lotniczego i personelu wsp\u00f3\u0142pracuj\u0105cego z LPR &#8211; dyspozytor\u00f3w, ratownik\u00f3w i piel\u0119gniarek.<\/p>\n","protected":false},"excerpt":{"rendered":"<p>Autor: Robert Ga\u0142\u0105zkowski Marcin Kowalski Tomasz Derkowski Wydawca: PZWL Oprawa: [&hellip;]<\/p>\n","protected":false},"featured_media":14463,"template":"","meta":[],"product_brand":[],"product_cat":[7493,8116],"product_tag":[5254,6586],"class_list":{"0":"post-14462","1":"product","2":"type-product","3":"status-publish","4":"has-post-thumbnail","6":"product_cat-medycyna","7":"product_cat-medycyna-ratunkowa","8":"product_tag-medycyna-ratunkowa","9":"product_tag-pierwsza-pomoc","11":"first","12":"instock","13":"sale","14":"shipping-taxable","15":"purchasable","16":"product-type-simple"},"_links":{"self":[{"href":"http:\/\/ksiegarnia-akademicka.pl\/index.php\/wp-json\/wp\/v2\/product\/14462","targetHints":{"allow":["GET"]}}],"collection":[{"href":"http:\/\/ksiegarnia-akademicka.pl\/index.php\/wp-json\/wp\/v2\/product"}],"about":[{"href":"http:\/\/ksiegarnia-akademicka.pl\/index.php\/wp-json\/wp\/v2\/types\/product"}],"wp:featuredmedia":[{"embeddable":true,"href":"http:\/\/ksiegarnia-akademicka.pl\/index.php\/wp-json\/wp\/v2\/media\/14463"}],"wp:attachment":[{"href":"http:\/\/ksiegarnia-akademicka.pl\/index.php\/wp-json\/wp\/v2\/media?parent=14462"}],"wp:term":[{"taxonomy":"product_brand","embeddable":true,"href":"http:\/\/ksiegarnia-akademicka.pl\/index.php\/wp-json\/wp\/v2\/product_brand?post=14462"},{"taxonomy":"product_cat","embeddable":true,"href":"http:\/\/ksiegarnia-akademicka.pl\/index.php\/wp-json\/wp\/v2\/product_cat?post=14462"},{"taxonomy":"product_tag","embeddable":true,"href":"http:\/\/ksiegarnia-akademicka.pl\/index.php\/wp-json\/wp\/v2\/product_tag?post=14462"}],"curies":[{"name":"wp","href":"https:\/\/api.w.org\/{rel}","templated":true}]}}