{"id":14454,"date":"2021-04-20T09:19:24","date_gmt":"2021-04-20T07:19:24","guid":{"rendered":"http:\/\/ksiegarnia-akademicka.pl\/?post_type=product&#038;p=14454"},"modified":"2025-01-30T12:28:26","modified_gmt":"2025-01-30T11:28:26","slug":"geografia-turystyczna-swiata-nowe-trendy-regiony-turystyczne","status":"publish","type":"product","link":"http:\/\/ksiegarnia-akademicka.pl\/index.php\/product\/geografia-turystyczna-swiata-nowe-trendy-regiony-turystyczne\/","title":{"rendered":"Geografia turystyczna \u015bwiata Nowe trendy. Regiony turystyczne"},"content":{"rendered":"<p>Autor:<br \/>\nJerzy Makowski<br \/>\nMaciej J\u0119drusik<br \/>\nFlorian Plit<br \/>\nWydawca: Wydawnictwa Uniwersytetu Warszawskiego<br \/>\nOprawa: Mi\u0119kka<br \/>\nFormat: 19.0&#215;24.0cm<br \/>\nLiczba stron: 384<br \/>\nWydanie: 1<br \/>\nRok wydania: 2020<br \/>\nJ\u0119zyk wydania: polski<\/p>\n<p>Nowoczesny podr\u0119cznik dla student\u00f3w geografii, turystyki i rekreacji oraz gospodarki turystycznej na uniwersytetach i w innych szko\u0142ach wy\u017cszych, a zarazem cenny poradnik dla entuzjast\u00f3w turystyki jako formy sp\u0119dzania wolnego czasu. Podzielony na dwie cz\u0119\u015bci &#8211; w pierwszej przedstawiono teoretyczne zagadnienia geografii turystycznej: jej histori\u0119 i struktur\u0119 oraz nowe trendy w kierunkach ruchu turystycznego, nowe rozwi\u0105zania organizacyjne, a tak\u017ce nowe (lub znacz\u0105co ewoluuj\u0105ce stare) formy turystyki. Dokonano tu tak\u017ce regionalizacji turystycznej \u015bwiata. W cz\u0119\u015bci drugiej, po\u015bwi\u0119conej poszczeg\u00f3lnym regionom turystycznym \u015bwiata, om\u00f3wiono najwa\u017cniejsze (dominuj\u0105ce na danym obszarze) walory przyci\u0105gaj\u0105ce turyst\u00f3w. Istotnym elementem ksi\u0105\u017cki jest bogaty materia\u0142 ilustracyjny &#8211; liczne mapy i zdj\u0119cia z prezentowanych region\u00f3w.<\/p>\n","protected":false},"excerpt":{"rendered":"<p>Autor: Jerzy Makowski Maciej J\u0119drusik Florian Plit Wydawca: Wydawnictwa Uniwersytetu [&hellip;]<\/p>\n","protected":false},"featured_media":14455,"template":"","meta":[],"product_brand":[],"product_cat":[8127],"product_tag":[3660],"class_list":{"0":"post-14454","1":"product","2":"type-product","3":"status-publish","4":"has-post-thumbnail","6":"product_cat-geografia","7":"product_tag-geografia","9":"first","10":"instock","11":"sale","12":"shipping-taxable","13":"purchasable","14":"product-type-simple"},"_links":{"self":[{"href":"http:\/\/ksiegarnia-akademicka.pl\/index.php\/wp-json\/wp\/v2\/product\/14454","targetHints":{"allow":["GET"]}}],"collection":[{"href":"http:\/\/ksiegarnia-akademicka.pl\/index.php\/wp-json\/wp\/v2\/product"}],"about":[{"href":"http:\/\/ksiegarnia-akademicka.pl\/index.php\/wp-json\/wp\/v2\/types\/product"}],"wp:featuredmedia":[{"embeddable":true,"href":"http:\/\/ksiegarnia-akademicka.pl\/index.php\/wp-json\/wp\/v2\/media\/14455"}],"wp:attachment":[{"href":"http:\/\/ksiegarnia-akademicka.pl\/index.php\/wp-json\/wp\/v2\/media?parent=14454"}],"wp:term":[{"taxonomy":"product_brand","embeddable":true,"href":"http:\/\/ksiegarnia-akademicka.pl\/index.php\/wp-json\/wp\/v2\/product_brand?post=14454"},{"taxonomy":"product_cat","embeddable":true,"href":"http:\/\/ksiegarnia-akademicka.pl\/index.php\/wp-json\/wp\/v2\/product_cat?post=14454"},{"taxonomy":"product_tag","embeddable":true,"href":"http:\/\/ksiegarnia-akademicka.pl\/index.php\/wp-json\/wp\/v2\/product_tag?post=14454"}],"curies":[{"name":"wp","href":"https:\/\/api.w.org\/{rel}","templated":true}]}}