{"id":14436,"date":"2021-04-20T08:51:41","date_gmt":"2021-04-20T06:51:41","guid":{"rendered":"http:\/\/ksiegarnia-akademicka.pl\/?post_type=product&#038;p=14436"},"modified":"2021-04-20T08:51:42","modified_gmt":"2021-04-20T06:51:42","slug":"kapetyngowie-krolowie-francji-987-1328","status":"publish","type":"product","link":"http:\/\/ksiegarnia-akademicka.pl\/index.php\/product\/kapetyngowie-krolowie-francji-987-1328\/","title":{"rendered":"Kapetyngowie Kr\u00f3lowie Francji 987-1328"},"content":{"rendered":"<p>Autor:<br \/>\nJim Bradbury<br \/>\nT\u0142umacze: Marciniak Agnieszka<br \/>\nWydawca: Wydawnictwo Astra<br \/>\nOprawa: Mi\u0119kka ze skrzyde\u0142kami<br \/>\nFormat: 14.5&#215;20.5cm<br \/>\nLiczba stron: 572<br \/>\nWydanie: 2<br \/>\nRok wydania: 2021<br \/>\nJ\u0119zyk wydania: polski<\/p>\n<p>W 987 r., po \u015bmierci ostatniego w\u0142adcy z dynastii Karoling\u00f3w, francuscy lordowie wybrali na kr\u00f3la Hugona Kapeta. Zapocz\u0105tkowa\u0142 on dynasti\u0119, kt\u00f3ra rz\u0105dzi\u0142a Francj\u0105 do 1328 r. Podczas jej rz\u0105d\u00f3w post\u0119powa\u0142 proces scalania francuskich terytori\u00f3w i wzmacniania w\u0142adzy kr\u00f3lewskiej, kt\u00f3rego kulminacja nast\u0105pi\u0142a za rz\u0105d\u00f3w Filipa II Augusta oraz Ludwika IX \u015awi\u0119tego.<br \/>\nKapetyngowie umacniali si\u0119 nawet wtedy, gdy pozornie czynili dwa kroki w ty\u0142, g\u0142\u00f3wnie dzi\u0119ki fascynuj\u0105cym i silnym osobowo\u015bciom najwybitniejszych w\u0142adc\u00f3w epoki \u2013 Ludwikowi \u015awi\u0119temu czy Filipowi Augustowi. Bradbury prezentuje ich nie\u0142atwe relacje z feuda\u0142ami i Ko\u015bcio\u0142em w spos\u00f3b chronologiczny, regularnie przyk\u0142adaj\u0105c szk\u0142o powi\u0119kszaj\u0105ce do obszar\u00f3w pomijanych czasem przez innych badaczy. Opisuje r\u00f3wnie\u017c, jak reformy gospodarcze i administracyjne wp\u0142ywa\u0142y na przeci\u0119tnego mieszka\u0144ca Francji. Regularnie powraca te\u017c w rozwa\u017caniach do Pary\u017ca, kt\u00f3ry pr\u00f3cz centrum intelektualnego sta\u0142 si\u0119 tak\u017ce stolic\u0105 literatury, sztuki i kultury. Tamtejszy uniwersytet nie poradzi\u0142by sobie bez poparcia korony, kt\u00f3rej pomoc op\u0142aci\u0142a si\u0119 sowicie \u2013 z niejednego wzgl\u0119du.<\/p>\n","protected":false},"excerpt":{"rendered":"<p>Autor: Jim Bradbury T\u0142umacze: Marciniak Agnieszka Wydawca: Wydawnictwo Astra Oprawa: [&hellip;]<\/p>\n","protected":false},"featured_media":14437,"template":"","meta":[],"product_brand":[],"product_cat":[38],"product_tag":[6149],"class_list":{"0":"post-14436","1":"product","2":"type-product","3":"status-publish","4":"has-post-thumbnail","6":"product_cat-historia","7":"product_tag-historia-francji","9":"first","10":"instock","11":"sale","12":"shipping-taxable","13":"purchasable","14":"product-type-simple"},"_links":{"self":[{"href":"http:\/\/ksiegarnia-akademicka.pl\/index.php\/wp-json\/wp\/v2\/product\/14436","targetHints":{"allow":["GET"]}}],"collection":[{"href":"http:\/\/ksiegarnia-akademicka.pl\/index.php\/wp-json\/wp\/v2\/product"}],"about":[{"href":"http:\/\/ksiegarnia-akademicka.pl\/index.php\/wp-json\/wp\/v2\/types\/product"}],"wp:featuredmedia":[{"embeddable":true,"href":"http:\/\/ksiegarnia-akademicka.pl\/index.php\/wp-json\/wp\/v2\/media\/14437"}],"wp:attachment":[{"href":"http:\/\/ksiegarnia-akademicka.pl\/index.php\/wp-json\/wp\/v2\/media?parent=14436"}],"wp:term":[{"taxonomy":"product_brand","embeddable":true,"href":"http:\/\/ksiegarnia-akademicka.pl\/index.php\/wp-json\/wp\/v2\/product_brand?post=14436"},{"taxonomy":"product_cat","embeddable":true,"href":"http:\/\/ksiegarnia-akademicka.pl\/index.php\/wp-json\/wp\/v2\/product_cat?post=14436"},{"taxonomy":"product_tag","embeddable":true,"href":"http:\/\/ksiegarnia-akademicka.pl\/index.php\/wp-json\/wp\/v2\/product_tag?post=14436"}],"curies":[{"name":"wp","href":"https:\/\/api.w.org\/{rel}","templated":true}]}}