{"id":14423,"date":"2021-04-16T10:28:01","date_gmt":"2021-04-16T08:28:01","guid":{"rendered":"http:\/\/ksiegarnia-akademicka.pl\/?post_type=product&#038;p=14423"},"modified":"2024-12-05T08:49:30","modified_gmt":"2024-12-05T07:49:30","slug":"prawo-wlasnosci-przemyslowej-komentarz","status":"publish","type":"product","link":"http:\/\/ksiegarnia-akademicka.pl\/index.php\/product\/prawo-wlasnosci-przemyslowej-komentarz\/","title":{"rendered":"Prawo w\u0142asno\u015bci przemys\u0142owej Komentarz"},"content":{"rendered":"<p>Redakcja: Kondrat Mariusz<br \/>\nWydawca: Wolters Kluwer<br \/>\nOprawa: Twarda<br \/>\nFormat: 17.0&#215;24.0cm<br \/>\nLiczba stron: 1136<br \/>\nWydanie: 1<br \/>\nRok wydania: 2021<br \/>\nJ\u0119zyk wydania: polski<\/p>\n<p>W komentarzu autorzy przedstawili w spos\u00f3b przyst\u0119pny i praktyczny skomplikowane zagadnienia prawa znak\u00f3w towarowych, wynalazk\u00f3w, wzor\u00f3w przemys\u0142owych i u\u017cytkowych. Ksi\u0105\u017cka zosta\u0142a napisana z uwzgl\u0119dnieniem do\u015bwiadcze\u0144 zawodowych autor\u00f3w, od wielu lat specjalizuj\u0105cych si\u0119 w tej ga\u0142\u0119zi prawa.<\/p>\n<p>W publikacji szczeg\u00f3\u0142owo om\u00f3wiono m.in.:<br \/>\n\u2022 zakres praw wynikaj\u0105cych z patentu, prawa ochronnego na wz\u00f3r u\u017cytkowy i znak towarowy, prawa z rejestracji wzoru przemys\u0142owego, topografii uk\u0142ad\u00f3w scalonych oraz na oznaczenie geograficzne;<br \/>\n\u2022 post\u0119powanie przed Urz\u0119dem Patentowym \u2013 w tym terminy i sposoby dokonywania zg\u0142osze\u0144;<br \/>\n\u2022 dochodzenie roszcze\u0144 z zakresu naruszenia praw w\u0142asno\u015bci przemys\u0142owej;<br \/>\n\u2022 odpowiedzialno\u015b\u0107 karn\u0105 z tytu\u0142u naruszenia praw z wynalazku, znaku towarowego lub wzoru przemys\u0142owego.<\/p>\n<p>Ponadto autorzy wyczerpuj\u0105co skomentowali ostatni\u0105 du\u017c\u0105 nowelizacj\u0119 Prawa w\u0142asno\u015bci przemys\u0142owej, dotycz\u0105c\u0105 w szczeg\u00f3lno\u015bci:<br \/>\n\u2022 wprowadzenia instytucji ograniczenia patentu poprzez zmian\u0119 zastrze\u017ce\u0144 patentowych,<br \/>\n\u2022 uszczeg\u00f3\u0142owienia okre\u015blenia wynalazku,<br \/>\n\u2022 okre\u015blenia wymogu jednolito\u015bci zg\u0142oszenia wynalazku.<\/p>\n<p>Komentarz zainteresuje rzecznik\u00f3w patentowych oraz prawnik\u00f3w praktyk\u00f3w: adwokat\u00f3w, radc\u00f3w prawnych i s\u0119dzi\u00f3w.<\/p>\n","protected":false},"excerpt":{"rendered":"<p>Redakcja: Kondrat Mariusz Wydawca: Wolters Kluwer Oprawa: Twarda Format: 17.0&#215;24.0cm [&hellip;]<\/p>\n","protected":false},"featured_media":14424,"template":"","meta":[],"product_brand":[],"product_cat":[7491,18],"product_tag":[1016,5807,4625],"class_list":{"0":"post-14423","1":"product","2":"type-product","3":"status-publish","4":"has-post-thumbnail","6":"product_cat-cywilne","7":"product_cat-prawo","8":"product_tag-prawo-autorskie","9":"product_tag-prawo-patentowe","10":"product_tag-seria-komentarze","12":"first","13":"instock","14":"sale","15":"shipping-taxable","16":"purchasable","17":"product-type-simple"},"_links":{"self":[{"href":"http:\/\/ksiegarnia-akademicka.pl\/index.php\/wp-json\/wp\/v2\/product\/14423","targetHints":{"allow":["GET"]}}],"collection":[{"href":"http:\/\/ksiegarnia-akademicka.pl\/index.php\/wp-json\/wp\/v2\/product"}],"about":[{"href":"http:\/\/ksiegarnia-akademicka.pl\/index.php\/wp-json\/wp\/v2\/types\/product"}],"wp:featuredmedia":[{"embeddable":true,"href":"http:\/\/ksiegarnia-akademicka.pl\/index.php\/wp-json\/wp\/v2\/media\/14424"}],"wp:attachment":[{"href":"http:\/\/ksiegarnia-akademicka.pl\/index.php\/wp-json\/wp\/v2\/media?parent=14423"}],"wp:term":[{"taxonomy":"product_brand","embeddable":true,"href":"http:\/\/ksiegarnia-akademicka.pl\/index.php\/wp-json\/wp\/v2\/product_brand?post=14423"},{"taxonomy":"product_cat","embeddable":true,"href":"http:\/\/ksiegarnia-akademicka.pl\/index.php\/wp-json\/wp\/v2\/product_cat?post=14423"},{"taxonomy":"product_tag","embeddable":true,"href":"http:\/\/ksiegarnia-akademicka.pl\/index.php\/wp-json\/wp\/v2\/product_tag?post=14423"}],"curies":[{"name":"wp","href":"https:\/\/api.w.org\/{rel}","templated":true}]}}