{"id":14413,"date":"2021-04-16T10:08:52","date_gmt":"2021-04-16T08:08:52","guid":{"rendered":"http:\/\/ksiegarnia-akademicka.pl\/?post_type=product&#038;p=14413"},"modified":"2021-04-16T10:08:53","modified_gmt":"2021-04-16T08:08:53","slug":"nauka-o-uzaleznieniach-od-neurobiologii-do-skutecznych-metod-leczenia","status":"publish","type":"product","link":"http:\/\/ksiegarnia-akademicka.pl\/index.php\/product\/nauka-o-uzaleznieniach-od-neurobiologii-do-skutecznych-metod-leczenia\/","title":{"rendered":"Nauka o uzale\u017cnieniach Od neurobiologii do skutecznych metod leczenia"},"content":{"rendered":"<p>Autor:<br \/>\nCarlton K. Erickson<br \/>\nWydawca: Wydawnictwa Uniwersytetu Warszawskiego<br \/>\nOprawa: Mi\u0119kka<br \/>\nFormat: 17.0&#215;24.0cm<br \/>\nLiczba stron: 280<br \/>\nRok wydania: 2021<br \/>\nJ\u0119zyk wydania: polski<\/p>\n<p>Nauka o uzale\u017cnieniach jest lektur\u0105 dla wszystkich, kt\u00f3rych dotyka problem uzale\u017cnie\u0144 &#8211; samych chorych, ich bliskich oraz terapeut\u00f3w usi\u0142uj\u0105cym im pom\u00f3c. Mo\u017cna tu znale\u017a\u0107 wyja\u015bnienie biologicznych przyczyn powstawania tego typu zale\u017cno\u015bci nie tylko od rozmaitych zwi\u0105zk\u00f3w chemicznych, takich jak alkohol czy narkotyki, ale tak\u017ce od pewnego rodzaju post\u0119powania, przynosz\u0105cego cz\u0119sto r\u00f3wnie wiele zadowolenia na pocz\u0105tku, co nieszcz\u0119\u015bcia p\u00f3\u017aniej &#8211; czego przyk\u0142adem jest niepohamowane uprawianie hazardu, oddawanie si\u0119 grom komputerowym czy chorobliwa \u017car\u0142oczno\u015b\u0107.<br \/>\nAutor omawia zmiany w m\u00f3zgu os\u00f3b uzale\u017cnionych z perspektywy neurobiologii, opisuje decyduj\u0105ce o tym mechanizmy i zastanawia si\u0119 nad pod\u0142o\u017cem podatno\u015bci pewnej grupy os\u00f3b na t\u0119 chorob\u0119. Wskazuje zarazem metody, jakie wsp\u00f3\u0142czesna nauka o m\u00f3zgu i medycyna proponuj\u0105 w leczeniu takich os\u00f3b, daj\u0105c nadziej\u0119 na utrzymanie takich zachowa\u0144 pod kontrol\u0105, cho\u0107by nawet leczenie mia\u0142o trwa\u0107 ca\u0142e \u017cycie.<br \/>\nKsi\u0105\u017cka ta jest zatem doskona\u0142ym \u017ar\u00f3d\u0142em najnowszej wiedzy na ten temat tak\u017ce dla student\u00f3w medycyny, farmacji, psychologii i biologii, jak r\u00f3wnie\u017c pracownik\u00f3w s\u0142u\u017cby zdrowia oraz s\u0142u\u017cb socjalnych zajmuj\u0105cych si\u0119 opiek\u0105 nad osobami uzale\u017cnionymi. Napisana jasnym, przyst\u0119pnym j\u0119zykiem i uzupe\u0142niona o proste, przejrzyste ilustracje daje szans\u0119 na znalezienie odpowiedzi na szczeg\u00f3lnie trudne w takich sytuacjach pytania: &#8222;Dlaczego?&#8221; i &#8222;Co mo\u017cna z tym zrobi\u0107?&#8221;<\/p>\n","protected":false},"excerpt":{"rendered":"<p>Autor: Carlton K. Erickson Wydawca: Wydawnictwa Uniwersytetu Warszawskiego Oprawa: Mi\u0119kka [&hellip;]<\/p>\n","protected":false},"featured_media":14414,"template":"","meta":[],"product_brand":[],"product_cat":[27,7509],"product_tag":[6070,1186,6701,1742],"class_list":{"0":"post-14413","1":"product","2":"type-product","3":"status-publish","4":"has-post-thumbnail","6":"product_cat-nauki-spoleczne","7":"product_cat-psychologia","8":"product_tag-neurologia","9":"product_tag-psychologia","10":"product_tag-terapie","11":"product_tag-uzaleznienia","13":"first","14":"instock","15":"shipping-taxable","16":"purchasable","17":"product-type-simple"},"_links":{"self":[{"href":"http:\/\/ksiegarnia-akademicka.pl\/index.php\/wp-json\/wp\/v2\/product\/14413","targetHints":{"allow":["GET"]}}],"collection":[{"href":"http:\/\/ksiegarnia-akademicka.pl\/index.php\/wp-json\/wp\/v2\/product"}],"about":[{"href":"http:\/\/ksiegarnia-akademicka.pl\/index.php\/wp-json\/wp\/v2\/types\/product"}],"wp:featuredmedia":[{"embeddable":true,"href":"http:\/\/ksiegarnia-akademicka.pl\/index.php\/wp-json\/wp\/v2\/media\/14414"}],"wp:attachment":[{"href":"http:\/\/ksiegarnia-akademicka.pl\/index.php\/wp-json\/wp\/v2\/media?parent=14413"}],"wp:term":[{"taxonomy":"product_brand","embeddable":true,"href":"http:\/\/ksiegarnia-akademicka.pl\/index.php\/wp-json\/wp\/v2\/product_brand?post=14413"},{"taxonomy":"product_cat","embeddable":true,"href":"http:\/\/ksiegarnia-akademicka.pl\/index.php\/wp-json\/wp\/v2\/product_cat?post=14413"},{"taxonomy":"product_tag","embeddable":true,"href":"http:\/\/ksiegarnia-akademicka.pl\/index.php\/wp-json\/wp\/v2\/product_tag?post=14413"}],"curies":[{"name":"wp","href":"https:\/\/api.w.org\/{rel}","templated":true}]}}