{"id":14411,"date":"2021-04-16T10:06:27","date_gmt":"2021-04-16T08:06:27","guid":{"rendered":"http:\/\/ksiegarnia-akademicka.pl\/?post_type=product&#038;p=14411"},"modified":"2021-04-16T10:06:29","modified_gmt":"2021-04-16T08:06:29","slug":"japonia-chiny-i-korea-o-ludziach-skloconych-na-smierc-i-zycie","status":"publish","type":"product","link":"http:\/\/ksiegarnia-akademicka.pl\/index.php\/product\/japonia-chiny-i-korea-o-ludziach-skloconych-na-smierc-i-zycie\/","title":{"rendered":"Japonia Chiny i Korea O ludziach sk\u0142\u00f3conych na \u015bmier\u0107 i \u017cycie"},"content":{"rendered":"<p>Autor:<br \/>\nMichael Booth<br \/>\nT\u0142umacze: Gutowska-Nowak Barbara<br \/>\nWydawca: Bo.wiem<br \/>\nOprawa: Mi\u0119kka ze skrzyde\u0142kami<br \/>\nFormat: 13.5&#215;20.5cm<br \/>\nLiczba stron: 432<br \/>\nRok wydania: 2021<br \/>\nJ\u0119zyk wydania: polski<\/p>\n<p>Kolejna ksi\u0105\u017cka autora bestsellera Skandynawski raj<br \/>\nJapo\u0144czycy, Korea\u0144czycy i Chi\u0144czycy nie tylko ze sob\u0105 s\u0105siaduj\u0105, ale te\u017c nale\u017c\u0105 do jednej wielkiej konfucja\u0144skiej rodziny. W sferze kulturowej \u0142\u0105czy ich bardzo wiele, a przyjazne stosunki mog\u0105 im przynie\u015b\u0107 mn\u00f3stwo korzy\u015bci. Dlaczego wiec pa\u0142aj\u0105 do siebie tak\u0105 nienawi\u015bci\u0105?<br \/>\nMichael Booth, dziennikarz i autor wielu bestseller\u00f3w, rusza w podr\u00f3\u017c po Azji Wschodniej, by zbada\u0107 przyczyny wzajemnej wrogo\u015bci trzech azjatyckich tygrys\u00f3w. Okazuje si\u0119, \u017ce wszystko mo\u017ce by\u0107 \u017ar\u00f3d\u0142em konfliktu: przynale\u017cno\u015b\u0107 terytorialna wysp, wojenna historia, kontrowersyjne pomniki, eskalacja zbroje\u0144, a nawet\u2026 z\u0142a dekoracja deseru.<br \/>\nJaponia, Chiny i Korea\u2026 to barwna, sugestywna i niezwykle zabawna ksi\u0105\u017cka, b\u0119d\u0105ca po\u0142\u0105czeniem relacji z podr\u00f3\u017cy z zarysem historii i polityki tamtego regionu. \u201eDwa tygrysy nie mog\u0105 mieszka\u0107 na tej samej g\u00f3rze\u201d \u2013 m\u00f3wi wschodnie przys\u0142owie. I okazuje si\u0119, \u017ce jest w nim sporo prawdy.<\/p>\n<p>\u201ePolityka historyczna jest w Azji Wschodniej najsilniejsz\u0105 broni\u0105 masowego ra\u017cenia. Nie trzeba nowoczesnych rakiet, \u017ceby trzyma\u0107 si\u0119 w szachu. Nienawi\u015b\u0107 do s\u0105siad\u00f3w mo\u017cna w\u0142\u0105cza\u0107 i wy\u0142\u0105cza\u0107, je\u017celi rz\u0105dy tego potrzebuj\u0105. Booth rzuca \u015bwiat\u0142o na ten skomplikowany, zerojedynkowy \u015bwiat\u201d.<br \/>\nRafa\u0142 Toma\u0144ski, autor kana\u0142u \u201e\u015arodek od \u015brodka\u201d (TikTok\/YouTube\/podcast), by\u0142y korespondent Polskiej Agencji Prasowej w Pekinie<\/p>\n<p>Michael Booth uhonorowany wieloma nagrodami autor siedmiu bestsellerowych ksi\u0105\u017cek z gatunku literatury faktu, a tak\u017ce dziennikarz prasowy i radiowy. W Polsce ukaza\u0142o si\u0119 kilka jego ksi\u0105\u017cek, w tym Skandynawski raj. O ludziach prawie idealnych. Booth regularnie publikuje w \u201eThe Guardian\u201d, \u201eThe Independent\u201d, \u201eThe Times\u201d, \u201eThe Telegraph\u201d, w magazynie podr\u00f3\u017cniczym \u201eCond\u00e9 Nast Traveller\u201d i innych czasopismach o zasi\u0119gu globalnym. Jest korespondentem magazynu \u201eMonocle\u201d oraz radia Monocle 24, cz\u0119sto podr\u00f3\u017cuje te\u017c po krajach nordyckich z cyklami pogadanek i wyk\u0142ad\u00f3w. Jako dziennikarz zajmuje si\u0119 tematyk\u0105 kraj\u00f3w skandynawskich i Azji Wschodniej oraz pisze teksty o gotowaniu i podr\u00f3\u017cach.<\/p>\n","protected":false},"excerpt":{"rendered":"<p>Autor: Michael Booth T\u0142umacze: Gutowska-Nowak Barbara Wydawca: Bo.wiem Oprawa: Mi\u0119kka [&hellip;]<\/p>\n","protected":false},"featured_media":14412,"template":"","meta":[],"product_brand":[],"product_cat":[27,7507,7508],"product_tag":[74,246,1095],"class_list":{"0":"post-14411","1":"product","2":"type-product","3":"status-publish","4":"has-post-thumbnail","6":"product_cat-nauki-spoleczne","7":"product_cat-politologia","8":"product_cat-socjologia","9":"product_tag-politologia","10":"product_tag-socjologia","11":"product_tag-spoleczenstwo","13":"first","14":"instock","15":"sale","16":"shipping-taxable","17":"purchasable","18":"product-type-simple"},"_links":{"self":[{"href":"http:\/\/ksiegarnia-akademicka.pl\/index.php\/wp-json\/wp\/v2\/product\/14411","targetHints":{"allow":["GET"]}}],"collection":[{"href":"http:\/\/ksiegarnia-akademicka.pl\/index.php\/wp-json\/wp\/v2\/product"}],"about":[{"href":"http:\/\/ksiegarnia-akademicka.pl\/index.php\/wp-json\/wp\/v2\/types\/product"}],"wp:featuredmedia":[{"embeddable":true,"href":"http:\/\/ksiegarnia-akademicka.pl\/index.php\/wp-json\/wp\/v2\/media\/14412"}],"wp:attachment":[{"href":"http:\/\/ksiegarnia-akademicka.pl\/index.php\/wp-json\/wp\/v2\/media?parent=14411"}],"wp:term":[{"taxonomy":"product_brand","embeddable":true,"href":"http:\/\/ksiegarnia-akademicka.pl\/index.php\/wp-json\/wp\/v2\/product_brand?post=14411"},{"taxonomy":"product_cat","embeddable":true,"href":"http:\/\/ksiegarnia-akademicka.pl\/index.php\/wp-json\/wp\/v2\/product_cat?post=14411"},{"taxonomy":"product_tag","embeddable":true,"href":"http:\/\/ksiegarnia-akademicka.pl\/index.php\/wp-json\/wp\/v2\/product_tag?post=14411"}],"curies":[{"name":"wp","href":"https:\/\/api.w.org\/{rel}","templated":true}]}}